{"id":131,"date":"2018-11-02T10:41:38","date_gmt":"2018-11-02T10:41:38","guid":{"rendered":"http:\/\/listeo.wpengine.com\/?page_id=30"},"modified":"2018-11-02T10:41:38","modified_gmt":"2018-11-02T10:41:38","slug":"grid-with-sidebar-2","status":"publish","type":"page","link":"https:\/\/monannuaire-conciergerie.fr\/en\/grid-with-sidebar-2\/","title":{"rendered":"Grid With Sidebar 2"},"content":{"rendered":"<div class=\"row margin-bottom-25\">\r\n\r\n\t\t\t\t\t\t\t<\/div>\r\n\t\t<!-- Listings -->\r\n\r\n<div id=\"listeo-listings-container\" \r\ndata-counter=\"179\" \r\ndata-style=\"compact\"  \r\ndata-custom_class=\"\" \r\ndata-per_page=\"6\" \r\ndata-grid_columns=\"2\" \r\n data-region=\"\"  data-category=\"\"  data-feature=\"\"  data-service_category=\"\"  data-rental_category=\"\"  data-event_category=\"\"  data-classifieds_category=\"\" class=\"compact-layout row row  ajax-search\">\r\n\t<div class=\"loader-ajax-container\" > <div class=\"loader-ajax\"><\/div> <\/div><!-- Listing Item -->\r\n            <div class=\"col-lg-6 col-md-12\">\r\n                <a href=\"https:\/\/monannuaire-conciergerie.fr\/en\/referencement\/rose-marion-conciergerie\/\"  class=\"listing-item-container listing-geo-data compact\" \r\n\t\tdata-title=\"Rose Marion Conciergerie\"\r\n\t\tdata-listing-type=\"service\"\r\n\t\tdata-classifieds-price=\"\u20ac\"\r\n\t\tdata-friendly-address=\"SENS \/ NOGNET-SUR-SEINE \/ MONTEREAU-FAULT-YONNE\"\r\n\t\tdata-address=\"SENS \/ NOGNET-SUR-SEINE \/ MONTEREAU-FAULT-YONNE\"\r\n\t\tdata-image=\"https:\/\/monannuaire-conciergerie.fr\/wp-content\/uploads\/2025\/03\/chemise-rose-520x397.jpg\"\r\n\t\tdata-longitude=\"3.29518\"\r\n\t\tdata-latitude=\"48.21215\"\r\n\t\t\t\t\tdata-rating=\"0\"\r\n\t\t\tdata-reviews=\"0\"\r\n\t\t\t\tdata-icon=\"<svg xmlns=&quot;http:\/\/www.w3.org\/2000\/svg&quot; width=&quot;512&quot; height=&quot;512&quot; viewBox=&quot;0 0 24 24&quot; fill=&quot;#000000&quot;><path fill=&quot;#000000&quot; fill-rule=&quot;evenodd&quot; d=&quot;M3.464 3.464C2 4.93 2 7.286 2 12c0 4.714 0 7.071 1.464 8.535C4.93 22 7.286 22 12 22c4.714 0 7.071 0 8.535-1.465C22 19.072 22 16.714 22 12s0-7.071-1.465-8.536C19.072 2 16.714 2 12 2S4.929 2 3.464 3.464Zm7.08 4.053a.75.75 0 1 0-1.087-1.034l-2.314 2.43l-.6-.63a.75.75 0 1 0-1.086 1.034l1.143 1.2a.75.75 0 0 0 1.086 0l2.857-3ZM13 8.25a.75.75 0 0 0 0 1.5h5a.75.75 0 0 0 0-1.5h-5Zm-2.457 6.267a.75.75 0 1 0-1.086-1.034l-2.314 2.43l-.6-.63a.75.75 0 1 0-1.086 1.034l1.143 1.2a.75.75 0 0 0 1.086 0l2.857-3ZM13 15.25a.75.75 0 0 0 0 1.5h5a.75.75 0 0 0 0-1.5h-5Z&quot; clip-rule=&quot;evenodd&quot;\/><\/svg>\"\r\n\r\n\t>\r\n            <div class=\"listing-item\">\r\n                <div class=\"listing-small-badges-container\">\r\n                                                                                \r\n                                        \r\n                                        \r\n                <\/div>\r\n                <img decoding=\"async\" src=\"https:\/\/monannuaire-conciergerie.fr\/wp-content\/uploads\/2025\/03\/chemise-rose-520x397.jpg\" alt=\"Rose Marion Conciergerie\" class=\"listing-thumbnail\">\r\n                \r\n\r\n                <div class=\"listing-item-content\">\r\n                    \r\n                    <h3> Rose Marion Concierge <i class=\"verified-icon\"><\/i><\/h3>\r\n                    <span>SENSE \/ NOGNET-SUR-SEINE \/ MONTEREAU-FAULT-YONNE<\/span>\r\n                <\/div>\r\n                                        <span class=\"save like-icon tooltip left\" title=\"Login To Bookmark Items\"><\/span>\r\n                                                <\/div>\r\n        <\/a>\r\n                    <\/div>\r\n        \r\n\r\n        <!-- Listing Item \/ End --><!-- Listing Item -->\r\n            <div class=\"col-lg-6 col-md-12\">\r\n                <a href=\"https:\/\/monannuaire-conciergerie.fr\/en\/referencement\/loka-conciergerie\/\"  class=\"listing-item-container listing-geo-data compact\" >\r\n            <div class=\"listing-item\">\r\n                <div class=\"listing-small-badges-container\">\r\n                                                                                \r\n                                        \r\n                                        \r\n                <\/div>\r\n                <img decoding=\"async\" src=\"https:\/\/monannuaire-conciergerie.fr\/wp-content\/uploads\/2024\/12\/377235580_907581947598843_6454971291130842264_n-520x397.jpg\" alt=\"loka conciergerie\" class=\"listing-thumbnail\">\r\n                                            <div class=\"listing-badge now-closed\">Now Closed<\/div>\r\n                                        \r\n\r\n                <div class=\"listing-item-content\">\r\n                    \r\n                    <h3> loka concierge <i class=\"verified-icon\"><\/i><\/h3>\r\n                    <span>Angers<\/span>\r\n                <\/div>\r\n                                        <span class=\"save like-icon tooltip left\" title=\"Login To Bookmark Items\"><\/span>\r\n                                                <\/div>\r\n        <\/a>\r\n                    <\/div>\r\n        \r\n\r\n        <!-- Listing Item \/ End --><!-- Listing Item -->\r\n            <div class=\"col-lg-6 col-md-12\">\r\n                <a href=\"https:\/\/monannuaire-conciergerie.fr\/en\/referencement\/conciergerie-coup-de-coeur\/\"  class=\"listing-item-container listing-geo-data compact\" \r\n\t\tdata-title=\"Conciergerie Coup de Coeur\"\r\n\t\tdata-listing-type=\"service\"\r\n\t\tdata-classifieds-price=\"\u20ac\"\r\n\t\tdata-friendly-address=\"Dunkerque\"\r\n\t\tdata-address=\"Dunkerque\"\r\n\t\tdata-image=\"https:\/\/monannuaire-conciergerie.fr\/wp-content\/uploads\/2025\/05\/Conciergerie-Coup-de-Coeur-Logo-D3-520x397.png\"\r\n\t\tdata-longitude=\"2.3852763\"\r\n\t\tdata-latitude=\"51.0478684\"\r\n\t\t\t\t\tdata-rating=\"0\"\r\n\t\t\tdata-reviews=\"0\"\r\n\t\t\t\tdata-icon=\"<svg xmlns=&quot;http:\/\/www.w3.org\/2000\/svg&quot; width=&quot;512&quot; height=&quot;512&quot; viewBox=&quot;0 0 24 24&quot; fill=&quot;#000000&quot;><path fill=&quot;#000000&quot; d=&quot;M21 15c0-4.625-3.507-8.441-8-8.941V4h-2v2.059c-4.493.5-8 4.316-8 8.941v2h18v-2zM2 18h20v2H2z&quot;\/><\/svg>\"\r\n\r\n\t>\r\n            <div class=\"listing-item\">\r\n                <div class=\"listing-small-badges-container\">\r\n                                                                                \r\n                                        \r\n                                        \r\n                <\/div>\r\n                <img decoding=\"async\" src=\"https:\/\/monannuaire-conciergerie.fr\/wp-content\/uploads\/2025\/05\/Conciergerie-Coup-de-Coeur-Logo-D3-520x397.png\" alt=\"Conciergerie Coup de Coeur\" class=\"listing-thumbnail\">\r\n                \r\n\r\n                <div class=\"listing-item-content\">\r\n                    \r\n                    <h3> Favorite Concierge Service <i class=\"verified-icon\"><\/i><\/h3>\r\n                    <span>Dunkirk<\/span>\r\n                <\/div>\r\n                                        <span class=\"save like-icon tooltip left\" title=\"Login To Bookmark Items\"><\/span>\r\n                                                <\/div>\r\n        <\/a>\r\n                    <\/div>\r\n        \r\n\r\n        <!-- Listing Item \/ End --><!-- Listing Item -->\r\n            <div class=\"col-lg-6 col-md-12\">\r\n                <a href=\"https:\/\/monannuaire-conciergerie.fr\/en\/referencement\/conciergerie-les-filles-du-coin-2\/\"  class=\"listing-item-container listing-geo-data compact\" \r\n\t\tdata-title=\"Conciergerie Les Filles du coin\"\r\n\t\tdata-listing-type=\"service\"\r\n\t\tdata-classifieds-price=\"\u20ac\"\r\n\t\tdata-friendly-address=\"Nice\"\r\n\t\tdata-address=\"Nice\"\r\n\t\tdata-image=\"https:\/\/monannuaire-conciergerie.fr\/wp-content\/uploads\/2025\/05\/Capture-decran-2025-02-01-173726-520x397.png\"\r\n\t\tdata-longitude=\"7.235587\"\r\n\t\tdata-latitude=\"43.72469\"\r\n\t\t\t\t\tdata-rating=\"0\"\r\n\t\t\tdata-reviews=\"0\"\r\n\t\t\t\tdata-icon=\"<svg xmlns=&quot;http:\/\/www.w3.org\/2000\/svg&quot; width=&quot;512&quot; height=&quot;512&quot; viewBox=&quot;0 0 24 24&quot; fill=&quot;#000000&quot;><path fill=&quot;#000000&quot; d=&quot;M21 15c0-4.625-3.507-8.441-8-8.941V4h-2v2.059c-4.493.5-8 4.316-8 8.941v2h18v-2zM2 18h20v2H2z&quot;\/><\/svg>\"\r\n\r\n\t>\r\n            <div class=\"listing-item\">\r\n                <div class=\"listing-small-badges-container\">\r\n                                                                                \r\n                                        \r\n                                        \r\n                <\/div>\r\n                <img decoding=\"async\" src=\"https:\/\/monannuaire-conciergerie.fr\/wp-content\/uploads\/2025\/05\/Capture-decran-2025-02-01-173726-520x397.png\" alt=\"Conciergerie Les Filles du coin\" class=\"listing-thumbnail\">\r\n                \r\n\r\n                <div class=\"listing-item-content\">\r\n                    \r\n                    <h3> The Local Girls Concierge Service <\/h3>\r\n                    <span>Nice<\/span>\r\n                <\/div>\r\n                                        <span class=\"save like-icon tooltip left\" title=\"Login To Bookmark Items\"><\/span>\r\n                                                <\/div>\r\n        <\/a>\r\n                    <\/div>\r\n        \r\n\r\n        <!-- Listing Item \/ End --><!-- Listing Item -->\r\n            <div class=\"col-lg-6 col-md-12\">\r\n                <a href=\"https:\/\/monannuaire-conciergerie.fr\/en\/referencement\/homeponopono\/\"  class=\"listing-item-container listing-geo-data compact\" \r\n\t\tdata-title=\"Home\u2019ponopono\"\r\n\t\tdata-listing-type=\"service\"\r\n\t\tdata-classifieds-price=\"\u20ac\"\r\n\t\tdata-friendly-address=\"Nantes\"\r\n\t\tdata-address=\"Nantes\"\r\n\t\tdata-image=\"https:\/\/monannuaire-conciergerie.fr\/wp-content\/uploads\/2024\/12\/gestion-complete-conciergerie-nantes-3-520x397.png\"\r\n\t\tdata-longitude=\"-1.518321\"\r\n\t\tdata-latitude=\"47.2041184\"\r\n\t\t\t\t\tdata-rating=\"0\"\r\n\t\t\tdata-reviews=\"0\"\r\n\t\t\t\tdata-icon=\"<svg xmlns=&quot;http:\/\/www.w3.org\/2000\/svg&quot; xmlns:xlink=&quot;http:\/\/www.w3.org\/1999\/xlink&quot; version=&quot;1.1&quot; id=&quot;Layer_1_1_&quot; x=&quot;0px&quot; y=&quot;0px&quot; viewBox=&quot;0 0 16 16&quot; style=&quot;enable-background:new 0 0 16 16;&quot; xml:space=&quot;preserve&quot;><path d=&quot;M0,11.864c0,2.209,1.791,4,4,4c2.209,0,4-1.791,4-4c0-0.554-0.113-1.082-0.317-1.562l8.181-8.181L13.743,0l-2.2,2.2 L9.439,0.096L8.732,0.803l2.104,2.104L10.043,3.7L7.939,1.596L7.232,2.303l2.104,2.104L5.562,8.181C5.082,7.977,4.554,7.864,4,7.864 C1.791,7.864,0,9.655,0,11.864z M3,11.864c0.552,0,1,0.448,1,1s-0.448,1-1,1c-0.552,0-1-0.448-1-1S2.448,11.864,3,11.864z&quot;\/><\/svg>\"\r\n\r\n\t>\r\n            <div class=\"listing-item\">\r\n                <div class=\"listing-small-badges-container\">\r\n                                                                                \r\n                                        \r\n                                        \r\n                <\/div>\r\n                <img decoding=\"async\" src=\"https:\/\/monannuaire-conciergerie.fr\/wp-content\/uploads\/2024\/12\/gestion-complete-conciergerie-nantes-3-520x397.png\" alt=\"Home\u2019ponopono\" class=\"listing-thumbnail\">\r\n                \r\n\r\n                <div class=\"listing-item-content\">\r\n                    \r\n                    <h3> Home\u2019ponopono <i class=\"verified-icon\"><\/i><\/h3>\r\n                    <span>Nantes<\/span>\r\n                <\/div>\r\n                                        <span class=\"save like-icon tooltip left\" title=\"Login To Bookmark Items\"><\/span>\r\n                                                <\/div>\r\n        <\/a>\r\n                    <\/div>\r\n        \r\n\r\n        <!-- Listing Item \/ End --><!-- Listing Item -->\r\n            <div class=\"col-lg-6 col-md-12\">\r\n                <a href=\"https:\/\/monannuaire-conciergerie.fr\/en\/referencement\/berency-conciergerie-2\/\"  class=\"listing-item-container listing-geo-data compact\" \r\n\t\tdata-title=\"B\u00e9rency Conciergerie\"\r\n\t\tdata-listing-type=\"service\"\r\n\t\tdata-classifieds-price=\"\u20ac\"\r\n\t\tdata-friendly-address=\"Montpellier et alentours proches\"\r\n\t\tdata-address=\"Montpellier et alentours proches\"\r\n\t\tdata-image=\"https:\/\/monannuaire-conciergerie.fr\/wp-content\/uploads\/2025\/02\/Capture-decran-2025-02-01-a-23.15.31-1-520x397.png\"\r\n\t\tdata-longitude=\"3.8836859\"\r\n\t\tdata-latitude=\"43.6325454\"\r\n\t\t\t\t\tdata-rating=\"0\"\r\n\t\t\tdata-reviews=\"0\"\r\n\t\t\t\tdata-icon=\"<svg xmlns=&quot;http:\/\/www.w3.org\/2000\/svg&quot; width=&quot;512&quot; height=&quot;512&quot; viewBox=&quot;0 0 24 24&quot; fill=&quot;#000000&quot;><path fill=&quot;#000000&quot; fill-rule=&quot;evenodd&quot; d=&quot;M3.464 3.464C2 4.93 2 7.286 2 12c0 4.714 0 7.071 1.464 8.535C4.93 22 7.286 22 12 22c4.714 0 7.071 0 8.535-1.465C22 19.072 22 16.714 22 12s0-7.071-1.465-8.536C19.072 2 16.714 2 12 2S4.929 2 3.464 3.464Zm7.08 4.053a.75.75 0 1 0-1.087-1.034l-2.314 2.43l-.6-.63a.75.75 0 1 0-1.086 1.034l1.143 1.2a.75.75 0 0 0 1.086 0l2.857-3ZM13 8.25a.75.75 0 0 0 0 1.5h5a.75.75 0 0 0 0-1.5h-5Zm-2.457 6.267a.75.75 0 1 0-1.086-1.034l-2.314 2.43l-.6-.63a.75.75 0 1 0-1.086 1.034l1.143 1.2a.75.75 0 0 0 1.086 0l2.857-3ZM13 15.25a.75.75 0 0 0 0 1.5h5a.75.75 0 0 0 0-1.5h-5Z&quot; clip-rule=&quot;evenodd&quot;\/><\/svg>\"\r\n\r\n\t>\r\n            <div class=\"listing-item\">\r\n                <div class=\"listing-small-badges-container\">\r\n                                                                                \r\n                                        \r\n                                        \r\n                <\/div>\r\n                <img decoding=\"async\" src=\"https:\/\/monannuaire-conciergerie.fr\/wp-content\/uploads\/2025\/02\/Capture-decran-2025-02-01-a-23.15.31-1-520x397.png\" alt=\"B\u00e9rency Conciergerie\" class=\"listing-thumbnail\">\r\n                \r\n\r\n                <div class=\"listing-item-content\">\r\n                    \r\n                    <h3> Berency Concierge Service <i class=\"verified-icon\"><\/i><\/h3>\r\n                    <span>Montpellier and nearby surrounding areas<\/span>\r\n                <\/div>\r\n                                        <span class=\"save like-icon tooltip left\" title=\"Login To Bookmark Items\"><\/span>\r\n                                                <\/div>\r\n        <\/a>\r\n                    <\/div>\r\n        \r\n\r\n        <!-- Listing Item \/ End -->\t\t\t<\/div>\r\n\t\t\t\t\t\t\t<div class=\"pagination-container margin-top-20 margin-bottom-20 ajax-search\">\r\n\t\t\t\t\t<nav class=\"pagination margin-top-30\"><ul class=\"pagination\"><li class=\"current\" data-paged=\"1\"><a href=\"#\">1 <\/a><\/li><li data-paged=\"2\"><a href=\"#\">2<\/a><\/li><li data-paged=\"3\"><a href=\"#\">3<\/a><\/li><li data-paged=\"next\"><a  href=\"#\"><i class=\"sl sl-icon-arrow-right\"><\/i><\/a><\/li><\/ul><\/nav>\t\t\t\t<\/div>","protected":false},"excerpt":{"rendered":"","protected":false},"author":2,"featured_media":0,"parent":0,"menu_order":0,"comment_status":"closed","ping_status":"closed","template":"","meta":{"inline_featured_image":false,"slim_seo":{"title":"B\u00e9rency Conciergerie - Mon annuaire conciergerie","description":"Vous \u00eates propri\u00e9taire \u00e0 Montpellier, ou aux alentours proches, d'un bien destin\u00e9 \u00e0 la location de courte dur\u00e9e ? Vous souhaitez louer votre logement en courte"},"footnotes":""},"class_list":["post-131","page","type-page","status-publish","hentry"],"jetpack_sharing_enabled":true,"_links":{"self":[{"href":"https:\/\/monannuaire-conciergerie.fr\/en\/wp-json\/wp\/v2\/pages\/131","targetHints":{"allow":["GET"]}}],"collection":[{"href":"https:\/\/monannuaire-conciergerie.fr\/en\/wp-json\/wp\/v2\/pages"}],"about":[{"href":"https:\/\/monannuaire-conciergerie.fr\/en\/wp-json\/wp\/v2\/types\/page"}],"author":[{"embeddable":true,"href":"https:\/\/monannuaire-conciergerie.fr\/en\/wp-json\/wp\/v2\/users\/2"}],"replies":[{"embeddable":true,"href":"https:\/\/monannuaire-conciergerie.fr\/en\/wp-json\/wp\/v2\/comments?post=131"}],"version-history":[{"count":0,"href":"https:\/\/monannuaire-conciergerie.fr\/en\/wp-json\/wp\/v2\/pages\/131\/revisions"}],"wp:attachment":[{"href":"https:\/\/monannuaire-conciergerie.fr\/en\/wp-json\/wp\/v2\/media?parent=131"}],"curies":[{"name":"wp","href":"https:\/\/api.w.org\/{rel}","templated":true}]}}