{"id":2483,"date":"2024-11-22T17:55:51","date_gmt":"2024-11-22T16:55:51","guid":{"rendered":"https:\/\/monannuaire-conciergerie.fr\/product\/libertoit-conciergerie\/"},"modified":"2025-04-23T21:13:28","modified_gmt":"2025-04-23T19:13:28","slug":"libertoit-conciergerie","status":"publish","type":"product","link":"https:\/\/monannuaire-conciergerie.fr\/en\/product\/libertoit-conciergerie\/","title":{"rendered":"Liber&#039;Toit Concierge Service"},"content":{"rendered":"<p>Are you an INVESTOR or OWNER of a property for SHORT-TERM RENTAL?<\/p>\n<p>Does managing all the associated housekeeping take up all your TIME?<\/p>\n<p>Would you like to EARN rental income without worrying about anything?<\/p>\n<p>Welcome to LIBER&#039;TOIT CONCIERGERIE, the world of peace of mind.<\/p>\n<p>LIBER&#039;TOIT CONCIERGERIE specializes in short-term rental management, designed to provide you with a hassle-free experience and maximize the potential of your property.<\/p>\n<p>Entrust your home to us, we will pamper it and give you back one of the most precious things in our eyes: TIME and PEACE OF MIND...<\/p>","protected":false},"excerpt":{"rendered":"<p>Vous \u00eates INVESTISSEUR ou PROPRIETAIRE \u00a0d&#8217;un bien en LOCATION COURTE DUREE ? G\u00e9rer toute l&#8217;intendance qui en d\u00e9coule vous prend tout votre TEMPS ? Vous aimeriez GAGNER des revenus locatifs sans vous soucier de rien ? Bienvenue chez \u00a0LIBER&#8217;TOIT CONCIERGERIE, le monde de la tranquillit\u00e9 d&#8217;esprit. LIBER&#8217;TOIT CONCIERGERIE est sp\u00e9cialis\u00e9e dans l&#8217;intendance des locations courte dur\u00e9e, con\u00e7ue pour vous offrir une exp\u00e9rience sans tracas et maximiser le potentiel de votre bien. Confiez-nous votre logement, nous allons le chouchouter et vous rendre une des choses les plus pr\u00e9cieuses \u00e0 nos yeux :\u00a0le TEMPS et la TRANQUILLITE D&#8217;ESPRIT&#8230;<\/p>","protected":false},"featured_media":0,"comment_status":"open","ping_status":"closed","template":"","meta":{"inline_featured_image":false,"slim_seo":{"title":"Liber'Toit Conciergerie - Mon annuaire conciergerie","description":"Vous \u00eates INVESTISSEUR ou PROPRIETAIRE \u00a0d'un bien en LOCATION COURTE DUREE ? G\u00e9rer toute l'intendance qui en d\u00e9coule vous prend tout votre TEMPS ? Vous aimeriez"}},"product_brand":[],"product_cat":[21],"product_tag":[],"class_list":{"0":"post-2483","1":"product","2":"type-product","3":"status-publish","5":"product_cat-listeo-booking","7":"first","8":"instock","9":"virtual","10":"sold-individually","11":"purchasable","12":"product-type-listing_booking"},"jetpack_sharing_enabled":true,"_links":{"self":[{"href":"https:\/\/monannuaire-conciergerie.fr\/en\/wp-json\/wp\/v2\/product\/2483","targetHints":{"allow":["GET"]}}],"collection":[{"href":"https:\/\/monannuaire-conciergerie.fr\/en\/wp-json\/wp\/v2\/product"}],"about":[{"href":"https:\/\/monannuaire-conciergerie.fr\/en\/wp-json\/wp\/v2\/types\/product"}],"replies":[{"embeddable":true,"href":"https:\/\/monannuaire-conciergerie.fr\/en\/wp-json\/wp\/v2\/comments?post=2483"}],"version-history":[{"count":1,"href":"https:\/\/monannuaire-conciergerie.fr\/en\/wp-json\/wp\/v2\/product\/2483\/revisions"}],"predecessor-version":[{"id":2488,"href":"https:\/\/monannuaire-conciergerie.fr\/en\/wp-json\/wp\/v2\/product\/2483\/revisions\/2488"}],"wp:attachment":[{"href":"https:\/\/monannuaire-conciergerie.fr\/en\/wp-json\/wp\/v2\/media?parent=2483"}],"wp:term":[{"taxonomy":"product_brand","embeddable":true,"href":"https:\/\/monannuaire-conciergerie.fr\/en\/wp-json\/wp\/v2\/product_brand?post=2483"},{"taxonomy":"product_cat","embeddable":true,"href":"https:\/\/monannuaire-conciergerie.fr\/en\/wp-json\/wp\/v2\/product_cat?post=2483"},{"taxonomy":"product_tag","embeddable":true,"href":"https:\/\/monannuaire-conciergerie.fr\/en\/wp-json\/wp\/v2\/product_tag?post=2483"}],"curies":[{"name":"wp","href":"https:\/\/api.w.org\/{rel}","templated":true}]}}