{"id":2497,"date":"2024-11-24T22:29:26","date_gmt":"2024-11-24T21:29:26","guid":{"rendered":"https:\/\/monannuaire-conciergerie.fr\/product\/sissoko-conciergerie\/"},"modified":"2025-01-06T17:03:41","modified_gmt":"2025-01-06T16:03:41","slug":"sissoko-conciergerie","status":"publish","type":"product","link":"https:\/\/monannuaire-conciergerie.fr\/en\/product\/sissoko-conciergerie\/","title":{"rendered":"Sissoko concierge"},"content":{"rendered":"<p>Our Turnkey Services:<br \/>\n1. Enhancement of your property<br \/>\nProfessional photoshoot: Quality photos to attract travelers and boost bookings.<br \/>\nListing Creation and Optimization: Writing attractive listings on platforms like Airbnb, Booking, and VRBO.<br \/>\nDesign and decoration tips: To make your property even more attractive and suited to tenant expectations.<br \/>\n2. Management of reservations and pricing<br \/>\nComplete calendar management: Synchronization across all platforms to avoid double bookings.<br \/>\nDynamic Pricing: Real-time price adjustment based on demand, season, and local events to maximize your revenue.<br \/>\nFast Responses to Guests: 24\/7 availability to answer guest requests and questions.<br \/>\n3. Welcome and traveler experience<br \/>\nProfessional check-in and check-out: Warm welcome for tenants, presentation of the accommodation and handing over of keys.<br \/>\nPersonalized Welcome Kit: Offered to each tenant for a memorable experience.<br \/>\nSupport during the stay: Real-time assistance to resolve any potential problems.<br \/>\n4. Maintenance and upkeep<br \/>\nProfessional housekeeping: Cleaning service after each stay for always impeccable accommodation.<br \/>\nHotel-quality linens and sheets: Cleaning and renewal after each rental.<br \/>\nRapid maintenance: Management of small repairs or urgent work thanks to our network of partner craftsmen.<br \/>\n5. Administrative and financial management<br \/>\nTransparent monthly performance: Track revenue and bookings with clear reporting.<br \/>\nSimplified tax declarations: Assistance in declaring your rental income correctly.<br \/>\nRental insurance: Verification of coverage and guarantees for risk-free management.<br \/>\n6. Personalized support<br \/>\nInitial property audit: Analysis of your property and proposal of strategies to increase its attractiveness and profitability.<br \/>\nDedicated owner relationship: A single point of contact to answer all your questions and adjust our services to your needs.<br \/>\nContinuous optimization: Regular performance monitoring and implementation of improvements to maximize your revenue.<\/p>\n<p>Why choose our services?<br \/>\nPeace of mind: We take care of everything, all you have to do is enjoy the income generated.<br \/>\nLocal expertise: Perfect knowledge of the market for optimized performance.<br \/>\nPersonalized service: We adapt our services according to your expectations and the potential of your property.<br \/>\nMaximizing revenue: Thanks to our powerful tools and expertise, your rental income reaches its full potential.<\/p>\n<p>Join our satisfied owners!<br \/>\nEntrust us with the management of your property and let us transform your real estate investment into a stable and optimized source of income, effortlessly. With our turnkey service, you benefit from professional and personalized management, designed with you and your tenants in mind.<\/p>\n<p>Contact us today for a free evaluation of your property.<\/p>","protected":false},"excerpt":{"rendered":"<p>Nos Services Cl\u00e9 en Main : 1. Mise en valeur de votre bien Shooting professionnel : Des photos de qualit\u00e9 pour s\u00e9duire les voyageurs et booster les r\u00e9servations. Cr\u00e9ation et optimisation d\u2019annonces : R\u00e9daction d&#8217;annonces attractives sur des plateformes comme Airbnb, Booking, et VRBO. Conseils d&#8217;am\u00e9nagement et de d\u00e9coration : Pour rendre votre bien encore plus attrayant et adapt\u00e9 aux attentes des locataires. 2. Gestion des r\u00e9servations et de la tarification Gestion compl\u00e8te des calendriers : Synchronisation sur toutes les plateformes pour \u00e9viter les doubles r\u00e9servations. Tarification dynamique : Ajustement des prix en temps r\u00e9el selon la demande, la saison et les \u00e9v\u00e9nements locaux, pour maximiser vos revenus. R\u00e9ponses rapides aux voyageurs : Disponibilit\u00e9 24\/7 pour r\u00e9pondre aux demandes et questions des locataires. 3. Accueil et exp\u00e9rience voyageurs Check-in et check-out professionnels : Accueil chaleureux des locataires, pr\u00e9sentation du logement et remise des cl\u00e9s. Kit de bienvenue personnalis\u00e9 : Offert \u00e0 chaque locataire pour une exp\u00e9rience m\u00e9morable. Support pendant le s\u00e9jour : Assistance en temps r\u00e9el pour r\u00e9gler tout probl\u00e8me \u00e9ventuel. 4. Entretien et maintenance M\u00e9nage professionnel : Service de nettoyage apr\u00e8s chaque s\u00e9jour pour un logement toujours impeccable. Linge et draps de qualit\u00e9 h\u00f4teli\u00e8re : Nettoyage et renouvellement apr\u00e8s chaque location. Maintenance rapide : Gestion des petites r\u00e9parations ou travaux urgents gr\u00e2ce \u00e0 notre r\u00e9seau d\u2019artisans partenaires. 5. Gestion administrative et financi\u00e8re Rendement mensuel transparent : Suivi des revenus et des r\u00e9servations avec un reporting clair. D\u00e9clarations fiscales simplifi\u00e9es : Assistance pour d\u00e9clarer vos revenus locatifs dans les r\u00e8gles. Assurances locatives : V\u00e9rification de la couverture et des garanties pour une gestion sans risques. 6. Accompagnement personnalis\u00e9 Audit initial du bien : Analyse de votre bien et proposition de strat\u00e9gies pour augmenter son attractivit\u00e9 et sa rentabilit\u00e9. Relation propri\u00e9taire d\u00e9di\u00e9e : Un interlocuteur unique pour r\u00e9pondre \u00e0 toutes vos questions et ajuster nos services \u00e0 vos besoins. Optimisation continue : Suivi r\u00e9gulier de la performance et mise en place d\u2019am\u00e9liorations pour maximiser vos revenus. Pourquoi choisir nos services ? Tranquillit\u00e9 d\u2019esprit : Nous nous occupons de tout, vous n\u2019avez plus qu\u2019\u00e0 profiter des revenus g\u00e9n\u00e9r\u00e9s. Expertise locale : Une parfaite connaissance du march\u00e9 pour un rendement optimis\u00e9. Service personnalis\u00e9 : Nous adaptons nos prestations en fonction de vos attentes et du potentiel de votre bien. Maximisation des revenus : Gr\u00e2ce \u00e0 nos outils performants et \u00e0 notre expertise, vos revenus locatifs atteignent leur plein potentiel. Rejoignez nos propri\u00e9taires satisfaits ! Confiez-nous la gestion de votre bien et laissez-nous transformer votre investissement immobilier en une source de revenus stable et optimis\u00e9e, sans effort de votre part. Avec notre service cl\u00e9 en main, vous b\u00e9n\u00e9ficiez d\u2019une gestion professionnelle et humaine, pens\u00e9e pour vous et vos locataires. Contactez-nous d\u00e8s aujourd&#8217;hui pour une \u00e9valuation gratuite de votre bien.<\/p>","protected":false},"featured_media":0,"comment_status":"open","ping_status":"closed","template":"","meta":{"inline_featured_image":false,"slim_seo":{"title":"Sissoko conciergerie - Mon annuaire conciergerie","description":"Nos Services Cl\u00e9 en Main : 1. Mise en valeur de votre bien Shooting professionnel : Des photos de qualit\u00e9 pour s\u00e9duire les voyageurs et booster les r\u00e9servations"}},"product_brand":[],"product_cat":[21],"product_tag":[],"class_list":{"0":"post-2497","1":"product","2":"type-product","3":"status-publish","5":"product_cat-listeo-booking","7":"first","8":"instock","9":"featured","10":"virtual","11":"sold-individually","12":"purchasable","13":"product-type-listing_booking"},"jetpack_sharing_enabled":true,"_links":{"self":[{"href":"https:\/\/monannuaire-conciergerie.fr\/en\/wp-json\/wp\/v2\/product\/2497","targetHints":{"allow":["GET"]}}],"collection":[{"href":"https:\/\/monannuaire-conciergerie.fr\/en\/wp-json\/wp\/v2\/product"}],"about":[{"href":"https:\/\/monannuaire-conciergerie.fr\/en\/wp-json\/wp\/v2\/types\/product"}],"replies":[{"embeddable":true,"href":"https:\/\/monannuaire-conciergerie.fr\/en\/wp-json\/wp\/v2\/comments?post=2497"}],"version-history":[{"count":1,"href":"https:\/\/monannuaire-conciergerie.fr\/en\/wp-json\/wp\/v2\/product\/2497\/revisions"}],"predecessor-version":[{"id":2520,"href":"https:\/\/monannuaire-conciergerie.fr\/en\/wp-json\/wp\/v2\/product\/2497\/revisions\/2520"}],"wp:attachment":[{"href":"https:\/\/monannuaire-conciergerie.fr\/en\/wp-json\/wp\/v2\/media?parent=2497"}],"wp:term":[{"taxonomy":"product_brand","embeddable":true,"href":"https:\/\/monannuaire-conciergerie.fr\/en\/wp-json\/wp\/v2\/product_brand?post=2497"},{"taxonomy":"product_cat","embeddable":true,"href":"https:\/\/monannuaire-conciergerie.fr\/en\/wp-json\/wp\/v2\/product_cat?post=2497"},{"taxonomy":"product_tag","embeddable":true,"href":"https:\/\/monannuaire-conciergerie.fr\/en\/wp-json\/wp\/v2\/product_tag?post=2497"}],"curies":[{"name":"wp","href":"https:\/\/api.w.org\/{rel}","templated":true}]}}