{"id":2513,"date":"2024-11-25T15:50:08","date_gmt":"2024-11-25T14:50:08","guid":{"rendered":"https:\/\/monannuaire-conciergerie.fr\/product\/la-conciergerie-olibiscus\/"},"modified":"2024-11-29T14:34:57","modified_gmt":"2024-11-29T13:34:57","slug":"la-conciergerie-olibiscus","status":"publish","type":"product","link":"https:\/\/monannuaire-conciergerie.fr\/en\/product\/la-conciergerie-olibiscus\/","title":{"rendered":"The Olibiscus Concierge Service"},"content":{"rendered":"<p>Welcome to Olibiscus, your trusted concierge service.<br \/>\nWe offer comprehensive services in Yvelines, Hauts-de-Seine, Val d&#039;Oise and Seine-Saint-Denis, with a clear objective: to simplify the rental of your seasonal properties while maximizing your rental income.<\/p>\n<p>From welcoming your guests to maintaining your property, we take care of every detail so you can have peace of mind.<br \/>\nWe make renting your property a seamless, professional, and hassle-free experience.<\/p>","protected":false},"excerpt":{"rendered":"<p>Bienvenue chez Olibiscus, votre conciergerie de confiance. Nous offrons des services complets dans les Yvelines, Hauts-de-Seine, Val d\u2019Oise et Seine-Saint-Denis, avec un objectif clair : simplifier la location de vos biens saisonniers tout en maximisant vos revenus locatifs. De l\u2019accueil de vos voyageurs \u00e0 l\u2019entretien de votre propri\u00e9t\u00e9, nous prenons soin de chaque d\u00e9tail pour que vous puissiez avoir l\u2019esprit tranquille. Nous transformons la location de votre bien en une exp\u00e9rience fluide, professionnelle et sans tracas.<\/p>","protected":false},"featured_media":0,"comment_status":"open","ping_status":"closed","template":"","meta":{"inline_featured_image":false,"slim_seo":{"title":"La Conciergerie Olibiscus - My concierge directory","description":"Welcome to Olibiscus, your trusted concierge service. We offer comprehensive services in Yvelines, Hauts-de-Seine, Val d&#039;Oise, and Seine-Saint-Denis."}},"product_brand":[],"product_cat":[21],"product_tag":[],"class_list":{"0":"post-2513","1":"product","2":"type-product","3":"status-publish","5":"product_cat-listeo-booking","7":"first","8":"instock","9":"downloadable","10":"virtual","11":"sold-individually","12":"purchasable","13":"product-type-listing_booking"},"jetpack_sharing_enabled":true,"_links":{"self":[{"href":"https:\/\/monannuaire-conciergerie.fr\/en\/wp-json\/wp\/v2\/product\/2513","targetHints":{"allow":["GET"]}}],"collection":[{"href":"https:\/\/monannuaire-conciergerie.fr\/en\/wp-json\/wp\/v2\/product"}],"about":[{"href":"https:\/\/monannuaire-conciergerie.fr\/en\/wp-json\/wp\/v2\/types\/product"}],"replies":[{"embeddable":true,"href":"https:\/\/monannuaire-conciergerie.fr\/en\/wp-json\/wp\/v2\/comments?post=2513"}],"version-history":[{"count":1,"href":"https:\/\/monannuaire-conciergerie.fr\/en\/wp-json\/wp\/v2\/product\/2513\/revisions"}],"predecessor-version":[{"id":2516,"href":"https:\/\/monannuaire-conciergerie.fr\/en\/wp-json\/wp\/v2\/product\/2513\/revisions\/2516"}],"wp:attachment":[{"href":"https:\/\/monannuaire-conciergerie.fr\/en\/wp-json\/wp\/v2\/media?parent=2513"}],"wp:term":[{"taxonomy":"product_brand","embeddable":true,"href":"https:\/\/monannuaire-conciergerie.fr\/en\/wp-json\/wp\/v2\/product_brand?post=2513"},{"taxonomy":"product_cat","embeddable":true,"href":"https:\/\/monannuaire-conciergerie.fr\/en\/wp-json\/wp\/v2\/product_cat?post=2513"},{"taxonomy":"product_tag","embeddable":true,"href":"https:\/\/monannuaire-conciergerie.fr\/en\/wp-json\/wp\/v2\/product_tag?post=2513"}],"curies":[{"name":"wp","href":"https:\/\/api.w.org\/{rel}","templated":true}]}}