{"id":2589,"date":"2024-11-27T16:37:00","date_gmt":"2024-11-27T15:37:00","guid":{"rendered":"https:\/\/monannuaire-conciergerie.fr\/product\/nice-conciergerie-prestige\/"},"modified":"2024-11-29T14:34:17","modified_gmt":"2024-11-29T13:34:17","slug":"nice-conciergerie-prestige","status":"publish","type":"product","link":"https:\/\/monannuaire-conciergerie.fr\/en\/product\/nice-conciergerie-prestige\/","title":{"rendered":"Nice Prestige Concierge"},"content":{"rendered":"<p>Nice Conciergerie Prestige is dedicated to providing a first-class property management service to owners and investors in the Alpes-Maritimes.<\/p>\n<p>If you&#039;re overwhelmed and looking to monetize your property by offering it for short-term rentals, we&#039;re here for you. As real estate and hospitality specialists, our mission is to guarantee exceptional service to your guests while providing you with peace of mind and profitability.<\/p>\n<p>Our mission: To simplify your life, optimize the profitability of your property, ensure the satisfaction of your guests, and give you back precious time.<\/p>\n<p>At Nice Conciergerie Prestige, we are committed to making your daily life easier by taking care of the tedious details, so you can focus on what really matters.<\/p>\n<p>At Nice Conciergerie Prestige, we only select high-end apartments that are well-appointed and carefully decorated.<\/p>\n<p>If your property does not meet these criteria, we will be happy to advise you on how to improve its layout and decoration. However, we favor properties that already meet these quality requirements.<\/p>","protected":false},"excerpt":{"rendered":"<p>Nice Conciergerie Prestige\u00a0se consacre \u00e0 offrir un service d\u2019intendance locative de premier ordre aux propri\u00e9taires et investisseurs des Alpes-Maritimes. Si vous \u00eates d\u00e9bord\u00e9 et souhaitez rentabiliser votre bien immobilier en le proposant \u00e0 la location courte dur\u00e9e, nous sommes l\u00e0 pour vous. Sp\u00e9cialistes de l\u2019immobilier et de l\u2019h\u00f4tellerie, notre mission est de garantir un service d\u2019exception \u00e0 vos h\u00f4tes tout en vous apportant s\u00e9r\u00e9nit\u00e9 et rentabilit\u00e9. Notre mission :\u00a0Simplifier votre vie,\u00a0optimiser la rentabilit\u00e9\u00a0de votre bien, assurer la satisfaction de vos h\u00f4tes, et vous rendre du temps pr\u00e9cieux. Chez\u00a0Nice Conciergerie Prestige, nous sommes d\u00e9termin\u00e9s \u00e0 all\u00e9ger votre quotidien en nous occupant des d\u00e9tails fastidieux, afin que vous puissiez vous concentrer sur ce qui compte vraiment. Chez\u00a0Nice Conciergerie Prestige, nous s\u00e9lectionnons uniquement des appartements\u00a0haut de gamme, bien agenc\u00e9s et d\u00e9cor\u00e9s avec soin. Si votre bien ne r\u00e9pond pas \u00e0 ces crit\u00e8res, nous serons ravis de vous conseiller pour am\u00e9liorer son am\u00e9nagement et sa d\u00e9coration. Toutefois, nous privil\u00e9gions les biens qui respectent d\u00e9j\u00e0 ces exigences de qualit\u00e9<\/p>","protected":false},"featured_media":0,"comment_status":"open","ping_status":"closed","template":"","meta":{"inline_featured_image":false,"slim_seo":{"title":"Nice Conciergerie Prestige - Mon annuaire conciergerie","description":"Nice Conciergerie Prestige\u00a0se consacre \u00e0 offrir un service d\u2019intendance locative de premier ordre aux propri\u00e9taires et investisseurs des Alpes-Maritimes. Si vou"}},"product_brand":[],"product_cat":[21],"product_tag":[],"class_list":{"0":"post-2589","1":"product","2":"type-product","3":"status-publish","5":"product_cat-listeo-booking","7":"first","8":"instock","9":"downloadable","10":"virtual","11":"sold-individually","12":"purchasable","13":"product-type-listing_booking"},"jetpack_sharing_enabled":true,"_links":{"self":[{"href":"https:\/\/monannuaire-conciergerie.fr\/en\/wp-json\/wp\/v2\/product\/2589","targetHints":{"allow":["GET"]}}],"collection":[{"href":"https:\/\/monannuaire-conciergerie.fr\/en\/wp-json\/wp\/v2\/product"}],"about":[{"href":"https:\/\/monannuaire-conciergerie.fr\/en\/wp-json\/wp\/v2\/types\/product"}],"replies":[{"embeddable":true,"href":"https:\/\/monannuaire-conciergerie.fr\/en\/wp-json\/wp\/v2\/comments?post=2589"}],"version-history":[{"count":1,"href":"https:\/\/monannuaire-conciergerie.fr\/en\/wp-json\/wp\/v2\/product\/2589\/revisions"}],"predecessor-version":[{"id":2594,"href":"https:\/\/monannuaire-conciergerie.fr\/en\/wp-json\/wp\/v2\/product\/2589\/revisions\/2594"}],"wp:attachment":[{"href":"https:\/\/monannuaire-conciergerie.fr\/en\/wp-json\/wp\/v2\/media?parent=2589"}],"wp:term":[{"taxonomy":"product_brand","embeddable":true,"href":"https:\/\/monannuaire-conciergerie.fr\/en\/wp-json\/wp\/v2\/product_brand?post=2589"},{"taxonomy":"product_cat","embeddable":true,"href":"https:\/\/monannuaire-conciergerie.fr\/en\/wp-json\/wp\/v2\/product_cat?post=2589"},{"taxonomy":"product_tag","embeddable":true,"href":"https:\/\/monannuaire-conciergerie.fr\/en\/wp-json\/wp\/v2\/product_tag?post=2589"}],"curies":[{"name":"wp","href":"https:\/\/api.w.org\/{rel}","templated":true}]}}