{"id":2861,"date":"2024-12-06T10:51:56","date_gmt":"2024-12-06T09:51:56","guid":{"rendered":"https:\/\/monannuaire-conciergerie.fr\/product\/exigehome\/"},"modified":"2024-12-06T11:22:08","modified_gmt":"2024-12-06T10:22:08","slug":"exigehome","status":"publish","type":"product","link":"https:\/\/monannuaire-conciergerie.fr\/en\/product\/exigehome\/","title":{"rendered":"EXIGEHOME"},"content":{"rendered":"<p>Specially focused on the management of short-term rental properties, ExigeHome is the expert concierge service in property valuation that offers you the opportunity to increase your rental income while maintaining your apartment\/house with experienced and local staff.<\/p>\n<p>Thanks to ExigeHome, you can fully enjoy your investment without any constraints, in a transparent manner with real quality listening and advice because our experience allows us to understand your expectations.<\/p>\n<p>Our priority is your satisfaction!<\/p>","protected":false},"excerpt":{"rendered":"<p>Sp\u00e9cialement tourn\u00e9e vers la gestion de biens en location courte dur\u00e9e, ExigeHome est la\u00a0conciergerie experte\u00a0en valorisation de biens qui vous offre la possibilit\u00e9 de d\u00e9velopper vos revenus locatifs tout en entretenant votre appartement\/maison avec du personnel exp\u00e9riment\u00e9 et de proximit\u00e9. Gr\u00e2ce \u00e0 ExigeHome vous pourrez profiter pleinement de votre investissement sans aucune contrainte, de mani\u00e8re\u00a0transparente\u00a0avec une\u00a0vraie qualit\u00e9 d\u2019\u00e9coute et de conseil\u00a0car notre exp\u00e9rience nous permet de comprendre vos attentes. Notre priorit\u00e9 est votre satisfaction !<\/p>","protected":false},"featured_media":0,"comment_status":"open","ping_status":"closed","template":"","meta":{"inline_featured_image":false,"slim_seo":{"title":"EXIGEHOME - Mon annuaire conciergerie","description":"Sp\u00e9cialement tourn\u00e9e vers la gestion de biens en location courte dur\u00e9e, ExigeHome est la\u00a0conciergerie experte\u00a0en valorisation de biens qui vous offre la possibi"}},"product_brand":[],"product_cat":[21],"product_tag":[],"class_list":{"0":"post-2861","1":"product","2":"type-product","3":"status-publish","5":"product_cat-listeo-booking","7":"first","8":"instock","9":"downloadable","10":"virtual","11":"sold-individually","12":"purchasable","13":"product-type-listing_booking"},"jetpack_sharing_enabled":true,"_links":{"self":[{"href":"https:\/\/monannuaire-conciergerie.fr\/en\/wp-json\/wp\/v2\/product\/2861","targetHints":{"allow":["GET"]}}],"collection":[{"href":"https:\/\/monannuaire-conciergerie.fr\/en\/wp-json\/wp\/v2\/product"}],"about":[{"href":"https:\/\/monannuaire-conciergerie.fr\/en\/wp-json\/wp\/v2\/types\/product"}],"replies":[{"embeddable":true,"href":"https:\/\/monannuaire-conciergerie.fr\/en\/wp-json\/wp\/v2\/comments?post=2861"}],"version-history":[{"count":1,"href":"https:\/\/monannuaire-conciergerie.fr\/en\/wp-json\/wp\/v2\/product\/2861\/revisions"}],"predecessor-version":[{"id":2867,"href":"https:\/\/monannuaire-conciergerie.fr\/en\/wp-json\/wp\/v2\/product\/2861\/revisions\/2867"}],"wp:attachment":[{"href":"https:\/\/monannuaire-conciergerie.fr\/en\/wp-json\/wp\/v2\/media?parent=2861"}],"wp:term":[{"taxonomy":"product_brand","embeddable":true,"href":"https:\/\/monannuaire-conciergerie.fr\/en\/wp-json\/wp\/v2\/product_brand?post=2861"},{"taxonomy":"product_cat","embeddable":true,"href":"https:\/\/monannuaire-conciergerie.fr\/en\/wp-json\/wp\/v2\/product_cat?post=2861"},{"taxonomy":"product_tag","embeddable":true,"href":"https:\/\/monannuaire-conciergerie.fr\/en\/wp-json\/wp\/v2\/product_tag?post=2861"}],"curies":[{"name":"wp","href":"https:\/\/api.w.org\/{rel}","templated":true}]}}