{"id":3061,"date":"2024-12-10T15:40:33","date_gmt":"2024-12-10T14:40:33","guid":{"rendered":"https:\/\/monannuaire-conciergerie.fr\/product\/symbioz-conciergerie\/"},"modified":"2024-12-10T17:13:32","modified_gmt":"2024-12-10T16:13:32","slug":"symbioz-conciergerie","status":"publish","type":"product","link":"https:\/\/monannuaire-conciergerie.fr\/en\/product\/symbioz-conciergerie\/","title":{"rendered":"Symbioz concierge service"},"content":{"rendered":"<p>Your concierge service in Le Havre and the surrounding area<br \/>\nEntrust us with the management of your short-term rentals and boost your rental income. We&#039;re the right partner!<\/p>\n<p>Symbioz Concierge offers turnkey services to owners who no longer have the time or desire to devote all their time to taking care of their short- and medium-term rental property.<\/p>\n<p>We take care of everything from A to Z. Our services are also aimed at travelers looking for a unique and memorable stay!<\/p>\n<p>Your property or apartment is located on:<\/p>\n<p>Le Havre, \u00c9tretat, Saint-Jouin-Bruneval, Montivilliers and the surrounding area, so don&#039;t hesitate and contact us!<\/p>","protected":false},"excerpt":{"rendered":"<p>Votre conciergerie au Havre et ses alentours Confiez-nous le suivi de vos locations courte dur\u00e9e et boostez vos revenus locatifs. Nous sommes le bon partenaire ! Symbioz conciergerie\u00a0propose des services cl\u00e9s en main aux propri\u00e9taires n&#8217;ayant plus le temps ni l&#8217;envie de consacrer tout leur temps \u00e0 s&#8217;occuper de leur bien en location courte et moyenne dur\u00e9e. Nous nous occupons de tout de A \u00e0 Z.\u00a0Nos services s&#8217;adressent \u00e9galement aux voyageurs d\u00e9sireux de passer un s\u00e9jour unique et m\u00e9morable ! Votre propri\u00e9t\u00e9 ou votre appartement\u00a0se trouve sur : Le Havre, \u00c9tretat, Saint-Jouin-Bruneval, Montivilliers et ses alentours, alors n&#8217;h\u00e9sitez plus et contactez-nous !<\/p>","protected":false},"featured_media":0,"comment_status":"open","ping_status":"closed","template":"","meta":{"inline_featured_image":false,"slim_seo":{"title":"Symbioz conciergerie - Mon annuaire conciergerie","description":"Votre conciergerie au Havre et ses alentours Confiez-nous le suivi de vos locations courte dur\u00e9e et boostez vos revenus locatifs. Nous sommes le bon partenaire"}},"product_brand":[],"product_cat":[21],"product_tag":[],"class_list":{"0":"post-3061","1":"product","2":"type-product","3":"status-publish","5":"product_cat-listeo-booking","7":"first","8":"instock","9":"downloadable","10":"virtual","11":"sold-individually","12":"purchasable","13":"product-type-listing_booking"},"jetpack_sharing_enabled":true,"_links":{"self":[{"href":"https:\/\/monannuaire-conciergerie.fr\/en\/wp-json\/wp\/v2\/product\/3061","targetHints":{"allow":["GET"]}}],"collection":[{"href":"https:\/\/monannuaire-conciergerie.fr\/en\/wp-json\/wp\/v2\/product"}],"about":[{"href":"https:\/\/monannuaire-conciergerie.fr\/en\/wp-json\/wp\/v2\/types\/product"}],"replies":[{"embeddable":true,"href":"https:\/\/monannuaire-conciergerie.fr\/en\/wp-json\/wp\/v2\/comments?post=3061"}],"version-history":[{"count":1,"href":"https:\/\/monannuaire-conciergerie.fr\/en\/wp-json\/wp\/v2\/product\/3061\/revisions"}],"predecessor-version":[{"id":3064,"href":"https:\/\/monannuaire-conciergerie.fr\/en\/wp-json\/wp\/v2\/product\/3061\/revisions\/3064"}],"wp:attachment":[{"href":"https:\/\/monannuaire-conciergerie.fr\/en\/wp-json\/wp\/v2\/media?parent=3061"}],"wp:term":[{"taxonomy":"product_brand","embeddable":true,"href":"https:\/\/monannuaire-conciergerie.fr\/en\/wp-json\/wp\/v2\/product_brand?post=3061"},{"taxonomy":"product_cat","embeddable":true,"href":"https:\/\/monannuaire-conciergerie.fr\/en\/wp-json\/wp\/v2\/product_cat?post=3061"},{"taxonomy":"product_tag","embeddable":true,"href":"https:\/\/monannuaire-conciergerie.fr\/en\/wp-json\/wp\/v2\/product_tag?post=3061"}],"curies":[{"name":"wp","href":"https:\/\/api.w.org\/{rel}","templated":true}]}}