{"id":3096,"date":"2024-12-10T20:43:45","date_gmt":"2024-12-10T19:43:45","guid":{"rendered":"https:\/\/monannuaire-conciergerie.fr\/product\/loka-conciergerie-2\/"},"modified":"2024-12-11T15:50:14","modified_gmt":"2024-12-11T14:50:14","slug":"loka-conciergerie-2","status":"publish","type":"product","link":"https:\/\/monannuaire-conciergerie.fr\/en\/product\/loka-conciergerie-2\/","title":{"rendered":"loka concierge"},"content":{"rendered":"<p>Discover LOKA Conciergerie, your trusted partner to optimize your short-term rental experience.<\/p>\n<p>Owners, entrust us with the monitoring of your property for complete peace of mind.<\/p>\n<p>Renters, enjoy impeccable accommodations and dedicated customer service. Simplify your Airbnb experience with Loka Concierge.<\/p>\n<p>Loka Conciergerie was born, with the desire to diversify my skills in real estate, which I have been practicing since 2018. My experience in commerce for more than 20 years allows me to highlight my sense of interpersonal skills, listening and customer satisfaction.<\/p>\n<p>I make it a point of honor to place human values such as ethics, honesty, rigor and authenticity at the center of my business.<\/p>\n<p>As a traveler who uses short-term rental platforms, I understand and anticipate the traveler&#039;s expectations. As a short-term rental owner, my commitment is to do everything possible to optimize the profitability of your accommodation and maintain it with care.<\/p>","protected":false},"excerpt":{"rendered":"<p>D\u00e9couvrez\u00a0LOKA Conciergerie, votre partenaire de confiance pour optimiser votre exp\u00e9rience location courte dur\u00e9e. Propri\u00e9taires, confiez-nous le suivi\u00a0de votre bien pour une tranquillit\u00e9 totale. Locataires, b\u00e9n\u00e9ficiez d&#8217;h\u00e9bergements impeccables et d&#8217;un service client d\u00e9di\u00e9. Simplifiez votre exp\u00e9rience Airbnb avec Loka Conciergerie. Loka Conciergerie\u00a0voit le jour , avec l&#8217;envie de diversifier mes comp\u00e9tences dans l&#8217;immobilier que j&#8217;exerce depuis 2018 . Mon exp\u00e9rience dans le commerce pendant plus de 20 ans me permet de mettre en avant mon sens du relationnel , de l&#8217;\u00e9coute et de la satisfaction client. Je\u00a0mets\u00a0un point d&#8217;honneur \u00e0 mettre au centre de mon entreprise des valeurs humaines telles que l&#8217;\u00e9thique , l&#8217;honnetet\u00e9 , la rigueur et l&#8217;authenticit\u00e9. Voyageuse profitant des plateformes de locations courte dur\u00e9e , je ne peux que comprendre et anticiper l&#8217;attente du voyageur . Propri\u00e9taires de locations courte dur\u00e9e , mon engagement est de tout mettre en oeuvre afin d&#8217;optimiser la rentabilit\u00e9 de votre logement\u00a0et de l&#8217;entretenir avec soin.<\/p>","protected":false},"featured_media":0,"comment_status":"open","ping_status":"closed","template":"","meta":{"inline_featured_image":false,"slim_seo":{"title":"loka conciergerie - Mon annuaire conciergerie","description":"D\u00e9couvrez\u00a0LOKA Conciergerie, votre partenaire de confiance pour optimiser votre exp\u00e9rience location courte dur\u00e9e. Propri\u00e9taires, confiez-nous le suivi\u00a0de votre"}},"product_brand":[],"product_cat":[21],"product_tag":[],"class_list":{"0":"post-3096","1":"product","2":"type-product","3":"status-publish","5":"product_cat-listeo-booking","7":"first","8":"instock","9":"downloadable","10":"virtual","11":"sold-individually","12":"purchasable","13":"product-type-listing_booking"},"jetpack_sharing_enabled":true,"_links":{"self":[{"href":"https:\/\/monannuaire-conciergerie.fr\/en\/wp-json\/wp\/v2\/product\/3096","targetHints":{"allow":["GET"]}}],"collection":[{"href":"https:\/\/monannuaire-conciergerie.fr\/en\/wp-json\/wp\/v2\/product"}],"about":[{"href":"https:\/\/monannuaire-conciergerie.fr\/en\/wp-json\/wp\/v2\/types\/product"}],"replies":[{"embeddable":true,"href":"https:\/\/monannuaire-conciergerie.fr\/en\/wp-json\/wp\/v2\/comments?post=3096"}],"version-history":[{"count":1,"href":"https:\/\/monannuaire-conciergerie.fr\/en\/wp-json\/wp\/v2\/product\/3096\/revisions"}],"predecessor-version":[{"id":3169,"href":"https:\/\/monannuaire-conciergerie.fr\/en\/wp-json\/wp\/v2\/product\/3096\/revisions\/3169"}],"wp:attachment":[{"href":"https:\/\/monannuaire-conciergerie.fr\/en\/wp-json\/wp\/v2\/media?parent=3096"}],"wp:term":[{"taxonomy":"product_brand","embeddable":true,"href":"https:\/\/monannuaire-conciergerie.fr\/en\/wp-json\/wp\/v2\/product_brand?post=3096"},{"taxonomy":"product_cat","embeddable":true,"href":"https:\/\/monannuaire-conciergerie.fr\/en\/wp-json\/wp\/v2\/product_cat?post=3096"},{"taxonomy":"product_tag","embeddable":true,"href":"https:\/\/monannuaire-conciergerie.fr\/en\/wp-json\/wp\/v2\/product_tag?post=3096"}],"curies":[{"name":"wp","href":"https:\/\/api.w.org\/{rel}","templated":true}]}}