{"id":3114,"date":"2024-12-10T21:50:31","date_gmt":"2024-12-10T20:50:31","guid":{"rendered":"https:\/\/monannuaire-conciergerie.fr\/product\/ici-et-la-conciergerie\/"},"modified":"2024-12-11T15:49:11","modified_gmt":"2024-12-11T14:49:11","slug":"ici-et-la-conciergerie","status":"publish","type":"product","link":"https:\/\/monannuaire-conciergerie.fr\/en\/product\/ici-et-la-conciergerie\/","title":{"rendered":"Here and There Concierge Service"},"content":{"rendered":"<p>You own a property in <strong>short-term or seasonal rental<\/strong> ?<\/p>\n<p>Make your life easier with our dedicated service! Whether you&#039;re short on time, far away, or simply want to delegate the management of your property, Ici et L\u00e0 Conciergerie is here for you.<\/p>\n<p>Entrust your accommodation to us and <strong>maximize your income<\/strong> Effortless. Renting on platforms like Airbnb, Booking.com, Abritel, or Tripadvisor requires time and specialized expertise. We offer a turnkey service, taking care of every detail to ensure perfect stays and satisfied guests.<\/p>\n<p>With <strong>Here and There Concierge Service<\/strong>, rent with complete peace of mind and make your property a profitable and hassle-free investment.<\/p>","protected":false},"excerpt":{"rendered":"<p>Vous \u00eates propri\u00e9taire d\u2019un logement en location courte dur\u00e9e ou saisonni\u00e8re ? Simplifiez-vous la vie gr\u00e2ce \u00e0 notre service d\u00e9di\u00e9 ! Que ce soit par manque de temps, pour cause d\u2019\u00e9loignement, ou simplement pour d\u00e9l\u00e9guer l\u2019intendance de votre bien, Ici et L\u00e0 Conciergerie est l\u00e0 pour vous. Confiez-nous votre logement et maximisez vos revenus sans effort. La location sur des plateformes comme Airbnb, Booking, Abritel\u00a0ou Tripadvisor exige du temps et un savoir-faire pointu. Nous vous offrons un service cl\u00e9 en main, prenant en charge chaque d\u00e9tail pour garantir des s\u00e9jours parfaits et des locataires satisfaits. Avec Ici et L\u00e0 Conciergerie, louez en toute s\u00e9r\u00e9nit\u00e9 et faites de votre bien un investissement rentable et sans tracas.<\/p>","protected":false},"featured_media":0,"comment_status":"open","ping_status":"closed","template":"","meta":{"inline_featured_image":false,"slim_seo":{"title":"Ici et L\u00e0 Conciergerie - Mon annuaire conciergerie","description":"Vous \u00eates propri\u00e9taire d\u2019un logement en location courte dur\u00e9e ou saisonni\u00e8re ? Simplifiez-vous la vie gr\u00e2ce \u00e0 notre service d\u00e9di\u00e9 ! Que ce soit par manque de te"}},"product_brand":[],"product_cat":[21],"product_tag":[],"class_list":{"0":"post-3114","1":"product","2":"type-product","3":"status-publish","5":"product_cat-listeo-booking","7":"first","8":"instock","9":"downloadable","10":"virtual","11":"sold-individually","12":"purchasable","13":"product-type-listing_booking"},"jetpack_sharing_enabled":true,"_links":{"self":[{"href":"https:\/\/monannuaire-conciergerie.fr\/en\/wp-json\/wp\/v2\/product\/3114","targetHints":{"allow":["GET"]}}],"collection":[{"href":"https:\/\/monannuaire-conciergerie.fr\/en\/wp-json\/wp\/v2\/product"}],"about":[{"href":"https:\/\/monannuaire-conciergerie.fr\/en\/wp-json\/wp\/v2\/types\/product"}],"replies":[{"embeddable":true,"href":"https:\/\/monannuaire-conciergerie.fr\/en\/wp-json\/wp\/v2\/comments?post=3114"}],"version-history":[{"count":1,"href":"https:\/\/monannuaire-conciergerie.fr\/en\/wp-json\/wp\/v2\/product\/3114\/revisions"}],"predecessor-version":[{"id":3173,"href":"https:\/\/monannuaire-conciergerie.fr\/en\/wp-json\/wp\/v2\/product\/3114\/revisions\/3173"}],"wp:attachment":[{"href":"https:\/\/monannuaire-conciergerie.fr\/en\/wp-json\/wp\/v2\/media?parent=3114"}],"wp:term":[{"taxonomy":"product_brand","embeddable":true,"href":"https:\/\/monannuaire-conciergerie.fr\/en\/wp-json\/wp\/v2\/product_brand?post=3114"},{"taxonomy":"product_cat","embeddable":true,"href":"https:\/\/monannuaire-conciergerie.fr\/en\/wp-json\/wp\/v2\/product_cat?post=3114"},{"taxonomy":"product_tag","embeddable":true,"href":"https:\/\/monannuaire-conciergerie.fr\/en\/wp-json\/wp\/v2\/product_tag?post=3114"}],"curies":[{"name":"wp","href":"https:\/\/api.w.org\/{rel}","templated":true}]}}