{"id":3121,"date":"2024-12-10T23:26:08","date_gmt":"2024-12-10T22:26:08","guid":{"rendered":"https:\/\/monannuaire-conciergerie.fr\/product\/cg-homes-conciergerie\/"},"modified":"2025-03-05T17:41:55","modified_gmt":"2025-03-05T16:41:55","slug":"cg-homes-conciergerie","status":"publish","type":"product","link":"https:\/\/monannuaire-conciergerie.fr\/en\/product\/cg-homes-conciergerie\/","title":{"rendered":"CG HOMES CONCIERGE"},"content":{"rendered":"<p>CG HOMES operates in Vend\u00e9e, on the Vend\u00e9e coast (La Tranche sur Mer, Les Sables d&#039;Olonnes, Bretignolles sur Mer, St Gilles Croix de Vie, St Hilaire de Riez, etc.) as well as La Roche sur Yon and its surrounding areas.<\/p>\n<p>Our mission? To free you from the constraints of seasonal rentals and optimize the profitability of your property.<\/p>\n<p>We handle every step of the way, from creating listings and managing bookings to maintaining the property and supporting guests, all with professionalism and efficiency.<\/p>\n<p>We listen to the expectations of each owner because CG HOMES is above all an authentic and human concierge service.<\/p>\n<p>Enjoy the benefits of seasonal rentals without the hassle, by entrusting your property to us with complete peace of mind.<\/p>","protected":false},"excerpt":{"rendered":"<p>CG HOMES intervient en Vend\u00e9e,\u00a0 sur la c\u00f4te vend\u00e9enne (La Tranche sur Mer, Les Sables d\u2019Olonnes, Bretignolles sur Mer, St Gilles Croix de Vie, St Hilaire de Riez&#8230;) ainsi que La Roche sur Yon et ses alentours. Notre mission ? Vous lib\u00e9rer des contraintes de la location saisonni\u00e8re et optimiser la rentabilit\u00e9 de votre bien. Nous prenons en charge chaque \u00e9tape, de la cr\u00e9ation des annonces et pilotage des r\u00e9servations \u00e0 l&#8217;entretien du logement et prise en charge des voyageurs, le tout avec professionnalisme et efficacit\u00e9. Nous sommes \u00e0 l&#8217;\u00e9coute des attentes de chaque propri\u00e9taire car CG HOMES est avant tout une conciergerie authentique et humaine. Profitez d\u00e8s \u00e0 pr\u00e9sent des avantages de la location saisonni\u00e8re sans les contraintes, en nous confiant votre bien en toute s\u00e9r\u00e9nit\u00e9.<\/p>","protected":false},"featured_media":0,"comment_status":"open","ping_status":"closed","template":"","meta":{"inline_featured_image":false,"slim_seo":{"title":"CG HOMES CONCIERGERIE - Mon annuaire conciergerie","description":"CG HOMES intervient en Vend\u00e9e,\u00a0 sur la c\u00f4te vend\u00e9enne (La Tranche sur Mer, Les Sables d\u2019Olonnes, Bretignolles sur Mer, St Gilles Croix de Vie, St Hilaire de Rie"}},"product_brand":[],"product_cat":[21],"product_tag":[],"class_list":{"0":"post-3121","1":"product","2":"type-product","3":"status-publish","5":"product_cat-listeo-booking","7":"first","8":"instock","9":"downloadable","10":"virtual","11":"sold-individually","12":"purchasable","13":"product-type-listing_booking"},"jetpack_sharing_enabled":true,"_links":{"self":[{"href":"https:\/\/monannuaire-conciergerie.fr\/en\/wp-json\/wp\/v2\/product\/3121","targetHints":{"allow":["GET"]}}],"collection":[{"href":"https:\/\/monannuaire-conciergerie.fr\/en\/wp-json\/wp\/v2\/product"}],"about":[{"href":"https:\/\/monannuaire-conciergerie.fr\/en\/wp-json\/wp\/v2\/types\/product"}],"replies":[{"embeddable":true,"href":"https:\/\/monannuaire-conciergerie.fr\/en\/wp-json\/wp\/v2\/comments?post=3121"}],"version-history":[{"count":3,"href":"https:\/\/monannuaire-conciergerie.fr\/en\/wp-json\/wp\/v2\/product\/3121\/revisions"}],"predecessor-version":[{"id":3132,"href":"https:\/\/monannuaire-conciergerie.fr\/en\/wp-json\/wp\/v2\/product\/3121\/revisions\/3132"}],"wp:attachment":[{"href":"https:\/\/monannuaire-conciergerie.fr\/en\/wp-json\/wp\/v2\/media?parent=3121"}],"wp:term":[{"taxonomy":"product_brand","embeddable":true,"href":"https:\/\/monannuaire-conciergerie.fr\/en\/wp-json\/wp\/v2\/product_brand?post=3121"},{"taxonomy":"product_cat","embeddable":true,"href":"https:\/\/monannuaire-conciergerie.fr\/en\/wp-json\/wp\/v2\/product_cat?post=3121"},{"taxonomy":"product_tag","embeddable":true,"href":"https:\/\/monannuaire-conciergerie.fr\/en\/wp-json\/wp\/v2\/product_tag?post=3121"}],"curies":[{"name":"wp","href":"https:\/\/api.w.org\/{rel}","templated":true}]}}