{"id":3156,"date":"2024-12-11T00:53:40","date_gmt":"2024-12-10T23:53:40","guid":{"rendered":"https:\/\/monannuaire-conciergerie.fr\/product\/cg-homes-conciergerie-4\/"},"modified":"2024-12-15T20:10:30","modified_gmt":"2024-12-15T19:10:30","slug":"cg-homes-conciergerie-4","status":"publish","type":"product","link":"https:\/\/monannuaire-conciergerie.fr\/en\/product\/cg-homes-conciergerie-4\/","title":{"rendered":"CG HOMES CONCIERGE"},"content":{"rendered":"<p><strong>CG HOMES, your trusted partner for your seasonal rentals in Vend\u00e9e.<\/strong><\/p>\n<p>We operate on the Vend\u00e9e coast (La Tranche sur Mer, Les Sables d&#039;Olonnes, Bretignolles sur Mer, St Gilles Croix de Vie, St Hilaire de Riez, etc.) as well as La Roche sur Yon and its surrounding areas.<\/p>\n<p><strong>Our mission? To free you from the constraints of seasonal rentals while maximizing your property&#039;s income.<\/strong><\/p>\n<p>We handle every step with care and professionalism, from creating advertisements and managing reservations to maintaining the accommodation and taking care of travelers:<\/p>\n<p><strong>An authentic and attentive concierge service.<\/strong><br \/>\nAt CG HOMES, we place people and proximity at the heart of our services. We care for your property as if it were our own, remaining attentive to your specific needs. We tailor our offers and services to meet your expectations.<\/p>\n<p><strong>Entrust your property to experts and benefit<\/strong> take full advantage of the benefits of seasonal rentals,<b> with complete peace of mind.<\/b><\/p>","protected":false},"excerpt":{"rendered":"<p>CG HOMES, votre partenaire de confiance pour vos locations saisonni\u00e8res en Vend\u00e9e. Nous intervenons\u00a0 sur la c\u00f4te vend\u00e9enne (La Tranche sur Mer, Les Sables d\u2019Olonnes, Bretignolles sur Mer, St Gilles Croix de Vie, St Hilaire de Riez&#8230;) ainsi que La Roche sur Yon et ses alentours. Notre mission ? Vous lib\u00e9rer des contraintes de la location saisonni\u00e8re tout en maximisant les revenus de votre bien. Nous prenons en charge chaque \u00e9tape avec soin et professionnalisme, de la cr\u00e9ation des annonces et pilotage des r\u00e9servations \u00e0 l&#8217;entretien du logement et la prise en charge des voyageurs: Une conciergerie authentique et \u00e0 l\u2019\u00e9coute. Chez CG HOMES, nous pla\u00e7ons l\u2019humain et la proximit\u00e9 au c\u0153ur de nos services. Nous prenons soin de votre bien comme s\u2019il s\u2019agissait du n\u00f4tre, en restant attentifs \u00e0 vos besoins sp\u00e9cifiques. Nous adaptons ainsi nos offres et services en fonction de vos attentes. Confiez votre bien \u00e0 des experts et profitez pleinement des avantages de la location saisonni\u00e8re, en toute s\u00e9r\u00e9nit\u00e9.<\/p>","protected":false},"featured_media":0,"comment_status":"open","ping_status":"closed","template":"","meta":{"inline_featured_image":false,"slim_seo":{"title":"CG HOMES CONCIERGERIE - Mon annuaire conciergerie","description":"CG HOMES, votre partenaire de confiance pour vos locations saisonni\u00e8res en Vend\u00e9e. Nous intervenons\u00a0 sur la c\u00f4te vend\u00e9enne (La Tranche sur Mer, Les Sables d\u2019Olo"}},"product_brand":[],"product_cat":[21],"product_tag":[],"class_list":{"0":"post-3156","1":"product","2":"type-product","3":"status-publish","5":"product_cat-listeo-booking","7":"first","8":"instock","9":"downloadable","10":"virtual","11":"sold-individually","12":"purchasable","13":"product-type-listing_booking"},"jetpack_sharing_enabled":true,"_links":{"self":[{"href":"https:\/\/monannuaire-conciergerie.fr\/en\/wp-json\/wp\/v2\/product\/3156","targetHints":{"allow":["GET"]}}],"collection":[{"href":"https:\/\/monannuaire-conciergerie.fr\/en\/wp-json\/wp\/v2\/product"}],"about":[{"href":"https:\/\/monannuaire-conciergerie.fr\/en\/wp-json\/wp\/v2\/types\/product"}],"replies":[{"embeddable":true,"href":"https:\/\/monannuaire-conciergerie.fr\/en\/wp-json\/wp\/v2\/comments?post=3156"}],"version-history":[{"count":2,"href":"https:\/\/monannuaire-conciergerie.fr\/en\/wp-json\/wp\/v2\/product\/3156\/revisions"}],"predecessor-version":[{"id":3363,"href":"https:\/\/monannuaire-conciergerie.fr\/en\/wp-json\/wp\/v2\/product\/3156\/revisions\/3363"}],"wp:attachment":[{"href":"https:\/\/monannuaire-conciergerie.fr\/en\/wp-json\/wp\/v2\/media?parent=3156"}],"wp:term":[{"taxonomy":"product_brand","embeddable":true,"href":"https:\/\/monannuaire-conciergerie.fr\/en\/wp-json\/wp\/v2\/product_brand?post=3156"},{"taxonomy":"product_cat","embeddable":true,"href":"https:\/\/monannuaire-conciergerie.fr\/en\/wp-json\/wp\/v2\/product_cat?post=3156"},{"taxonomy":"product_tag","embeddable":true,"href":"https:\/\/monannuaire-conciergerie.fr\/en\/wp-json\/wp\/v2\/product_tag?post=3156"}],"curies":[{"name":"wp","href":"https:\/\/api.w.org\/{rel}","templated":true}]}}