{"id":3180,"date":"2024-12-11T16:33:57","date_gmt":"2024-12-11T15:33:57","guid":{"rendered":"https:\/\/monannuaire-conciergerie.fr\/product\/homeponopono\/"},"modified":"2024-12-11T22:13:44","modified_gmt":"2024-12-11T21:13:44","slug":"homeponopono","status":"publish","type":"product","link":"https:\/\/monannuaire-conciergerie.fr\/en\/product\/homeponopono\/","title":{"rendered":"Home&#039;ponopono"},"content":{"rendered":"<p>Home&#039;ponopono concierge service offers property owners comprehensive support for short and medium-term rentals.<\/p>\n<p>Do you own one or more apartments or houses and would you like to maximize your income while stopping spending your time taking care of them?<\/p>\n<p>We&#039;re here to take charge of all the necessary operations. We manage the process from A to Z, helping you maximize your revenue.<\/p>\n<p>Rest assured, your interest is also ours!<\/p>\n<p>You&#039;ve come to the right place for more peace and comfort in your life.<\/p>","protected":false},"excerpt":{"rendered":"<p>La conciergerie Home&#8217;ponopono offre aux propri\u00e9taires de biens immobiliers une prise en charge compl\u00e8te pour les locations courte et moyenne dur\u00e9e. Vous poss\u00e9dez un ou plusieurs appartements ou maisons et vous voudriez optimiser vos revenus, tout en cessant de passer votre temps \u00e0 vous en occuper ? Nous sommes l\u00e0 pour prendre la conduite de toutes les op\u00e9rations n\u00e9cessaires. Nous pilotons le process de A \u00e0 Z, tout en vous permettant de maximiser vos revenus. Soyez tranquilles, votre int\u00e9r\u00eat est aussi le n\u00f4tre ! Vous \u00eates au bon endroit pour plus de s\u00e9r\u00e9nit\u00e9 et de confort dans votre vie.<\/p>","protected":false},"featured_media":0,"comment_status":"open","ping_status":"closed","template":"","meta":{"inline_featured_image":false,"slim_seo":{"title":"Home'ponopono - Mon annuaire conciergerie","description":"La conciergerie Home'ponopono offre aux propri\u00e9taires de biens immobiliers une prise en charge compl\u00e8te pour les locations courte et moyenne dur\u00e9e. Vous poss\u00e9de"}},"product_brand":[],"product_cat":[21],"product_tag":[],"class_list":{"0":"post-3180","1":"product","2":"type-product","3":"status-publish","5":"product_cat-listeo-booking","7":"first","8":"instock","9":"downloadable","10":"virtual","11":"sold-individually","12":"purchasable","13":"product-type-listing_booking"},"jetpack_sharing_enabled":true,"_links":{"self":[{"href":"https:\/\/monannuaire-conciergerie.fr\/en\/wp-json\/wp\/v2\/product\/3180","targetHints":{"allow":["GET"]}}],"collection":[{"href":"https:\/\/monannuaire-conciergerie.fr\/en\/wp-json\/wp\/v2\/product"}],"about":[{"href":"https:\/\/monannuaire-conciergerie.fr\/en\/wp-json\/wp\/v2\/types\/product"}],"replies":[{"embeddable":true,"href":"https:\/\/monannuaire-conciergerie.fr\/en\/wp-json\/wp\/v2\/comments?post=3180"}],"version-history":[{"count":1,"href":"https:\/\/monannuaire-conciergerie.fr\/en\/wp-json\/wp\/v2\/product\/3180\/revisions"}],"predecessor-version":[{"id":3183,"href":"https:\/\/monannuaire-conciergerie.fr\/en\/wp-json\/wp\/v2\/product\/3180\/revisions\/3183"}],"wp:attachment":[{"href":"https:\/\/monannuaire-conciergerie.fr\/en\/wp-json\/wp\/v2\/media?parent=3180"}],"wp:term":[{"taxonomy":"product_brand","embeddable":true,"href":"https:\/\/monannuaire-conciergerie.fr\/en\/wp-json\/wp\/v2\/product_brand?post=3180"},{"taxonomy":"product_cat","embeddable":true,"href":"https:\/\/monannuaire-conciergerie.fr\/en\/wp-json\/wp\/v2\/product_cat?post=3180"},{"taxonomy":"product_tag","embeddable":true,"href":"https:\/\/monannuaire-conciergerie.fr\/en\/wp-json\/wp\/v2\/product_tag?post=3180"}],"curies":[{"name":"wp","href":"https:\/\/api.w.org\/{rel}","templated":true}]}}