{"id":3277,"date":"2024-12-13T23:26:33","date_gmt":"2024-12-13T22:26:33","guid":{"rendered":"https:\/\/monannuaire-conciergerie.fr\/product\/bleu-azur-conciergerie\/"},"modified":"2025-01-24T11:18:43","modified_gmt":"2025-01-24T10:18:43","slug":"bleu-azur-conciergerie","status":"publish","type":"product","link":"https:\/\/monannuaire-conciergerie.fr\/en\/product\/bleu-azur-conciergerie\/","title":{"rendered":"AZURE CONCIERGE"},"content":{"rendered":"<p>Conciergerie immobili\u00e8re sp\u00e9cialis\u00e9e en location courte dur\u00e9e sur la C\u00f4te d\u2019Azur<\/p>\n<p>\u00a0<\/p>","protected":false},"excerpt":{"rendered":"<p>Conciergerie immobili\u00e8re sp\u00e9cialis\u00e9e en location courte dur\u00e9e sur la C\u00f4te d\u2019Azur \u00a0<\/p>","protected":false},"featured_media":0,"comment_status":"open","ping_status":"closed","template":"","meta":{"inline_featured_image":false,"slim_seo":{"title":"BLEU AZUR CONCIERGERIE - Mon annuaire conciergerie","description":"Conciergerie immobili\u00e8re sp\u00e9cialis\u00e9e en location courte dur\u00e9e sur la C\u00f4te d'Azur &nbsp;"}},"product_brand":[],"product_cat":[21],"product_tag":[],"class_list":{"0":"post-3277","1":"product","2":"type-product","3":"status-publish","5":"product_cat-listeo-booking","7":"first","8":"instock","9":"downloadable","10":"virtual","11":"sold-individually","12":"purchasable","13":"product-type-listing_booking"},"jetpack_sharing_enabled":true,"_links":{"self":[{"href":"https:\/\/monannuaire-conciergerie.fr\/en\/wp-json\/wp\/v2\/product\/3277","targetHints":{"allow":["GET"]}}],"collection":[{"href":"https:\/\/monannuaire-conciergerie.fr\/en\/wp-json\/wp\/v2\/product"}],"about":[{"href":"https:\/\/monannuaire-conciergerie.fr\/en\/wp-json\/wp\/v2\/types\/product"}],"replies":[{"embeddable":true,"href":"https:\/\/monannuaire-conciergerie.fr\/en\/wp-json\/wp\/v2\/comments?post=3277"}],"version-history":[{"count":1,"href":"https:\/\/monannuaire-conciergerie.fr\/en\/wp-json\/wp\/v2\/product\/3277\/revisions"}],"predecessor-version":[{"id":3669,"href":"https:\/\/monannuaire-conciergerie.fr\/en\/wp-json\/wp\/v2\/product\/3277\/revisions\/3669"}],"wp:attachment":[{"href":"https:\/\/monannuaire-conciergerie.fr\/en\/wp-json\/wp\/v2\/media?parent=3277"}],"wp:term":[{"taxonomy":"product_brand","embeddable":true,"href":"https:\/\/monannuaire-conciergerie.fr\/en\/wp-json\/wp\/v2\/product_brand?post=3277"},{"taxonomy":"product_cat","embeddable":true,"href":"https:\/\/monannuaire-conciergerie.fr\/en\/wp-json\/wp\/v2\/product_cat?post=3277"},{"taxonomy":"product_tag","embeddable":true,"href":"https:\/\/monannuaire-conciergerie.fr\/en\/wp-json\/wp\/v2\/product_tag?post=3277"}],"curies":[{"name":"wp","href":"https:\/\/api.w.org\/{rel}","templated":true}]}}