{"id":3281,"date":"2024-12-13T23:39:08","date_gmt":"2024-12-13T22:39:08","guid":{"rendered":"https:\/\/monannuaire-conciergerie.fr\/product\/bleu-azur-conciergerie-2\/"},"modified":"2024-12-14T22:28:48","modified_gmt":"2024-12-14T21:28:48","slug":"bleu-azur-conciergerie-2","status":"publish","type":"product","link":"https:\/\/monannuaire-conciergerie.fr\/en\/product\/bleu-azur-conciergerie-2\/","title":{"rendered":"AZURE CONCIERGE"},"content":{"rendered":"<p>Real estate concierge specializing in short-term rentals on the C\u00f4te d&#039;Azur<\/p>","protected":false},"excerpt":{"rendered":"<p>Real estate concierge specializing in short-term rentals on the C\u00f4te d&#039;Azur<\/p>","protected":false},"featured_media":0,"comment_status":"open","ping_status":"closed","template":"","meta":{"inline_featured_image":false,"slim_seo":{"title":"BLEU AZUR CONCIERGERIE - Mon annuaire conciergerie","description":"Conciergerie immobili\u00e8re sp\u00e9cialis\u00e9e en location courte dur\u00e9e sur la C\u00f4te d'Azur"}},"product_brand":[],"product_cat":[21],"product_tag":[],"class_list":{"0":"post-3281","1":"product","2":"type-product","3":"status-publish","5":"product_cat-listeo-booking","7":"first","8":"instock","9":"downloadable","10":"virtual","11":"sold-individually","12":"purchasable","13":"product-type-listing_booking"},"jetpack_sharing_enabled":true,"_links":{"self":[{"href":"https:\/\/monannuaire-conciergerie.fr\/en\/wp-json\/wp\/v2\/product\/3281","targetHints":{"allow":["GET"]}}],"collection":[{"href":"https:\/\/monannuaire-conciergerie.fr\/en\/wp-json\/wp\/v2\/product"}],"about":[{"href":"https:\/\/monannuaire-conciergerie.fr\/en\/wp-json\/wp\/v2\/types\/product"}],"replies":[{"embeddable":true,"href":"https:\/\/monannuaire-conciergerie.fr\/en\/wp-json\/wp\/v2\/comments?post=3281"}],"version-history":[{"count":1,"href":"https:\/\/monannuaire-conciergerie.fr\/en\/wp-json\/wp\/v2\/product\/3281\/revisions"}],"predecessor-version":[{"id":3285,"href":"https:\/\/monannuaire-conciergerie.fr\/en\/wp-json\/wp\/v2\/product\/3281\/revisions\/3285"}],"wp:attachment":[{"href":"https:\/\/monannuaire-conciergerie.fr\/en\/wp-json\/wp\/v2\/media?parent=3281"}],"wp:term":[{"taxonomy":"product_brand","embeddable":true,"href":"https:\/\/monannuaire-conciergerie.fr\/en\/wp-json\/wp\/v2\/product_brand?post=3281"},{"taxonomy":"product_cat","embeddable":true,"href":"https:\/\/monannuaire-conciergerie.fr\/en\/wp-json\/wp\/v2\/product_cat?post=3281"},{"taxonomy":"product_tag","embeddable":true,"href":"https:\/\/monannuaire-conciergerie.fr\/en\/wp-json\/wp\/v2\/product_tag?post=3281"}],"curies":[{"name":"wp","href":"https:\/\/api.w.org\/{rel}","templated":true}]}}