{"id":3313,"date":"2024-12-14T12:39:30","date_gmt":"2024-12-14T11:39:30","guid":{"rendered":"https:\/\/monannuaire-conciergerie.fr\/product\/angiekeys\/"},"modified":"2024-12-14T22:26:00","modified_gmt":"2024-12-14T21:26:00","slug":"angiekeys","status":"publish","type":"product","link":"https:\/\/monannuaire-conciergerie.fr\/en\/product\/angiekeys\/","title":{"rendered":"Angie &amp; Keys"},"content":{"rendered":"<p><em><strong>Your trusted concierge service for your seasonal rentals in Istres, Salon-de-Provence, Martigues, the C\u00f4te Bleue and the Alpilles.<\/strong><\/em><\/p>\n<p><em><strong>Our mission: To make it easier for owners to take care of their property.<\/strong><\/em><\/p>\n<p><strong>Profitability Time saving Peace of mind!<\/strong><\/p>\n<p><em><strong>We select our properties to provide our travelers with a unique experience!<\/strong><\/em><\/p>\n<p><strong>Contact us to discuss your project and find the best service.<\/strong><\/p>\n<p><em><strong>See you soon !<\/strong><\/em><\/p>\n<p>\u00a0<\/p>","protected":false},"excerpt":{"rendered":"<p>Votre conciergerie de confiance pour vos locations saisonni\u00e8res \u00e0 Istres, Salon-de-Provence, Martigues, La C\u00f4te Bleue et les Alpilles. Notre mission : Faciliter les propri\u00e9taires en s\u2019occupant de leurs biens. Rentabilit\u00e9 Gain de temps S\u00e9r\u00e9nit\u00e9! Nous s\u00e9lectionnons nos biens afin de faire vivre une exp\u00e9rience unique \u00e0 nos voyageurs ! Prenez contact avec nous afin de parler de votre projet et de trouver la meilleure prestation. A bient\u00f4t ! \u00a0<\/p>","protected":false},"featured_media":0,"comment_status":"open","ping_status":"closed","template":"","meta":{"inline_featured_image":false,"slim_seo":{"title":"Angie&amp;Keys - Mon annuaire conciergerie","description":"Votre conciergerie de confiance pour vos locations saisonni\u00e8res \u00e0 Istres, Salon-de-Provence, Martigues, La C\u00f4te Bleue et les Alpilles. Notre mission : Faciliter"}},"product_brand":[],"product_cat":[21],"product_tag":[],"class_list":{"0":"post-3313","1":"product","2":"type-product","3":"status-publish","5":"product_cat-listeo-booking","7":"first","8":"instock","9":"downloadable","10":"virtual","11":"sold-individually","12":"purchasable","13":"product-type-listing_booking"},"jetpack_sharing_enabled":true,"_links":{"self":[{"href":"https:\/\/monannuaire-conciergerie.fr\/en\/wp-json\/wp\/v2\/product\/3313","targetHints":{"allow":["GET"]}}],"collection":[{"href":"https:\/\/monannuaire-conciergerie.fr\/en\/wp-json\/wp\/v2\/product"}],"about":[{"href":"https:\/\/monannuaire-conciergerie.fr\/en\/wp-json\/wp\/v2\/types\/product"}],"replies":[{"embeddable":true,"href":"https:\/\/monannuaire-conciergerie.fr\/en\/wp-json\/wp\/v2\/comments?post=3313"}],"version-history":[{"count":2,"href":"https:\/\/monannuaire-conciergerie.fr\/en\/wp-json\/wp\/v2\/product\/3313\/revisions"}],"predecessor-version":[{"id":3342,"href":"https:\/\/monannuaire-conciergerie.fr\/en\/wp-json\/wp\/v2\/product\/3313\/revisions\/3342"}],"wp:attachment":[{"href":"https:\/\/monannuaire-conciergerie.fr\/en\/wp-json\/wp\/v2\/media?parent=3313"}],"wp:term":[{"taxonomy":"product_brand","embeddable":true,"href":"https:\/\/monannuaire-conciergerie.fr\/en\/wp-json\/wp\/v2\/product_brand?post=3313"},{"taxonomy":"product_cat","embeddable":true,"href":"https:\/\/monannuaire-conciergerie.fr\/en\/wp-json\/wp\/v2\/product_cat?post=3313"},{"taxonomy":"product_tag","embeddable":true,"href":"https:\/\/monannuaire-conciergerie.fr\/en\/wp-json\/wp\/v2\/product_tag?post=3313"}],"curies":[{"name":"wp","href":"https:\/\/api.w.org\/{rel}","templated":true}]}}