{"id":3319,"date":"2024-12-14T12:46:17","date_gmt":"2024-12-14T11:46:17","guid":{"rendered":"https:\/\/monannuaire-conciergerie.fr\/product\/conciergerie-lor-bleu\/"},"modified":"2024-12-15T14:17:08","modified_gmt":"2024-12-15T13:17:08","slug":"conciergerie-lor-bleu","status":"publish","type":"product","link":"https:\/\/monannuaire-conciergerie.fr\/en\/product\/conciergerie-lor-bleu\/","title":{"rendered":"L&#039;Or Bleu Concierge Service"},"content":{"rendered":"<p>Your concierge service in the Alpes de Haute Provence<\/p>\n<p>Louer et rentabiliser votre logement n\u2019a jamais \u00e9t\u00e9 aussi simple, gr\u00e2ce \u00e0 nos services de conciergerie, gagnez du temps et de l\u2019argent !!<\/p>\n<p><strong><em>A complete service:\u00a0<\/em><\/strong><\/p>\n<p>Vous \u00eates propri\u00e9taire d\u2019un bien dans les Alpes de Haute Provence et vous souhaitez le mettre en location courte-dur\u00e9e mais vous n\u2019avez pas le temps et les connaissances<\/p>\n<p>\u2013 G\u00e9rance des locations de courte-dur\u00e9e<\/p>\n<p>\u2013 Gestion des logements (annonces, r\u00e9servations, mise en ligne, \u2026)<\/p>\n<p>\u2013 Service de blanchisserie et de m\u00e9nage<\/p>\n<p>\u2013 \u00c9changes avec les voyageurs<\/p>","protected":false},"excerpt":{"rendered":"<p>Votre conciergerie dans les alpes de Haute Provence Louer et rentabiliser votre logement n\u2019a jamais \u00e9t\u00e9 aussi simple, gr\u00e2ce \u00e0 nos services de conciergerie, gagnez du temps et de l\u2019argent !! Un service complet :\u00a0 Vous \u00eates propri\u00e9taire d\u2019un bien dans les Alpes de Haute Provence et vous souhaitez le mettre en location courte-dur\u00e9e mais vous n\u2019avez pas le temps et les connaissances \u2013 G\u00e9rance des locations de courte-dur\u00e9e \u2013 Gestion des logements (annonces, r\u00e9servations, mise en ligne, \u2026) \u2013 Service de blanchisserie et de m\u00e9nage \u2013 \u00c9changes avec les voyageurs<\/p>","protected":false},"featured_media":0,"comment_status":"open","ping_status":"closed","template":"","meta":{"inline_featured_image":false,"slim_seo":{"title":"Conciergerie L'Or Bleu - Mon annuaire conciergerie","description":"Votre conciergerie dans les alpes de Haute Provence Louer et rentabiliser votre logement n'a jamais \u00e9t\u00e9 aussi simple, gr\u00e2ce \u00e0 nos services de conciergerie, gagn"}},"product_brand":[],"product_cat":[21],"product_tag":[],"class_list":{"0":"post-3319","1":"product","2":"type-product","3":"status-publish","5":"product_cat-listeo-booking","7":"first","8":"instock","9":"downloadable","10":"virtual","11":"sold-individually","12":"purchasable","13":"product-type-listing_booking"},"jetpack_sharing_enabled":true,"_links":{"self":[{"href":"https:\/\/monannuaire-conciergerie.fr\/en\/wp-json\/wp\/v2\/product\/3319","targetHints":{"allow":["GET"]}}],"collection":[{"href":"https:\/\/monannuaire-conciergerie.fr\/en\/wp-json\/wp\/v2\/product"}],"about":[{"href":"https:\/\/monannuaire-conciergerie.fr\/en\/wp-json\/wp\/v2\/types\/product"}],"replies":[{"embeddable":true,"href":"https:\/\/monannuaire-conciergerie.fr\/en\/wp-json\/wp\/v2\/comments?post=3319"}],"version-history":[{"count":1,"href":"https:\/\/monannuaire-conciergerie.fr\/en\/wp-json\/wp\/v2\/product\/3319\/revisions"}],"predecessor-version":[{"id":3344,"href":"https:\/\/monannuaire-conciergerie.fr\/en\/wp-json\/wp\/v2\/product\/3319\/revisions\/3344"}],"wp:attachment":[{"href":"https:\/\/monannuaire-conciergerie.fr\/en\/wp-json\/wp\/v2\/media?parent=3319"}],"wp:term":[{"taxonomy":"product_brand","embeddable":true,"href":"https:\/\/monannuaire-conciergerie.fr\/en\/wp-json\/wp\/v2\/product_brand?post=3319"},{"taxonomy":"product_cat","embeddable":true,"href":"https:\/\/monannuaire-conciergerie.fr\/en\/wp-json\/wp\/v2\/product_cat?post=3319"},{"taxonomy":"product_tag","embeddable":true,"href":"https:\/\/monannuaire-conciergerie.fr\/en\/wp-json\/wp\/v2\/product_tag?post=3319"}],"curies":[{"name":"wp","href":"https:\/\/api.w.org\/{rel}","templated":true}]}}