{"id":3325,"date":"2024-12-14T14:24:18","date_gmt":"2024-12-14T13:24:18","guid":{"rendered":"https:\/\/monannuaire-conciergerie.fr\/product\/serenity-excellence-conciergerie\/"},"modified":"2024-12-14T22:22:32","modified_gmt":"2024-12-14T21:22:32","slug":"serenity-excellence-conciergerie","status":"publish","type":"product","link":"https:\/\/monannuaire-conciergerie.fr\/en\/product\/serenity-excellence-conciergerie\/","title":{"rendered":"SERENITY EXCELLENCE CONCIERGE"},"content":{"rendered":"<p>Welcome<br \/>\nAt Serenity Excellence Concierge, we offer a comprehensive range of personalized services to enhance and maintain your property. From listing writing to booking management, including housekeeping and laundry, we take care of everything.<\/p>\n<p>Opt for peace of mind with our subletting solutions, which guarantee a fixed monthly income, as well as our premium caretaking services for impeccable maintenance. With Serenity Excellence, enjoy worry-free management and ensure an exceptional experience for your tenants.<\/p>","protected":false},"excerpt":{"rendered":"<p>Bienvenue Chez Serenity Excellence Conciergerie, nous offrons une gamme exhaustive de services personnalis\u00e9s pour valoriser et entretenir votre propri\u00e9t\u00e9. De la r\u00e9daction d\u2019annonces \u00e0 la gestion des r\u00e9servations, en passant par le m\u00e9nage et la blanchisserie, nous nous occupons de tout. Optez pour la tranquillit\u00e9 d&#8217;esprit avec nos solutions de sous-location garantissant un revenu fixe mensuel, ainsi que nos services de gardiennage premium pour un entretien impeccable. Avec Serenity Excellence, profitez d&#8217;une gestion sans souci et assurez une exp\u00e9rience exceptionnelle \u00e0\u00a0vos locataires.<\/p>","protected":false},"featured_media":0,"comment_status":"open","ping_status":"closed","template":"","meta":{"inline_featured_image":false,"slim_seo":{"title":"SERENITY EXCELLENCE CONCIERGERIE - Mon annuaire conciergerie","description":"Bienvenue Chez Serenity Excellence Conciergerie, nous offrons une gamme exhaustive de services personnalis\u00e9s pour valoriser et entretenir votre propri\u00e9t\u00e9. De la"}},"product_brand":[],"product_cat":[21],"product_tag":[],"class_list":{"0":"post-3325","1":"product","2":"type-product","3":"status-publish","5":"product_cat-listeo-booking","7":"first","8":"instock","9":"downloadable","10":"virtual","11":"sold-individually","12":"purchasable","13":"product-type-listing_booking"},"jetpack_sharing_enabled":true,"_links":{"self":[{"href":"https:\/\/monannuaire-conciergerie.fr\/en\/wp-json\/wp\/v2\/product\/3325","targetHints":{"allow":["GET"]}}],"collection":[{"href":"https:\/\/monannuaire-conciergerie.fr\/en\/wp-json\/wp\/v2\/product"}],"about":[{"href":"https:\/\/monannuaire-conciergerie.fr\/en\/wp-json\/wp\/v2\/types\/product"}],"replies":[{"embeddable":true,"href":"https:\/\/monannuaire-conciergerie.fr\/en\/wp-json\/wp\/v2\/comments?post=3325"}],"version-history":[{"count":1,"href":"https:\/\/monannuaire-conciergerie.fr\/en\/wp-json\/wp\/v2\/product\/3325\/revisions"}],"predecessor-version":[{"id":3331,"href":"https:\/\/monannuaire-conciergerie.fr\/en\/wp-json\/wp\/v2\/product\/3325\/revisions\/3331"}],"wp:attachment":[{"href":"https:\/\/monannuaire-conciergerie.fr\/en\/wp-json\/wp\/v2\/media?parent=3325"}],"wp:term":[{"taxonomy":"product_brand","embeddable":true,"href":"https:\/\/monannuaire-conciergerie.fr\/en\/wp-json\/wp\/v2\/product_brand?post=3325"},{"taxonomy":"product_cat","embeddable":true,"href":"https:\/\/monannuaire-conciergerie.fr\/en\/wp-json\/wp\/v2\/product_cat?post=3325"},{"taxonomy":"product_tag","embeddable":true,"href":"https:\/\/monannuaire-conciergerie.fr\/en\/wp-json\/wp\/v2\/product_tag?post=3325"}],"curies":[{"name":"wp","href":"https:\/\/api.w.org\/{rel}","templated":true}]}}