{"id":3356,"date":"2024-12-15T16:46:52","date_gmt":"2024-12-15T15:46:52","guid":{"rendered":"https:\/\/monannuaire-conciergerie.fr\/product\/angiekeys-conciergerie\/"},"modified":"2024-12-17T09:39:49","modified_gmt":"2024-12-17T08:39:49","slug":"angiekeys-conciergerie","status":"publish","type":"product","link":"https:\/\/monannuaire-conciergerie.fr\/en\/product\/angiekeys-conciergerie\/","title":{"rendered":"Angie&amp;Keys Concierge"},"content":{"rendered":"<h2><em><strong>Welcome to Angie&amp;Keys Concierge!<\/strong><\/em><\/h2>\n<p><em><strong>Your trusted concierge for your seasonal rentals!<\/strong><\/em><\/p>\n<ul>\n<li><em><strong>Are you a homeowner looking to enjoy your time while making money? Give us the keys and we&#039;ll take care of everything!<\/strong><\/em><\/li>\n<li><em><strong>We work with professionalism and passion.<\/strong><\/em><\/li>\n<\/ul>\n<p><em><strong>We select properties for our travelers to whom we\u00a0<\/strong><\/em><b><i>We want to provide a unique experience.<\/i><\/b><\/p>\n<p><em><strong>CONTACT US TO GET TO KNOW US\u00a0<\/strong><\/em><\/p>\n<p><em><strong>SEE YOU SOON<\/strong><\/em><\/p>\n<p>&nbsp;<\/p>\n<p>&nbsp;<\/p>","protected":false},"excerpt":{"rendered":"<p>Bienvenue chez Angie&amp;Keys Conciergerie! Votre conciergerie de confiance pour vos locations saisonni\u00e8res! Vous \u00eates propri\u00e9taire et vous souhaitez profiter de votre temps tout en rentabilisant? Confiez-nous les cl\u00e9s on s&#8217;occupe de tout! Nous travaillons avec professionnalisme et passion. Nous s\u00e9lectionnons des biens pour nos voyageurs \u00e0 qui nous\u00a0souhaitons faire vivre une exp\u00e9rience unique. PRENEZ CONTACT AVEC NOUS AFIN DE FAIRE CONNAISSANCE\u00a0 A BIENTOT &nbsp; &nbsp;<\/p>","protected":false},"featured_media":0,"comment_status":"open","ping_status":"closed","template":"","meta":{"inline_featured_image":false,"slim_seo":{"title":"Angie&amp;Keys Conciergerie - Mon annuaire conciergerie","description":"Bienvenue chez Angie&amp;Keys Conciergerie! Votre conciergerie de confiance pour vos locations saisonni\u00e8res! Vous \u00eates propri\u00e9taire et vous souhaitez profiter d"}},"product_brand":[],"product_cat":[21],"product_tag":[],"class_list":{"0":"post-3356","1":"product","2":"type-product","3":"status-publish","5":"product_cat-listeo-booking","7":"first","8":"instock","9":"downloadable","10":"virtual","11":"sold-individually","12":"purchasable","13":"product-type-listing_booking"},"jetpack_sharing_enabled":true,"_links":{"self":[{"href":"https:\/\/monannuaire-conciergerie.fr\/en\/wp-json\/wp\/v2\/product\/3356","targetHints":{"allow":["GET"]}}],"collection":[{"href":"https:\/\/monannuaire-conciergerie.fr\/en\/wp-json\/wp\/v2\/product"}],"about":[{"href":"https:\/\/monannuaire-conciergerie.fr\/en\/wp-json\/wp\/v2\/types\/product"}],"replies":[{"embeddable":true,"href":"https:\/\/monannuaire-conciergerie.fr\/en\/wp-json\/wp\/v2\/comments?post=3356"}],"version-history":[{"count":1,"href":"https:\/\/monannuaire-conciergerie.fr\/en\/wp-json\/wp\/v2\/product\/3356\/revisions"}],"predecessor-version":[{"id":3458,"href":"https:\/\/monannuaire-conciergerie.fr\/en\/wp-json\/wp\/v2\/product\/3356\/revisions\/3458"}],"wp:attachment":[{"href":"https:\/\/monannuaire-conciergerie.fr\/en\/wp-json\/wp\/v2\/media?parent=3356"}],"wp:term":[{"taxonomy":"product_brand","embeddable":true,"href":"https:\/\/monannuaire-conciergerie.fr\/en\/wp-json\/wp\/v2\/product_brand?post=3356"},{"taxonomy":"product_cat","embeddable":true,"href":"https:\/\/monannuaire-conciergerie.fr\/en\/wp-json\/wp\/v2\/product_cat?post=3356"},{"taxonomy":"product_tag","embeddable":true,"href":"https:\/\/monannuaire-conciergerie.fr\/en\/wp-json\/wp\/v2\/product_tag?post=3356"}],"curies":[{"name":"wp","href":"https:\/\/api.w.org\/{rel}","templated":true}]}}