{"id":3384,"date":"2024-12-16T12:08:29","date_gmt":"2024-12-16T11:08:29","guid":{"rendered":"https:\/\/monannuaire-conciergerie.fr\/product\/mesdames-conciergerie\/"},"modified":"2025-01-03T12:45:10","modified_gmt":"2025-01-03T11:45:10","slug":"mesdames-conciergerie","status":"publish","type":"product","link":"https:\/\/monannuaire-conciergerie.fr\/en\/product\/mesdames-conciergerie\/","title":{"rendered":"LADIES CONCIERGE"},"content":{"rendered":"<p>SAVE TIME AND BOOST YOUR INCOME<br \/>\nAre you an owner or investor in short or medium-term rentals?<\/p>\n<p>MESDAMES CONCIERGERIE specializes in property management. Our mission is to free you from all operational constraints. With our expertise, we help you maximize your rental income by optimizing rates and improving your properties&#039; visibility on rental platforms. Our team, always available and responsive, is committed to providing quality service and personalized attention at every step of the process.<\/p>\n<p>Entrust your property to MESDAMES CONCIERGERIE and transform it into a sought-after destination, while benefiting from our expertise to optimize your return.<\/p>\n<p>&nbsp;<\/p>","protected":false},"excerpt":{"rendered":"<p>GAGNEZ DU TEMPS ET BOOSTER VOS REVENUS Vous \u00eates propri\u00e9taire ou investisseur dans la location de courte ou moyenne dur\u00e9e ? MESDAMES CONCIERGERIE est une entreprise sp\u00e9cialis\u00e9e dans l\u2019intendance de vos biens. Notre mission est de vous lib\u00e9rer de toutes contraintes op\u00e9rationnelles. Gr\u00e2ce \u00e0 notre expertise, nous vous aidons \u00e0 maximiser vos revenus locatifs en optimisant les tarifs et en am\u00e9liorant la visibilit\u00e9 de vos biens sur les plateformes de location. Notre \u00e9quipe, toujours disponible et r\u00e9active, s&#8217;engage \u00e0 fournir un service de qualit\u00e9 et une attention personnalis\u00e9e \u00e0 chaque \u00e9tape du processus. Confiez votre bien \u00e0 MESDAMES CONCIERGERIE et transformez-le en une destination pris\u00e9e, tout en b\u00e9n\u00e9ficiant de notre expertise pour optimiser votre rendement. &nbsp;<\/p>","protected":false},"featured_media":0,"comment_status":"open","ping_status":"closed","template":"","meta":{"inline_featured_image":false,"slim_seo":{"title":"MESDAMES CONCIERGERIE - Mon annuaire conciergerie","description":"GAGNEZ DU TEMPS ET BOOSTER VOS REVENUS Vous \u00eates propri\u00e9taire ou investisseur dans la location de courte ou moyenne dur\u00e9e ? MESDAMES CONCIERGERIE est une entrep"}},"product_brand":[],"product_cat":[21],"product_tag":[],"class_list":{"0":"post-3384","1":"product","2":"type-product","3":"status-publish","5":"product_cat-listeo-booking","7":"first","8":"instock","9":"downloadable","10":"virtual","11":"sold-individually","12":"purchasable","13":"product-type-listing_booking"},"jetpack_sharing_enabled":true,"_links":{"self":[{"href":"https:\/\/monannuaire-conciergerie.fr\/en\/wp-json\/wp\/v2\/product\/3384","targetHints":{"allow":["GET"]}}],"collection":[{"href":"https:\/\/monannuaire-conciergerie.fr\/en\/wp-json\/wp\/v2\/product"}],"about":[{"href":"https:\/\/monannuaire-conciergerie.fr\/en\/wp-json\/wp\/v2\/types\/product"}],"replies":[{"embeddable":true,"href":"https:\/\/monannuaire-conciergerie.fr\/en\/wp-json\/wp\/v2\/comments?post=3384"}],"version-history":[{"count":1,"href":"https:\/\/monannuaire-conciergerie.fr\/en\/wp-json\/wp\/v2\/product\/3384\/revisions"}],"predecessor-version":[{"id":3387,"href":"https:\/\/monannuaire-conciergerie.fr\/en\/wp-json\/wp\/v2\/product\/3384\/revisions\/3387"}],"wp:attachment":[{"href":"https:\/\/monannuaire-conciergerie.fr\/en\/wp-json\/wp\/v2\/media?parent=3384"}],"wp:term":[{"taxonomy":"product_brand","embeddable":true,"href":"https:\/\/monannuaire-conciergerie.fr\/en\/wp-json\/wp\/v2\/product_brand?post=3384"},{"taxonomy":"product_cat","embeddable":true,"href":"https:\/\/monannuaire-conciergerie.fr\/en\/wp-json\/wp\/v2\/product_cat?post=3384"},{"taxonomy":"product_tag","embeddable":true,"href":"https:\/\/monannuaire-conciergerie.fr\/en\/wp-json\/wp\/v2\/product_tag?post=3384"}],"curies":[{"name":"wp","href":"https:\/\/api.w.org\/{rel}","templated":true}]}}