{"id":3396,"date":"2024-12-16T12:15:11","date_gmt":"2024-12-16T11:15:11","guid":{"rendered":"https:\/\/monannuaire-conciergerie.fr\/product\/loc-n-keys-2\/"},"modified":"2025-01-21T09:06:12","modified_gmt":"2025-01-21T08:06:12","slug":"loc-n-keys-2","status":"publish","type":"product","link":"https:\/\/monannuaire-conciergerie.fr\/en\/product\/loc-n-keys-2\/","title":{"rendered":"The Ocean Keys"},"content":{"rendered":"<p>L\u2019Oc n Keys Conciergerie vous accompagne dans la gestion de vos biens en location saisonni\u00e8re avec des services sur mesure. Nous assurons la gestion compl\u00e8te des check-ins\/check-outs, m\u00e9nage, blanchisserie et proposons des services de conciergerie (r\u00e9servation d\u2019activit\u00e9s, restaurants, transport). Chaque bien est valoris\u00e9 gr\u00e2ce \u00e0 notre expertise locale et notre engagement \u00e0 offrir une exp\u00e9rience unique \u00e0 vos locataires. Simplifiez la gestion de vos propri\u00e9t\u00e9s et garantissez des s\u00e9jours m\u00e9morables gr\u00e2ce \u00e0 notre service fiable et personnalis\u00e9.<\/p>","protected":false},"excerpt":{"rendered":"<p>L\u2019Oc n Keys Conciergerie vous accompagne dans la gestion de vos biens en location saisonni\u00e8re avec des services sur mesure. Nous assurons la gestion compl\u00e8te des check-ins\/check-outs, m\u00e9nage, blanchisserie et proposons des services de conciergerie (r\u00e9servation d\u2019activit\u00e9s, restaurants, transport). Chaque bien est valoris\u00e9 gr\u00e2ce \u00e0 notre expertise locale et notre engagement \u00e0 offrir une exp\u00e9rience unique \u00e0 vos locataires. Simplifiez la gestion de vos propri\u00e9t\u00e9s et garantissez des s\u00e9jours m\u00e9morables gr\u00e2ce \u00e0 notre service fiable et personnalis\u00e9.<\/p>","protected":false},"featured_media":0,"comment_status":"open","ping_status":"closed","template":"","meta":{"inline_featured_image":false,"slim_seo":{"title":"L'Oc n Keys - Mon annuaire conciergerie","description":"L'Oc n Keys Conciergerie vous accompagne dans la gestion de vos biens en location saisonni\u00e8re avec des services sur mesure. Nous assurons la gestion compl\u00e8te de"}},"product_brand":[],"product_cat":[21],"product_tag":[],"class_list":{"0":"post-3396","1":"product","2":"type-product","3":"status-publish","5":"product_cat-listeo-booking","7":"first","8":"instock","9":"downloadable","10":"virtual","11":"sold-individually","12":"purchasable","13":"product-type-listing_booking"},"jetpack_sharing_enabled":true,"_links":{"self":[{"href":"https:\/\/monannuaire-conciergerie.fr\/en\/wp-json\/wp\/v2\/product\/3396","targetHints":{"allow":["GET"]}}],"collection":[{"href":"https:\/\/monannuaire-conciergerie.fr\/en\/wp-json\/wp\/v2\/product"}],"about":[{"href":"https:\/\/monannuaire-conciergerie.fr\/en\/wp-json\/wp\/v2\/types\/product"}],"replies":[{"embeddable":true,"href":"https:\/\/monannuaire-conciergerie.fr\/en\/wp-json\/wp\/v2\/comments?post=3396"}],"version-history":[{"count":1,"href":"https:\/\/monannuaire-conciergerie.fr\/en\/wp-json\/wp\/v2\/product\/3396\/revisions"}],"predecessor-version":[{"id":3459,"href":"https:\/\/monannuaire-conciergerie.fr\/en\/wp-json\/wp\/v2\/product\/3396\/revisions\/3459"}],"wp:attachment":[{"href":"https:\/\/monannuaire-conciergerie.fr\/en\/wp-json\/wp\/v2\/media?parent=3396"}],"wp:term":[{"taxonomy":"product_brand","embeddable":true,"href":"https:\/\/monannuaire-conciergerie.fr\/en\/wp-json\/wp\/v2\/product_brand?post=3396"},{"taxonomy":"product_cat","embeddable":true,"href":"https:\/\/monannuaire-conciergerie.fr\/en\/wp-json\/wp\/v2\/product_cat?post=3396"},{"taxonomy":"product_tag","embeddable":true,"href":"https:\/\/monannuaire-conciergerie.fr\/en\/wp-json\/wp\/v2\/product_tag?post=3396"}],"curies":[{"name":"wp","href":"https:\/\/api.w.org\/{rel}","templated":true}]}}