{"id":3446,"date":"2024-12-16T20:49:09","date_gmt":"2024-12-16T19:49:09","guid":{"rendered":"https:\/\/monannuaire-conciergerie.fr\/product\/nidalsace-2\/"},"modified":"2025-01-24T11:18:14","modified_gmt":"2025-01-24T10:18:14","slug":"nidalsace-2","status":"publish","type":"product","link":"https:\/\/monannuaire-conciergerie.fr\/en\/product\/nidalsace-2\/","title":{"rendered":"Nest of Alsace"},"content":{"rendered":"<p>Passionate about our work, we are committed to providing professional services that will free your mind.<\/p>\n<p>Entrust us with the management of your accommodation, we take care of everything.<\/p>\n<p>Do not hesitate to contact us for further information.<\/p>\n<p>&nbsp;<\/p>","protected":false},"excerpt":{"rendered":"<p>Passionn\u00e9es par notre m\u00e9tier, nous avons \u00e0 c\u0153ur de fournir des services professionnelles qui permettra de vous lib\u00e9rer l&#8217;esprit. Confiez-nous l&#8217;intendance de votre logement, nous nous occupons de tout. N&#8217;h\u00e9sitez pas \u00e0 nous contacter pour obtenir d&#8217;avantages d&#8217;informations. &nbsp;<\/p>","protected":false},"featured_media":0,"comment_status":"open","ping_status":"closed","template":"","meta":{"inline_featured_image":false,"slim_seo":{"title":"Nid'Alsace - Mon annuaire conciergerie","description":"Passionn\u00e9es par notre m\u00e9tier, nous avons \u00e0 c\u0153ur de fournir des services professionnelles qui permettra de vous lib\u00e9rer l'esprit. Confiez-nous l'intendance de vo"}},"product_brand":[],"product_cat":[21],"product_tag":[],"class_list":{"0":"post-3446","1":"product","2":"type-product","3":"status-publish","5":"product_cat-listeo-booking","7":"first","8":"instock","9":"downloadable","10":"virtual","11":"sold-individually","12":"purchasable","13":"product-type-listing_booking"},"jetpack_sharing_enabled":true,"_links":{"self":[{"href":"https:\/\/monannuaire-conciergerie.fr\/en\/wp-json\/wp\/v2\/product\/3446","targetHints":{"allow":["GET"]}}],"collection":[{"href":"https:\/\/monannuaire-conciergerie.fr\/en\/wp-json\/wp\/v2\/product"}],"about":[{"href":"https:\/\/monannuaire-conciergerie.fr\/en\/wp-json\/wp\/v2\/types\/product"}],"replies":[{"embeddable":true,"href":"https:\/\/monannuaire-conciergerie.fr\/en\/wp-json\/wp\/v2\/comments?post=3446"}],"version-history":[{"count":1,"href":"https:\/\/monannuaire-conciergerie.fr\/en\/wp-json\/wp\/v2\/product\/3446\/revisions"}],"predecessor-version":[{"id":3667,"href":"https:\/\/monannuaire-conciergerie.fr\/en\/wp-json\/wp\/v2\/product\/3446\/revisions\/3667"}],"wp:attachment":[{"href":"https:\/\/monannuaire-conciergerie.fr\/en\/wp-json\/wp\/v2\/media?parent=3446"}],"wp:term":[{"taxonomy":"product_brand","embeddable":true,"href":"https:\/\/monannuaire-conciergerie.fr\/en\/wp-json\/wp\/v2\/product_brand?post=3446"},{"taxonomy":"product_cat","embeddable":true,"href":"https:\/\/monannuaire-conciergerie.fr\/en\/wp-json\/wp\/v2\/product_cat?post=3446"},{"taxonomy":"product_tag","embeddable":true,"href":"https:\/\/monannuaire-conciergerie.fr\/en\/wp-json\/wp\/v2\/product_tag?post=3446"}],"curies":[{"name":"wp","href":"https:\/\/api.w.org\/{rel}","templated":true}]}}