{"id":3474,"date":"2024-12-17T18:08:17","date_gmt":"2024-12-17T17:08:17","guid":{"rendered":"https:\/\/monannuaire-conciergerie.fr\/product\/hote-des-alpes\/"},"modified":"2025-04-23T21:12:26","modified_gmt":"2025-04-23T19:12:26","slug":"hote-des-alpes","status":"publish","type":"product","link":"https:\/\/monannuaire-conciergerie.fr\/en\/product\/hote-des-alpes\/","title":{"rendered":"Host of the Alps"},"content":{"rendered":"<p>Free yourself from the hassle and time-wasting of managing your rentals!<br \/>\nOptez pour une prestation professionnelle qui maximise vos revenus et optimise le taux d\u2019occupation de votre bien.<br \/>\nSuivez l\u2019activit\u00e9 de votre logement en toute transparence, pour obtenir des r\u00e9sultats plus rapidement tout en assurant le bien-\u00eatre de votre propri\u00e9t\u00e9 !<\/p>","protected":false},"excerpt":{"rendered":"<p>Lib\u00e9rez-vous des tracas et des pertes de temps li\u00e9s \u00e0 la gestion de vos locations ! Optez pour une prestation professionnelle qui maximise vos revenus et optimise le taux d\u2019occupation de votre bien. Suivez l\u2019activit\u00e9 de votre logement en toute transparence, pour obtenir des r\u00e9sultats plus rapidement tout en assurant le bien-\u00eatre de votre propri\u00e9t\u00e9 !<\/p>","protected":false},"featured_media":0,"comment_status":"open","ping_status":"closed","template":"","meta":{"inline_featured_image":false,"slim_seo":{"title":"H\u00f4te des Alpes - Mon annuaire conciergerie","description":"Lib\u00e9rez-vous des tracas et des pertes de temps li\u00e9s \u00e0 la gestion de vos locations ! Optez pour une prestation professionnelle qui maximise vos revenus et optimi"}},"product_brand":[],"product_cat":[21],"product_tag":[],"class_list":{"0":"post-3474","1":"product","2":"type-product","3":"status-publish","5":"product_cat-listeo-booking","7":"first","8":"instock","9":"downloadable","10":"virtual","11":"sold-individually","12":"purchasable","13":"product-type-listing_booking"},"jetpack_sharing_enabled":true,"_links":{"self":[{"href":"https:\/\/monannuaire-conciergerie.fr\/en\/wp-json\/wp\/v2\/product\/3474","targetHints":{"allow":["GET"]}}],"collection":[{"href":"https:\/\/monannuaire-conciergerie.fr\/en\/wp-json\/wp\/v2\/product"}],"about":[{"href":"https:\/\/monannuaire-conciergerie.fr\/en\/wp-json\/wp\/v2\/types\/product"}],"replies":[{"embeddable":true,"href":"https:\/\/monannuaire-conciergerie.fr\/en\/wp-json\/wp\/v2\/comments?post=3474"}],"version-history":[{"count":1,"href":"https:\/\/monannuaire-conciergerie.fr\/en\/wp-json\/wp\/v2\/product\/3474\/revisions"}],"predecessor-version":[{"id":3477,"href":"https:\/\/monannuaire-conciergerie.fr\/en\/wp-json\/wp\/v2\/product\/3474\/revisions\/3477"}],"wp:attachment":[{"href":"https:\/\/monannuaire-conciergerie.fr\/en\/wp-json\/wp\/v2\/media?parent=3474"}],"wp:term":[{"taxonomy":"product_brand","embeddable":true,"href":"https:\/\/monannuaire-conciergerie.fr\/en\/wp-json\/wp\/v2\/product_brand?post=3474"},{"taxonomy":"product_cat","embeddable":true,"href":"https:\/\/monannuaire-conciergerie.fr\/en\/wp-json\/wp\/v2\/product_cat?post=3474"},{"taxonomy":"product_tag","embeddable":true,"href":"https:\/\/monannuaire-conciergerie.fr\/en\/wp-json\/wp\/v2\/product_tag?post=3474"}],"curies":[{"name":"wp","href":"https:\/\/api.w.org\/{rel}","templated":true}]}}