{"id":3487,"date":"2024-12-18T14:02:39","date_gmt":"2024-12-18T13:02:39","guid":{"rendered":"https:\/\/monannuaire-conciergerie.fr\/product\/host-burgundy\/"},"modified":"2025-05-18T16:32:24","modified_gmt":"2025-05-18T14:32:24","slug":"host-burgundy","status":"publish","type":"product","link":"https:\/\/monannuaire-conciergerie.fr\/en\/product\/host-burgundy\/","title":{"rendered":"Host Burgundy"},"content":{"rendered":"<p>Host Burgundy est une conciergerie situ\u00e9e en Bourgogne fond\u00e9e par deux amies, agents commerciaux en immobilier depuis quelques ann\u00e9es. Ensemble, elles proposent des services personnalis\u00e9s aux propri\u00e9taires souhaitant augmenter leurs revenus locatifs en toute simplicit\u00e9 gr\u00e2ce \u00e0 la location courte dur\u00e9e en leur assurant tranquillit\u00e9 d\u2019esprit et aux voyageurs un accueil chaleureux.<\/p>\n<p>The concierge service is present in 3 sectors:<\/p>\n<p>\u2013 <strong>Chalon\/Sa\u00f4ne and Moulins with Val\u00e9rie: 06 18 08 43 70.<\/strong><\/p>\n<p>\u2013 <strong>Dijon and its surroundings with Fabienne: 06 64 85 80 69<\/strong><\/p>\n<p>\u00a0<\/p>","protected":false},"excerpt":{"rendered":"<p>Host Burgundy est une conciergerie situ\u00e9e en Bourgogne fond\u00e9e par deux amies, agents commerciaux en immobilier depuis quelques ann\u00e9es. Ensemble, elles proposent des services personnalis\u00e9s aux propri\u00e9taires souhaitant augmenter leurs revenus locatifs en toute simplicit\u00e9 gr\u00e2ce \u00e0 la location courte dur\u00e9e en leur assurant tranquillit\u00e9 d\u2019esprit et aux voyageurs un accueil chaleureux. La conciergerie est pr\u00e9sente sur 3 secteurs : \u2013 Chalon\/Sa\u00f4ne et Moulins avec Val\u00e9rie : 06 18 08 43 70. \u2013 Dijon et ses alentours avec Fabienne : 06 64 85 80 69 \u00a0<\/p>","protected":false},"featured_media":0,"comment_status":"open","ping_status":"closed","template":"","meta":{"inline_featured_image":false,"slim_seo":{"title":"Host Burgundy - Mon annuaire conciergerie","description":"Host Burgundy est une conciergerie situ\u00e9e en Bourgogne fond\u00e9e par deux amies, agents commerciaux en immobilier depuis quelques ann\u00e9es. Ensemble, elles proposent"}},"product_brand":[],"product_cat":[21],"product_tag":[],"class_list":{"0":"post-3487","1":"product","2":"type-product","3":"status-publish","5":"product_cat-listeo-booking","7":"first","8":"instock","9":"downloadable","10":"virtual","11":"sold-individually","12":"purchasable","13":"product-type-listing_booking"},"jetpack_sharing_enabled":true,"_links":{"self":[{"href":"https:\/\/monannuaire-conciergerie.fr\/en\/wp-json\/wp\/v2\/product\/3487","targetHints":{"allow":["GET"]}}],"collection":[{"href":"https:\/\/monannuaire-conciergerie.fr\/en\/wp-json\/wp\/v2\/product"}],"about":[{"href":"https:\/\/monannuaire-conciergerie.fr\/en\/wp-json\/wp\/v2\/types\/product"}],"replies":[{"embeddable":true,"href":"https:\/\/monannuaire-conciergerie.fr\/en\/wp-json\/wp\/v2\/comments?post=3487"}],"version-history":[{"count":3,"href":"https:\/\/monannuaire-conciergerie.fr\/en\/wp-json\/wp\/v2\/product\/3487\/revisions"}],"predecessor-version":[{"id":3494,"href":"https:\/\/monannuaire-conciergerie.fr\/en\/wp-json\/wp\/v2\/product\/3487\/revisions\/3494"}],"wp:attachment":[{"href":"https:\/\/monannuaire-conciergerie.fr\/en\/wp-json\/wp\/v2\/media?parent=3487"}],"wp:term":[{"taxonomy":"product_brand","embeddable":true,"href":"https:\/\/monannuaire-conciergerie.fr\/en\/wp-json\/wp\/v2\/product_brand?post=3487"},{"taxonomy":"product_cat","embeddable":true,"href":"https:\/\/monannuaire-conciergerie.fr\/en\/wp-json\/wp\/v2\/product_cat?post=3487"},{"taxonomy":"product_tag","embeddable":true,"href":"https:\/\/monannuaire-conciergerie.fr\/en\/wp-json\/wp\/v2\/product_tag?post=3487"}],"curies":[{"name":"wp","href":"https:\/\/api.w.org\/{rel}","templated":true}]}}