{"id":3505,"date":"2024-12-19T13:53:45","date_gmt":"2024-12-19T12:53:45","guid":{"rendered":"https:\/\/monannuaire-conciergerie.fr\/product\/ti-lo-conciergerie\/"},"modified":"2025-08-19T15:34:03","modified_gmt":"2025-08-19T13:34:03","slug":"ti-lo-conciergerie","status":"publish","type":"product","link":"https:\/\/monannuaire-conciergerie.fr\/en\/product\/ti-lo-conciergerie\/","title":{"rendered":"Ti L\u00f4 concierge service"},"content":{"rendered":"<p>Welcome to Ti L\u00f4, an authentic and welcoming concierge service, founded in 2024 by a young Breton couple, passionate about hospitality and sharing.<\/p>\n<p>We firmly believe that every stay is a unique opportunity to create unforgettable memories, for both owners and travelers. Our goal is to ensure customer satisfaction by offering personalized advice and quality service.<\/p>\n<p>&nbsp;<\/p>\n<p>Available 24\/7<\/p>\n<p>7 days a week, by email.<\/p>","protected":false},"excerpt":{"rendered":"<p>Bienvenue chez Ti L\u00f4 ,Une conciergerie Authentique et chaleureuse, fond\u00e9e en 2024 par un jeune couple Breton, passionn\u00e9 par l\u2019accueil et le partage. Nous croyons fermement que chaque s\u00e9jour est une occasion unique de cr\u00e9er des souvenirs inoubliables, tant pour les propri\u00e9taires que pour les voyageurs. Notre objectif est de garantir la satisfaction de nos clients en offrant des conseils personnalis\u00e9s et un service de qualit\u00e9. &nbsp; Disponible 24h\/24 7jrs\/7, par Mail.<\/p>","protected":false},"featured_media":0,"comment_status":"open","ping_status":"closed","template":"","meta":{"inline_featured_image":false,"slim_seo":{"title":"Ti L\u00f4 conciergerie - Mon annuaire conciergerie","description":"Bienvenue chez Ti L\u00f4 ,Une conciergerie Authentique et chaleureuse, fond\u00e9e en 2024 par un jeune couple Breton, passionn\u00e9 par l\u2019accueil et le partage. Nous croyon"}},"product_brand":[],"product_cat":[372],"product_tag":[],"class_list":{"0":"post-3505","1":"product","2":"type-product","3":"status-publish","5":"product_cat-listeo-booking-2","7":"first","8":"instock","9":"downloadable","10":"virtual","11":"sold-individually","12":"purchasable","13":"product-type-listing_booking"},"jetpack_sharing_enabled":true,"_links":{"self":[{"href":"https:\/\/monannuaire-conciergerie.fr\/en\/wp-json\/wp\/v2\/product\/3505","targetHints":{"allow":["GET"]}}],"collection":[{"href":"https:\/\/monannuaire-conciergerie.fr\/en\/wp-json\/wp\/v2\/product"}],"about":[{"href":"https:\/\/monannuaire-conciergerie.fr\/en\/wp-json\/wp\/v2\/types\/product"}],"replies":[{"embeddable":true,"href":"https:\/\/monannuaire-conciergerie.fr\/en\/wp-json\/wp\/v2\/comments?post=3505"}],"version-history":[{"count":1,"href":"https:\/\/monannuaire-conciergerie.fr\/en\/wp-json\/wp\/v2\/product\/3505\/revisions"}],"predecessor-version":[{"id":3508,"href":"https:\/\/monannuaire-conciergerie.fr\/en\/wp-json\/wp\/v2\/product\/3505\/revisions\/3508"}],"wp:attachment":[{"href":"https:\/\/monannuaire-conciergerie.fr\/en\/wp-json\/wp\/v2\/media?parent=3505"}],"wp:term":[{"taxonomy":"product_brand","embeddable":true,"href":"https:\/\/monannuaire-conciergerie.fr\/en\/wp-json\/wp\/v2\/product_brand?post=3505"},{"taxonomy":"product_cat","embeddable":true,"href":"https:\/\/monannuaire-conciergerie.fr\/en\/wp-json\/wp\/v2\/product_cat?post=3505"},{"taxonomy":"product_tag","embeddable":true,"href":"https:\/\/monannuaire-conciergerie.fr\/en\/wp-json\/wp\/v2\/product_tag?post=3505"}],"curies":[{"name":"wp","href":"https:\/\/api.w.org\/{rel}","templated":true}]}}