{"id":3545,"date":"2024-12-21T12:56:19","date_gmt":"2024-12-21T11:56:19","guid":{"rendered":"https:\/\/monannuaire-conciergerie.fr\/product\/cpm-conciergerie\/"},"modified":"2026-01-26T02:32:36","modified_gmt":"2026-01-26T01:32:36","slug":"cpm-conciergerie","status":"publish","type":"product","link":"https:\/\/monannuaire-conciergerie.fr\/en\/product\/cpm-conciergerie\/","title":{"rendered":"CPM CONCIERGE"},"content":{"rendered":"<p>Our concierge service takes care of the complete management of your tourist rental.<\/p>\n<p>Finding tenants, preparing the property, managing arrivals and departures, inventory of fixtures... we aim to maximize the profitability of your property while providing a quality stay experience for your guests.<\/p>\n<p>Our strengths: reliability, seriousness and attention to detail<\/p>\n<p>We are present in Guadeloupe but also in the Alps.<\/p>","protected":false},"excerpt":{"rendered":"<p>Notre service de conciergerie prend en charge la gestion compl\u00e8te de votre location touristique. Recherche de locataires, pr\u00e9paration du logement, gestion des arriv\u00e9es et des d\u00e9parts, \u00e9tat des lieux&#8230; nous visons \u00e0 maximiser la rentabilit\u00e9 de votre propri\u00e9t\u00e9 tout en offrant une exp\u00e9rience de s\u00e9jour de qualit\u00e9 \u00e0 vos voyageurs. Nos plus : fiabilit\u00e9, s\u00e9rieux et soucis du d\u00e9tail Nous sommes pr\u00e9sents sur la Guadeloupe mais \u00e9galement dans les Alpes.<\/p>","protected":false},"featured_media":0,"comment_status":"open","ping_status":"closed","template":"","meta":{"inline_featured_image":false,"slim_seo":{"title":"CPM CONCIERGERIE - Mon annuaire conciergerie","description":"Notre service de conciergerie prend en charge la gestion compl\u00e8te de votre location touristique. Recherche de locataires, pr\u00e9paration du logement, gestion des a"}},"product_brand":[],"product_cat":[372],"product_tag":[],"class_list":{"0":"post-3545","1":"product","2":"type-product","3":"status-publish","5":"product_cat-listeo-booking-2","7":"first","8":"instock","9":"downloadable","10":"virtual","11":"sold-individually","12":"purchasable","13":"product-type-listing_booking"},"jetpack_sharing_enabled":true,"_links":{"self":[{"href":"https:\/\/monannuaire-conciergerie.fr\/en\/wp-json\/wp\/v2\/product\/3545","targetHints":{"allow":["GET"]}}],"collection":[{"href":"https:\/\/monannuaire-conciergerie.fr\/en\/wp-json\/wp\/v2\/product"}],"about":[{"href":"https:\/\/monannuaire-conciergerie.fr\/en\/wp-json\/wp\/v2\/types\/product"}],"replies":[{"embeddable":true,"href":"https:\/\/monannuaire-conciergerie.fr\/en\/wp-json\/wp\/v2\/comments?post=3545"}],"version-history":[{"count":2,"href":"https:\/\/monannuaire-conciergerie.fr\/en\/wp-json\/wp\/v2\/product\/3545\/revisions"}],"predecessor-version":[{"id":3562,"href":"https:\/\/monannuaire-conciergerie.fr\/en\/wp-json\/wp\/v2\/product\/3545\/revisions\/3562"}],"wp:attachment":[{"href":"https:\/\/monannuaire-conciergerie.fr\/en\/wp-json\/wp\/v2\/media?parent=3545"}],"wp:term":[{"taxonomy":"product_brand","embeddable":true,"href":"https:\/\/monannuaire-conciergerie.fr\/en\/wp-json\/wp\/v2\/product_brand?post=3545"},{"taxonomy":"product_cat","embeddable":true,"href":"https:\/\/monannuaire-conciergerie.fr\/en\/wp-json\/wp\/v2\/product_cat?post=3545"},{"taxonomy":"product_tag","embeddable":true,"href":"https:\/\/monannuaire-conciergerie.fr\/en\/wp-json\/wp\/v2\/product_tag?post=3545"}],"curies":[{"name":"wp","href":"https:\/\/api.w.org\/{rel}","templated":true}]}}