{"id":3653,"date":"2025-01-22T13:13:02","date_gmt":"2025-01-22T12:13:02","guid":{"rendered":"https:\/\/monannuaire-conciergerie.fr\/product\/mademoiselle-izia-conciergerie\/"},"modified":"2025-01-24T11:16:56","modified_gmt":"2025-01-24T10:16:56","slug":"mademoiselle-izia-conciergerie","status":"publish","type":"product","link":"https:\/\/monannuaire-conciergerie.fr\/en\/product\/mademoiselle-izia-conciergerie\/","title":{"rendered":"Miss Izia concierge"},"content":{"rendered":"<p>Our concierge service, specializing in short-term rentals, offers intelligent management of your properties and optimization of your rental income.<\/p>\n<p>Whether you own an apartment, a house, an investment property, or more, we can help you navigate the short-term rental market.<\/p>\n<p>We are here to listen to you, and our goal is to relieve you of daily logistical constraints and optimize your rental properties. We are here to support you as a truly trusted partner.<\/p>\n<p>It&#039;s a win-win. Save time, save money!<\/p>","protected":false},"excerpt":{"rendered":"<p>Notre conciergerie sp\u00e9cialis\u00e9e en location courte dur\u00e9e vous propose une gestion intelligente de vos biens et une optimisation de vos revenus locatifs. Que vous poss\u00e9diez un appartement, une maison, un immeuble de rapport ou plus encore, nous vous\u00a0accompagnons\u00a0sur le march\u00e9 de la location courte dur\u00e9e. Nous sommes \u00e0 votre \u00e9coute et notre objectif est de vous d\u00e9charger des contraintes logistiques quotidiennes et d\u2019optimiser vos biens locatifs. Nous sommes l\u00e0 pour vous accompagner en tant que v\u00e9ritable partenaire de confiance. C&#8217;est\u00a0gagnant-gagnant. \u00c9conomisez du temps,\u00a0gagnez de l\u2019argent !<\/p>","protected":false},"featured_media":0,"comment_status":"open","ping_status":"closed","template":"","meta":{"inline_featured_image":false,"slim_seo":{"title":"Mademoiselle Izia conciergerie - Mon annuaire conciergerie","description":"Notre conciergerie sp\u00e9cialis\u00e9e en location courte dur\u00e9e vous propose une gestion intelligente de vos biens et une optimisation de vos revenus locatifs. Que vous"}},"product_brand":[],"product_cat":[21],"product_tag":[],"class_list":{"0":"post-3653","1":"product","2":"type-product","3":"status-publish","5":"product_cat-listeo-booking","7":"first","8":"instock","9":"downloadable","10":"virtual","11":"sold-individually","12":"purchasable","13":"product-type-listing_booking"},"jetpack_sharing_enabled":true,"_links":{"self":[{"href":"https:\/\/monannuaire-conciergerie.fr\/en\/wp-json\/wp\/v2\/product\/3653","targetHints":{"allow":["GET"]}}],"collection":[{"href":"https:\/\/monannuaire-conciergerie.fr\/en\/wp-json\/wp\/v2\/product"}],"about":[{"href":"https:\/\/monannuaire-conciergerie.fr\/en\/wp-json\/wp\/v2\/types\/product"}],"replies":[{"embeddable":true,"href":"https:\/\/monannuaire-conciergerie.fr\/en\/wp-json\/wp\/v2\/comments?post=3653"}],"version-history":[{"count":1,"href":"https:\/\/monannuaire-conciergerie.fr\/en\/wp-json\/wp\/v2\/product\/3653\/revisions"}],"predecessor-version":[{"id":3656,"href":"https:\/\/monannuaire-conciergerie.fr\/en\/wp-json\/wp\/v2\/product\/3653\/revisions\/3656"}],"wp:attachment":[{"href":"https:\/\/monannuaire-conciergerie.fr\/en\/wp-json\/wp\/v2\/media?parent=3653"}],"wp:term":[{"taxonomy":"product_brand","embeddable":true,"href":"https:\/\/monannuaire-conciergerie.fr\/en\/wp-json\/wp\/v2\/product_brand?post=3653"},{"taxonomy":"product_cat","embeddable":true,"href":"https:\/\/monannuaire-conciergerie.fr\/en\/wp-json\/wp\/v2\/product_cat?post=3653"},{"taxonomy":"product_tag","embeddable":true,"href":"https:\/\/monannuaire-conciergerie.fr\/en\/wp-json\/wp\/v2\/product_tag?post=3653"}],"curies":[{"name":"wp","href":"https:\/\/api.w.org\/{rel}","templated":true}]}}