{"id":3696,"date":"2025-01-30T12:20:57","date_gmt":"2025-01-30T11:20:57","guid":{"rendered":"https:\/\/monannuaire-conciergerie.fr\/product\/doux-et-charme-conciergerie\/"},"modified":"2025-03-05T17:39:40","modified_gmt":"2025-03-05T16:39:40","slug":"doux-et-charme-conciergerie","status":"publish","type":"product","link":"https:\/\/monannuaire-conciergerie.fr\/en\/product\/doux-et-charme-conciergerie\/","title":{"rendered":"SOFT AND CHARMING CONCIERGE"},"content":{"rendered":"<h1>Enhance your short and medium-term rentals in Provence and Verdon with our local expertise<\/h1>\n<p>Once upon a time, there was Doux, the friend of starry nights, who loved to curl up in silky sheets, rocked by the softness of a mattress worthy of dreams.<\/p>\n<p>And then there was Charme, an accomplice in peaceful hours, who savored the pleasure of reading, losing herself in melodies, or thinking about her crossword puzzles in a cocoon of harmony and tranquility.<\/p>\n<p>Doux and Charme embody the soul of this conciergerie, a refuge of emotions designed to offer travelers a unique poetic experience.<\/p>\n<p>In the Verdon region, between the splendor of the lakes and the hills bathed in the scents of Provence, the Doux et Charme team displays its art with dedication and passion. An invitation to experience the very essence of serenity and delight.<\/p>\n<h2>The Soul of Sweet and Charm: Passion, Serenity and Excellence<\/h2>\n<p>Under the loving guidance of Delphine, Doux et Charme embodies a unique vision of concierge services in Provence. More than just a service, it&#039;s a promise of excellence and authenticity, driven by strong human values and a passion for the region.<\/p>\n<p>A small, human-scale business, Doux et Charme strives to create unforgettable experiences for travelers while offering owners complete peace of mind. Every detail counts: from silky-soft sheets to small gestures that make a difference, to personalized, carefully designed services.<\/p>\n<p>By choosing Doux et Charme, you are opting for:<\/p>\n<ul>\n<li>Local expertise that enhances each property.<\/li>\n<li>A warm and human approach.<\/li>\n<li>A passionate team, always available to meet specific needs.<\/li>\n<\/ul>\n<p>Our mission? To create a bridge between owners and travelers to make each stay a unique adventure, immersed in the timeless beauty of the Verdon and its surroundings. Whether you&#039;re in Gr\u00e9oux-les-Bains, Valensole, Riez, Moustiers-Sainte-Marie, Vinon-sur-Verdon, Manosque, or Aix-en-Provence, we&#039;re here to make every moment a memorable one.<\/p>\n<p>&nbsp;<\/p>","protected":false},"excerpt":{"rendered":"<p>Sublimez vos locations courte et moyenne dur\u00e9e en Provence et dans le Verdon avec notre expertise locale Il \u00e9tait une fois Doux, l\u2019ami des nuits \u00e9toil\u00e9es, qui aimait se lover dans des draps soyeux, berc\u00e9 par la douceur d\u2019un matelas digne des songes. Et puis, il y avait Charme, complice des heures paisibles, qui savourait le plaisir de lire, de se perdre dans des m\u00e9lodies, ou de r\u00e9fl\u00e9chir \u00e0 ses mots crois\u00e9s dans un cocon d\u2019harmonie et de qui\u00e9tude. Doux et Charme incarnent l\u2019\u00e2me de cette conciergerie, un refuge d\u2019\u00e9motions con\u00e7u pour offrir aux voyageurs une exp\u00e9rience po\u00e9tique unique. Dans la contr\u00e9e du Verdon, entre l\u2019\u00e9clat des lacs et les collines baign\u00e9es de senteurs proven\u00e7ales, l\u2019\u00e9quipe de Doux et Charme d\u00e9ploie son art avec disponibilit\u00e9 et passion. Une invitation \u00e0 go\u00fbter l\u2019essence m\u00eame de la s\u00e9r\u00e9nit\u00e9 et du ravissement. L&#8217;\u00c2me de Doux et Charme : Passion, S\u00e9r\u00e9nit\u00e9 et Excellence Sous la conduite bienveillante de Delphine, Doux et Charme incarne une vision unique de la conciergerie en Provence. Plus qu\u2019un simple service, c\u2019est une promesse d\u2019excellence et d\u2019authenticit\u00e9, port\u00e9e par des valeurs humaines fortes et une passion pour le territoire. Petite entreprise \u00e0 taille humaine, Doux et Charme s\u2019attache \u00e0 cr\u00e9er des exp\u00e9riences inoubliables pour les voyageurs tout en offrant aux propri\u00e9taires une tranquillit\u00e9 d\u2019esprit totale. Chaque d\u00e9tail compte : des draps soyeux aux petits gestes qui font la diff\u00e9rence, en passant par des prestations personnalis\u00e9es, pens\u00e9es avec soin. En choisissant Doux et Charme, vous optez pour : Une expertise locale qui valorise chaque propri\u00e9t\u00e9. Une approche humaine et chaleureuse. Une \u00e9quipe passionn\u00e9e, toujours disponible pour r\u00e9pondre aux besoins sp\u00e9cifiques. Notre mission ? Cr\u00e9er un pont entre propri\u00e9taires et voyageurs pour faire de chaque s\u00e9jour une aventure unique, dans la beaut\u00e9 intemporelle du Verdon et de ses alentours. Que vous soyez \u00e0 Gr\u00e9oux-les-Bains, Valensole, Riez, Moustiers-Sainte-Marie, Vinon-sur-Verdon,\u00a0Manosque\u00a0 ou Aix-en-Provence, nous sommes \u00e0 vos c\u00f4t\u00e9s pour sublimer chaque instant. &nbsp;<\/p>","protected":false},"featured_media":0,"comment_status":"open","ping_status":"closed","template":"","meta":{"inline_featured_image":false,"slim_seo":{"title":"DOUX ET CHARME CONCIERGERIE - Mon annuaire conciergerie","description":"Sublimez vos locations courte et moyenne dur\u00e9e en Provence et dans le Verdon avec notre expertise locale Il \u00e9tait une fois Doux, l\u2019ami des nuits \u00e9toil\u00e9es, qui a"}},"product_brand":[],"product_cat":[21],"product_tag":[],"class_list":{"0":"post-3696","1":"product","2":"type-product","3":"status-publish","5":"product_cat-listeo-booking","7":"first","8":"instock","9":"downloadable","10":"virtual","11":"sold-individually","12":"purchasable","13":"product-type-listing_booking"},"jetpack_sharing_enabled":true,"_links":{"self":[{"href":"https:\/\/monannuaire-conciergerie.fr\/en\/wp-json\/wp\/v2\/product\/3696","targetHints":{"allow":["GET"]}}],"collection":[{"href":"https:\/\/monannuaire-conciergerie.fr\/en\/wp-json\/wp\/v2\/product"}],"about":[{"href":"https:\/\/monannuaire-conciergerie.fr\/en\/wp-json\/wp\/v2\/types\/product"}],"replies":[{"embeddable":true,"href":"https:\/\/monannuaire-conciergerie.fr\/en\/wp-json\/wp\/v2\/comments?post=3696"}],"version-history":[{"count":1,"href":"https:\/\/monannuaire-conciergerie.fr\/en\/wp-json\/wp\/v2\/product\/3696\/revisions"}],"predecessor-version":[{"id":3794,"href":"https:\/\/monannuaire-conciergerie.fr\/en\/wp-json\/wp\/v2\/product\/3696\/revisions\/3794"}],"wp:attachment":[{"href":"https:\/\/monannuaire-conciergerie.fr\/en\/wp-json\/wp\/v2\/media?parent=3696"}],"wp:term":[{"taxonomy":"product_brand","embeddable":true,"href":"https:\/\/monannuaire-conciergerie.fr\/en\/wp-json\/wp\/v2\/product_brand?post=3696"},{"taxonomy":"product_cat","embeddable":true,"href":"https:\/\/monannuaire-conciergerie.fr\/en\/wp-json\/wp\/v2\/product_cat?post=3696"},{"taxonomy":"product_tag","embeddable":true,"href":"https:\/\/monannuaire-conciergerie.fr\/en\/wp-json\/wp\/v2\/product_tag?post=3696"}],"curies":[{"name":"wp","href":"https:\/\/api.w.org\/{rel}","templated":true}]}}