{"id":3711,"date":"2025-02-01T21:33:34","date_gmt":"2025-02-01T20:33:34","guid":{"rendered":"https:\/\/monannuaire-conciergerie.fr\/product\/berency-conciergerie\/"},"modified":"2025-03-11T21:33:48","modified_gmt":"2025-03-11T20:33:48","slug":"berency-conciergerie","status":"publish","type":"product","link":"https:\/\/monannuaire-conciergerie.fr\/en\/product\/berency-conciergerie\/","title":{"rendered":"Berency Concierge Service"},"content":{"rendered":"<p>Do you own a property in Montpellier, or the surrounding area, intended for short-term rental?<\/p>\n<p>Do you want to rent out your home for a short period but don&#039;t know where to start?<\/p>\n<p>Look no further!<\/p>\n<p>Welcome to B\u00e9rency Conciergerie, your reference for high-end real estate concierge services in Montpellier.<\/p>\n<p>Our mission? To provide you with a fully personalized concierge service, saving you time and providing peace of mind in your daily life, and allowing you to maximize your rental income.<\/p>\n<p>We take care of every detail, from booking follow-up to welcoming guests, to preparing and maintaining the accommodation. We pride ourselves on ensuring our guests have a pleasant and memorable stay.<\/p>","protected":false},"excerpt":{"rendered":"<p>Vous \u00eates propri\u00e9taire \u00e0 Montpellier, ou aux alentours proches, d&#8217;un bien destin\u00e9 \u00e0 la location de courte dur\u00e9e ? Vous souhaitez louer votre logement en courte dur\u00e9e mais ne savez pas par o\u00f9 commencer ? Ne cherchez plus ! Bienvenue chez B\u00e9rency Conciergerie, votre r\u00e9f\u00e9rence en mati\u00e8re de conciergerie immobili\u00e8re haut de gamme \u00e0 Montpellier. Notre mission ? Vous fournir un service de conciergerie enti\u00e8rement personnalis\u00e9, afin de vous faire gagner du temps et de la s\u00e9r\u00e9nit\u00e9 dans votre quotidien, et de vous permettre de maximiser vos revenus locatifs. Nous nous occupons de chaque d\u00e9tail, du suivi des r\u00e9servations \u00e0 l&#8217;accueil des voyageurs, en passant par la pr\u00e9paration et l\u2019intendance du logement. Nous mettons un point d&#8217;honneur \u00e0 offrir un s\u00e9jour agr\u00e9able et m\u00e9morable aux voyageurs.<\/p>","protected":false},"featured_media":0,"comment_status":"open","ping_status":"closed","template":"","meta":{"inline_featured_image":false,"slim_seo":{"title":"B\u00e9rency Conciergerie - Mon annuaire conciergerie","description":"Vous \u00eates propri\u00e9taire \u00e0 Montpellier, ou aux alentours proches, d'un bien destin\u00e9 \u00e0 la location de courte dur\u00e9e ? Vous souhaitez louer votre logement en courte"}},"product_brand":[],"product_cat":[21],"product_tag":[],"class_list":{"0":"post-3711","1":"product","2":"type-product","3":"status-publish","5":"product_cat-listeo-booking","7":"first","8":"instock","9":"downloadable","10":"virtual","11":"sold-individually","12":"purchasable","13":"product-type-listing_booking"},"jetpack_sharing_enabled":true,"_links":{"self":[{"href":"https:\/\/monannuaire-conciergerie.fr\/en\/wp-json\/wp\/v2\/product\/3711","targetHints":{"allow":["GET"]}}],"collection":[{"href":"https:\/\/monannuaire-conciergerie.fr\/en\/wp-json\/wp\/v2\/product"}],"about":[{"href":"https:\/\/monannuaire-conciergerie.fr\/en\/wp-json\/wp\/v2\/types\/product"}],"replies":[{"embeddable":true,"href":"https:\/\/monannuaire-conciergerie.fr\/en\/wp-json\/wp\/v2\/comments?post=3711"}],"version-history":[{"count":1,"href":"https:\/\/monannuaire-conciergerie.fr\/en\/wp-json\/wp\/v2\/product\/3711\/revisions"}],"predecessor-version":[{"id":3974,"href":"https:\/\/monannuaire-conciergerie.fr\/en\/wp-json\/wp\/v2\/product\/3711\/revisions\/3974"}],"wp:attachment":[{"href":"https:\/\/monannuaire-conciergerie.fr\/en\/wp-json\/wp\/v2\/media?parent=3711"}],"wp:term":[{"taxonomy":"product_brand","embeddable":true,"href":"https:\/\/monannuaire-conciergerie.fr\/en\/wp-json\/wp\/v2\/product_brand?post=3711"},{"taxonomy":"product_cat","embeddable":true,"href":"https:\/\/monannuaire-conciergerie.fr\/en\/wp-json\/wp\/v2\/product_cat?post=3711"},{"taxonomy":"product_tag","embeddable":true,"href":"https:\/\/monannuaire-conciergerie.fr\/en\/wp-json\/wp\/v2\/product_tag?post=3711"}],"curies":[{"name":"wp","href":"https:\/\/api.w.org\/{rel}","templated":true}]}}