{"id":3755,"date":"2025-02-10T17:35:14","date_gmt":"2025-02-10T16:35:14","guid":{"rendered":"https:\/\/monannuaire-conciergerie.fr\/product\/kazly\/"},"modified":"2025-09-10T19:18:57","modified_gmt":"2025-09-10T17:18:57","slug":"kazly","status":"publish","type":"product","link":"https:\/\/monannuaire-conciergerie.fr\/en\/product\/kazly\/","title":{"rendered":"KAZLY"},"content":{"rendered":"<p>KAZLY is your rental management and concierge agency.<\/p>\n<p>As property management card holders, we are able to support you with all of your rental projects:<\/p>\n<p>\u2013 short duration<\/p>\n<p>\u2013 medium duration<\/p>\n<p>\u2013 long duration<\/p>\n<p>A true partner in your real estate investments, we support you whether you are on site or abroad.<\/p>\n<p>We operate in the center of Martinique to optimize your rental income and, above all, relieve your burden!<\/p>","protected":false},"excerpt":{"rendered":"<p>KAZLY, c&#8217;est votre agence de gestion locative et conciergerie. D\u00e9tenteurs de la carte de gestion immobili\u00e8re, nous sommes en mesure de vous accompagner sur l&#8217;ensemble de vos projets de location : &#8211; courte dur\u00e9e &#8211; moyenne dur\u00e9e &#8211; longue dur\u00e9e R\u00e9elle partenaire de vos investissements immobiliers, nous vous accompagnons que vous soyez sur place ou \u00e0 l&#8217;\u00e9tranger. Nous intervenons sur le centre de la Martinique pour optimiser vos revenus locatifs et surtout vous d\u00e9charger!<\/p>","protected":false},"featured_media":0,"comment_status":"open","ping_status":"closed","template":"","meta":{"inline_featured_image":false,"slim_seo":{"title":"KAZLY - Mon annuaire conciergerie","description":"KAZLY, c'est votre agence de gestion locative et conciergerie. D\u00e9tenteurs de la carte de gestion immobili\u00e8re, nous sommes en mesure de vous accompagner sur l'en"}},"product_brand":[],"product_cat":[372],"product_tag":[],"class_list":{"0":"post-3755","1":"product","2":"type-product","3":"status-publish","5":"product_cat-listeo-booking-2","7":"first","8":"instock","9":"downloadable","10":"virtual","11":"sold-individually","12":"purchasable","13":"product-type-listing_booking"},"jetpack_sharing_enabled":true,"_links":{"self":[{"href":"https:\/\/monannuaire-conciergerie.fr\/en\/wp-json\/wp\/v2\/product\/3755","targetHints":{"allow":["GET"]}}],"collection":[{"href":"https:\/\/monannuaire-conciergerie.fr\/en\/wp-json\/wp\/v2\/product"}],"about":[{"href":"https:\/\/monannuaire-conciergerie.fr\/en\/wp-json\/wp\/v2\/types\/product"}],"replies":[{"embeddable":true,"href":"https:\/\/monannuaire-conciergerie.fr\/en\/wp-json\/wp\/v2\/comments?post=3755"}],"version-history":[{"count":1,"href":"https:\/\/monannuaire-conciergerie.fr\/en\/wp-json\/wp\/v2\/product\/3755\/revisions"}],"predecessor-version":[{"id":3758,"href":"https:\/\/monannuaire-conciergerie.fr\/en\/wp-json\/wp\/v2\/product\/3755\/revisions\/3758"}],"wp:attachment":[{"href":"https:\/\/monannuaire-conciergerie.fr\/en\/wp-json\/wp\/v2\/media?parent=3755"}],"wp:term":[{"taxonomy":"product_brand","embeddable":true,"href":"https:\/\/monannuaire-conciergerie.fr\/en\/wp-json\/wp\/v2\/product_brand?post=3755"},{"taxonomy":"product_cat","embeddable":true,"href":"https:\/\/monannuaire-conciergerie.fr\/en\/wp-json\/wp\/v2\/product_cat?post=3755"},{"taxonomy":"product_tag","embeddable":true,"href":"https:\/\/monannuaire-conciergerie.fr\/en\/wp-json\/wp\/v2\/product_tag?post=3755"}],"curies":[{"name":"wp","href":"https:\/\/api.w.org\/{rel}","templated":true}]}}