{"id":3817,"date":"2025-02-13T10:09:51","date_gmt":"2025-02-13T09:09:51","guid":{"rendered":"https:\/\/monannuaire-conciergerie.fr\/product\/m-vous-conciergerie-2\/"},"modified":"2025-03-05T17:36:26","modified_gmt":"2025-03-05T16:36:26","slug":"m-vous-conciergerie-2","status":"publish","type":"product","link":"https:\/\/monannuaire-conciergerie.fr\/en\/product\/m-vous-conciergerie-2\/","title":{"rendered":"M &amp; You Concierge Service"},"content":{"rendered":"<p>Are you renting your property for short-term rentals? Make your life easier!<\/p>\n<p>\ud83c\udfe1With M &amp; Vous Conciergerie, take advantage of a turnkey service to optimize your rentals without the constraints of everyday life.<\/p>\n<p>\ud83d\udd39 Personalized welcome for travelers<br \/>\n\ud83d\udd39 Professional cleaning and maintenance<br \/>\n\ud83d\udd39 Monitoring and management of your property<br \/>\n\ud83d\udd39 Human and flexible support<\/p>\n<p>\ud83d\udccd Based in Guyancourt, I operate in the surrounding area to provide efficient and high-quality care.<\/p>\n<p>\ud83d\udcac Interested? Contact me!<br \/>\nI will respond to you as soon as possible and will be happy to discuss with you.<\/p>\n<p>\u2728 M &amp; Vous Conciergerie \u2013 Your property, our attention \u2728<\/p>","protected":false},"excerpt":{"rendered":"<p>Vous louez votre bien en courte dur\u00e9e ? Simplifiez-vous la vie ! \ud83c\udfe1Avec M &amp; Vous Conciergerie, profitez d\u2019un service cl\u00e9 en main pour optimiser vos locations sans les contraintes du quotidien. \ud83d\udd39 Accueil personnalis\u00e9 des voyageurs \ud83d\udd39 M\u00e9nage et entretien professionnels \ud83d\udd39 Suivi et intendance de votre bien \ud83d\udd39 Un accompagnement humain et flexible \ud83d\udccd Bas\u00e9e \u00e0 Guyancourt, j\u2019interviens dans les environs pour assurer une prise en charge efficace et de qualit\u00e9. \ud83d\udcac Int\u00e9ress\u00e9(e) ? Contactez-moi ! Je vous r\u00e9pondrai dans les plus brefs d\u00e9lais et serai ravie d\u2019\u00e9changer avec vous. \u2728 M &amp; Vous Conciergerie \u2013 Votre bien, notre attention \u2728<\/p>","protected":false},"featured_media":0,"comment_status":"open","ping_status":"closed","template":"","meta":{"inline_featured_image":false,"slim_seo":{"title":"M &amp; Vous Conciergerie - Mon annuaire conciergerie","description":"Vous louez votre bien en courte dur\u00e9e ? Simplifiez-vous la vie ! \ud83c\udfe1Avec M &amp; Vous Conciergerie, profitez d\u2019un service cl\u00e9 en main pour optimiser vos locations"}},"product_brand":[],"product_cat":[21],"product_tag":[],"class_list":{"0":"post-3817","1":"product","2":"type-product","3":"status-publish","5":"product_cat-listeo-booking","7":"first","8":"instock","9":"downloadable","10":"virtual","11":"sold-individually","12":"purchasable","13":"product-type-listing_booking"},"jetpack_sharing_enabled":true,"_links":{"self":[{"href":"https:\/\/monannuaire-conciergerie.fr\/en\/wp-json\/wp\/v2\/product\/3817","targetHints":{"allow":["GET"]}}],"collection":[{"href":"https:\/\/monannuaire-conciergerie.fr\/en\/wp-json\/wp\/v2\/product"}],"about":[{"href":"https:\/\/monannuaire-conciergerie.fr\/en\/wp-json\/wp\/v2\/types\/product"}],"replies":[{"embeddable":true,"href":"https:\/\/monannuaire-conciergerie.fr\/en\/wp-json\/wp\/v2\/comments?post=3817"}],"version-history":[{"count":1,"href":"https:\/\/monannuaire-conciergerie.fr\/en\/wp-json\/wp\/v2\/product\/3817\/revisions"}],"predecessor-version":[{"id":3913,"href":"https:\/\/monannuaire-conciergerie.fr\/en\/wp-json\/wp\/v2\/product\/3817\/revisions\/3913"}],"wp:attachment":[{"href":"https:\/\/monannuaire-conciergerie.fr\/en\/wp-json\/wp\/v2\/media?parent=3817"}],"wp:term":[{"taxonomy":"product_brand","embeddable":true,"href":"https:\/\/monannuaire-conciergerie.fr\/en\/wp-json\/wp\/v2\/product_brand?post=3817"},{"taxonomy":"product_cat","embeddable":true,"href":"https:\/\/monannuaire-conciergerie.fr\/en\/wp-json\/wp\/v2\/product_cat?post=3817"},{"taxonomy":"product_tag","embeddable":true,"href":"https:\/\/monannuaire-conciergerie.fr\/en\/wp-json\/wp\/v2\/product_tag?post=3817"}],"curies":[{"name":"wp","href":"https:\/\/api.w.org\/{rel}","templated":true}]}}