{"id":3871,"date":"2025-02-26T16:10:54","date_gmt":"2025-02-26T15:10:54","guid":{"rendered":"https:\/\/monannuaire-conciergerie.fr\/product\/home-serenity-conciergerie\/"},"modified":"2025-05-14T12:40:14","modified_gmt":"2025-05-14T10:40:14","slug":"home-serenity-conciergerie","status":"publish","type":"product","link":"https:\/\/monannuaire-conciergerie.fr\/en\/product\/home-serenity-conciergerie\/","title":{"rendered":"Home Serenity Concierge"},"content":{"rendered":"<p>Welcome to Home Serenity<br \/>\nYour trusted, high-end partner, offering you complete and simplified management of your property.<\/p>\n<p>We support you with personalized advice, adapted to your strategy and your needs, while keeping the traveler at the center of our concerns.<\/p>\n<p>Our services include the enhancement of your property, personalized support, and rigorous monitoring.<\/p>\n<p>The objectives will be to boost your occupancy rate with visibility strategies.<\/p>\n<p>To optimize the profitability of your assets.<\/p>\n<p>To bring you total serenity.<\/p>\n<p>Join us at Home Serenity to transform your experience.<\/p>","protected":false},"excerpt":{"rendered":"<p>Bienvenue chez Home Serenity Votre partenaire de confiance haut de gamme, qui vous propose une intendance compl\u00e8te et simplifi\u00e9e de votre propri\u00e9t\u00e9. Nous vous accompagnons avec des conseils personnalis\u00e9s, adapt\u00e9s \u00e0 votre strat\u00e9gie et \u00e0 vos besoins, tout en gardant le voyageur au centre de nos pr\u00e9occupations. Nos services incluent la mise en valeur de vos biens, un accompagnement sur mesure, et un suivi rigoureux. Les objectifs seront de booster votre taux d&#8217;occupation avec des strat\u00e9gies de visibilit\u00e9. D\u2019optimiser la rentabilit\u00e9 de vos biens. De vous apporter une s\u00e9r\u00e9nit\u00e9 totale. Rejoignez-nous chez Home Serenity pour transformer votre exp\u00e9rience.<\/p>","protected":false},"featured_media":0,"comment_status":"open","ping_status":"closed","template":"","meta":{"inline_featured_image":false,"slim_seo":{"title":"Home Serenity Conciergerie - Mon annuaire conciergerie","description":"Bienvenue chez Home Serenity Votre partenaire de confiance haut de gamme, qui vous propose une intendance compl\u00e8te et simplifi\u00e9e de votre propri\u00e9t\u00e9. Nous vous a"}},"product_brand":[],"product_cat":[21],"product_tag":[],"class_list":{"0":"post-3871","1":"product","2":"type-product","3":"status-publish","5":"product_cat-listeo-booking","7":"first","8":"instock","9":"downloadable","10":"virtual","11":"sold-individually","12":"purchasable","13":"product-type-listing_booking"},"jetpack_sharing_enabled":true,"_links":{"self":[{"href":"https:\/\/monannuaire-conciergerie.fr\/en\/wp-json\/wp\/v2\/product\/3871","targetHints":{"allow":["GET"]}}],"collection":[{"href":"https:\/\/monannuaire-conciergerie.fr\/en\/wp-json\/wp\/v2\/product"}],"about":[{"href":"https:\/\/monannuaire-conciergerie.fr\/en\/wp-json\/wp\/v2\/types\/product"}],"replies":[{"embeddable":true,"href":"https:\/\/monannuaire-conciergerie.fr\/en\/wp-json\/wp\/v2\/comments?post=3871"}],"version-history":[{"count":1,"href":"https:\/\/monannuaire-conciergerie.fr\/en\/wp-json\/wp\/v2\/product\/3871\/revisions"}],"predecessor-version":[{"id":3900,"href":"https:\/\/monannuaire-conciergerie.fr\/en\/wp-json\/wp\/v2\/product\/3871\/revisions\/3900"}],"wp:attachment":[{"href":"https:\/\/monannuaire-conciergerie.fr\/en\/wp-json\/wp\/v2\/media?parent=3871"}],"wp:term":[{"taxonomy":"product_brand","embeddable":true,"href":"https:\/\/monannuaire-conciergerie.fr\/en\/wp-json\/wp\/v2\/product_brand?post=3871"},{"taxonomy":"product_cat","embeddable":true,"href":"https:\/\/monannuaire-conciergerie.fr\/en\/wp-json\/wp\/v2\/product_cat?post=3871"},{"taxonomy":"product_tag","embeddable":true,"href":"https:\/\/monannuaire-conciergerie.fr\/en\/wp-json\/wp\/v2\/product_tag?post=3871"}],"curies":[{"name":"wp","href":"https:\/\/api.w.org\/{rel}","templated":true}]}}