{"id":3892,"date":"2025-03-05T09:24:14","date_gmt":"2025-03-05T08:24:14","guid":{"rendered":"https:\/\/monannuaire-conciergerie.fr\/product\/conciergerie-oliberte-3\/"},"modified":"2025-06-05T10:47:03","modified_gmt":"2025-06-05T08:47:03","slug":"conciergerie-oliberte-3","status":"publish","type":"product","link":"https:\/\/monannuaire-conciergerie.fr\/en\/product\/conciergerie-oliberte-3\/","title":{"rendered":"O&#039;Libert\u00e9 Concierge Service"},"content":{"rendered":"<p>Welcome to Conciergerie O&#039;Libert\u00e9!<br \/>\nWhether you own a primary or secondary residence, entrust your keys to us with complete peace of mind so we can take care of all the logistics and administrative aspects of your short-term stays.<\/p>\n<p>We take care of the organization and complete management of your property rental: from the warm welcome of travelers to the meticulous maintenance of your property.<\/p>\n<p>Our expertise allows you to maximize your rental income while ensuring your daily peace of mind.<\/p>\n<p>Trust us to enhance and care for your property.<\/p>\n<p>So don&#039;t hesitate to discover all our services and contact us!<\/p>","protected":false},"excerpt":{"rendered":"<p>Bienvenue chez Conciergerie O\u2019Libert\u00e9 ! Que vous soyez propri\u00e9taire d&#8217;une r\u00e9sidence principale ou secondaire, confiez-nous vos cl\u00e9s en toute s\u00e9r\u00e9nit\u00e9 pour nous occuper de toute la partie logistique et administrative de vos s\u00e9jours de courte dur\u00e9e. Nous prenons en charge l\u2019organisation et l&#8217;intendance compl\u00e8te de la location de vos biens :\u00a0de l&#8217;accueil chaleureux des voyageurs jusqu&#8217;\u00e0 l&#8217;entretien minutieux de votre propri\u00e9t\u00e9. Notre expertise vous permet de maximiser vos revenus locatifs tout en vous assurant une tranquillit\u00e9 d\u2019esprit au quotidien. Faites-nous confiance pour valoriser et prendre soin de votre propri\u00e9t\u00e9. Alors n\u2019h\u00e9sitez pas \u00e0 d\u00e9couvrir tous nos services et \u00e0 nous contacter !<\/p>","protected":false},"featured_media":0,"comment_status":"open","ping_status":"closed","template":"","meta":{"inline_featured_image":false,"slim_seo":{"title":"Conciergerie O'Libert\u00e9 - Mon annuaire conciergerie","description":"Bienvenue chez Conciergerie O\u2019Libert\u00e9 ! Que vous soyez propri\u00e9taire d'une r\u00e9sidence principale ou secondaire, confiez-nous vos cl\u00e9s en toute s\u00e9r\u00e9nit\u00e9 pour nous"}},"product_brand":[],"product_cat":[21],"product_tag":[],"class_list":{"0":"post-3892","1":"product","2":"type-product","3":"status-publish","5":"product_cat-listeo-booking","7":"first","8":"instock","9":"downloadable","10":"virtual","11":"sold-individually","12":"purchasable","13":"product-type-listing_booking"},"jetpack_sharing_enabled":true,"_links":{"self":[{"href":"https:\/\/monannuaire-conciergerie.fr\/en\/wp-json\/wp\/v2\/product\/3892","targetHints":{"allow":["GET"]}}],"collection":[{"href":"https:\/\/monannuaire-conciergerie.fr\/en\/wp-json\/wp\/v2\/product"}],"about":[{"href":"https:\/\/monannuaire-conciergerie.fr\/en\/wp-json\/wp\/v2\/types\/product"}],"replies":[{"embeddable":true,"href":"https:\/\/monannuaire-conciergerie.fr\/en\/wp-json\/wp\/v2\/comments?post=3892"}],"version-history":[{"count":1,"href":"https:\/\/monannuaire-conciergerie.fr\/en\/wp-json\/wp\/v2\/product\/3892\/revisions"}],"predecessor-version":[{"id":3899,"href":"https:\/\/monannuaire-conciergerie.fr\/en\/wp-json\/wp\/v2\/product\/3892\/revisions\/3899"}],"wp:attachment":[{"href":"https:\/\/monannuaire-conciergerie.fr\/en\/wp-json\/wp\/v2\/media?parent=3892"}],"wp:term":[{"taxonomy":"product_brand","embeddable":true,"href":"https:\/\/monannuaire-conciergerie.fr\/en\/wp-json\/wp\/v2\/product_brand?post=3892"},{"taxonomy":"product_cat","embeddable":true,"href":"https:\/\/monannuaire-conciergerie.fr\/en\/wp-json\/wp\/v2\/product_cat?post=3892"},{"taxonomy":"product_tag","embeddable":true,"href":"https:\/\/monannuaire-conciergerie.fr\/en\/wp-json\/wp\/v2\/product_tag?post=3892"}],"curies":[{"name":"wp","href":"https:\/\/api.w.org\/{rel}","templated":true}]}}