{"id":3929,"date":"2025-03-07T05:41:26","date_gmt":"2025-03-07T04:41:26","guid":{"rendered":"https:\/\/monannuaire-conciergerie.fr\/product\/elitkeys\/"},"modified":"2025-06-07T06:57:28","modified_gmt":"2025-06-07T04:57:28","slug":"elitkeys","status":"publish","type":"product","link":"https:\/\/monannuaire-conciergerie.fr\/en\/product\/elitkeys\/","title":{"rendered":"ELITKEYS"},"content":{"rendered":"<p>Welcome to Elitkeys!<\/p>\n<p>We offer a high-end service to enhance and manage the management of your short-term rental.<\/p>\n<p>Our mission: To guarantee impeccable management, taking care of every detail.<\/p>\n<p>Nous nous occupons de la r\u00e9daction et la diffusion des annonces, des entr\u00e9es, des sorties et de la communication avec les voyageurs, du m\u00e9nage et bien plus encore\u2026<\/p>\n<p>Entrust your property to us with complete peace of mind, everything is in good hands.<\/p>\n<p>See you soon at Elitkeys!<\/p>\n<p>\u00a0<\/p>","protected":false},"excerpt":{"rendered":"<p>Bienvenue chez Elitkeys ! Nous offrons un service haut de gamme pour valoriser et g\u00e9rer l\u2019intendance de votre location courte dur\u00e9e. Notre mission : Garantir une gestion impeccable, en prenant soin de chaque d\u00e9tail. Nous nous occupons de la r\u00e9daction et la diffusion des annonces, des entr\u00e9es, des sorties et de la communication avec les voyageurs, du m\u00e9nage et bien plus encore\u2026 Confiez-nous votre propri\u00e9t\u00e9 en toute s\u00e9r\u00e9nit\u00e9, tout est entre de bonnes mains. A tr\u00e8s bient\u00f4t chez Elitkeys ! \u00a0<\/p>","protected":false},"featured_media":0,"comment_status":"open","ping_status":"closed","template":"","meta":{"inline_featured_image":false,"slim_seo":{"title":"ELITKEYS - Mon annuaire conciergerie","description":"Bienvenue chez Elitkeys ! Nous offrons un service haut de gamme pour valoriser et g\u00e9rer l\u2019intendance de votre location courte dur\u00e9e. Notre mission : Garantir un"}},"product_brand":[],"product_cat":[21],"product_tag":[],"class_list":{"0":"post-3929","1":"product","2":"type-product","3":"status-publish","5":"product_cat-listeo-booking","7":"first","8":"instock","9":"downloadable","10":"virtual","11":"sold-individually","12":"purchasable","13":"product-type-listing_booking"},"jetpack_sharing_enabled":true,"_links":{"self":[{"href":"https:\/\/monannuaire-conciergerie.fr\/en\/wp-json\/wp\/v2\/product\/3929","targetHints":{"allow":["GET"]}}],"collection":[{"href":"https:\/\/monannuaire-conciergerie.fr\/en\/wp-json\/wp\/v2\/product"}],"about":[{"href":"https:\/\/monannuaire-conciergerie.fr\/en\/wp-json\/wp\/v2\/types\/product"}],"replies":[{"embeddable":true,"href":"https:\/\/monannuaire-conciergerie.fr\/en\/wp-json\/wp\/v2\/comments?post=3929"}],"version-history":[{"count":2,"href":"https:\/\/monannuaire-conciergerie.fr\/en\/wp-json\/wp\/v2\/product\/3929\/revisions"}],"predecessor-version":[{"id":3988,"href":"https:\/\/monannuaire-conciergerie.fr\/en\/wp-json\/wp\/v2\/product\/3929\/revisions\/3988"}],"wp:attachment":[{"href":"https:\/\/monannuaire-conciergerie.fr\/en\/wp-json\/wp\/v2\/media?parent=3929"}],"wp:term":[{"taxonomy":"product_brand","embeddable":true,"href":"https:\/\/monannuaire-conciergerie.fr\/en\/wp-json\/wp\/v2\/product_brand?post=3929"},{"taxonomy":"product_cat","embeddable":true,"href":"https:\/\/monannuaire-conciergerie.fr\/en\/wp-json\/wp\/v2\/product_cat?post=3929"},{"taxonomy":"product_tag","embeddable":true,"href":"https:\/\/monannuaire-conciergerie.fr\/en\/wp-json\/wp\/v2\/product_tag?post=3929"}],"curies":[{"name":"wp","href":"https:\/\/api.w.org\/{rel}","templated":true}]}}