{"id":3941,"date":"2025-03-08T12:12:34","date_gmt":"2025-03-08T11:12:34","guid":{"rendered":"https:\/\/monannuaire-conciergerie.fr\/product\/guadeloupe-conciergerie-gouala-gcg\/"},"modified":"2025-06-08T13:17:40","modified_gmt":"2025-06-08T11:17:40","slug":"guadeloupe-conciergerie-gouala-gcg","status":"publish","type":"product","link":"https:\/\/monannuaire-conciergerie.fr\/en\/product\/guadeloupe-conciergerie-gouala-gcg\/","title":{"rendered":"Guadeloupe Concierge Gouala (GCG)"},"content":{"rendered":"<p>WELCOME<br \/>\nYour trusted partner for a simplified and tailor-made daily life.<\/p>\n<p>Whether you are an individual or a business, our dedicated team is here to meet your needs, from daily tasks to the most specific requests.<\/p>\n<p>We offer a full range of services: management of your home, reservations with the possibility of additional options.<\/p>\n<p>Our goal is to save you time and give you peace of mind. Trust your GCG concierge to turn your concerns into solutions.<\/p>\n<p>Discover our services and let us help you make your daily life easier!<\/p>","protected":false},"excerpt":{"rendered":"<p>BIENVENUE Votre partenaire de confiance pour un quotidien simplifi\u00e9 et sur mesure. Que vous soyez un particulier ou une entreprise, notre \u00e9quipe d\u00e9di\u00e9e est l\u00e0 pour r\u00e9pondre \u00e0 vos besoins, des t\u00e2ches quotidiennes aux demandes les plus sp\u00e9cifiques. Nous offrons\u00a0une gamme compl\u00e8te de services\u00a0:\u00a0gestion de votre maison, des r\u00e9servations avec une possibilit\u00e9 d\u2019option suppl\u00e9mentaire. Notre objectif est de vous faire gagner du temps et de vous offrir une tranquillit\u00e9 d\u2019esprit. Faites confiance \u00e0 votre concierge GCG pour transformer vos pr\u00e9occupations en solutions. D\u00e9couvrez nos services et laissez-nous vous aider \u00e0 all\u00e9ger votre quotidien !<\/p>","protected":false},"featured_media":0,"comment_status":"open","ping_status":"closed","template":"","meta":{"inline_featured_image":false,"slim_seo":{"title":"Guadeloupe Conciergerie Gouala (GCG) - Mon annuaire conciergerie","description":"BIENVENUE Votre partenaire de confiance pour un quotidien simplifi\u00e9 et sur mesure. Que vous soyez un particulier ou une entreprise, notre \u00e9quipe d\u00e9di\u00e9e est l\u00e0 p"}},"product_brand":[],"product_cat":[21],"product_tag":[],"class_list":{"0":"post-3941","1":"product","2":"type-product","3":"status-publish","5":"product_cat-listeo-booking","7":"first","8":"instock","9":"downloadable","10":"virtual","11":"sold-individually","12":"purchasable","13":"product-type-listing_booking"},"jetpack_sharing_enabled":true,"_links":{"self":[{"href":"https:\/\/monannuaire-conciergerie.fr\/en\/wp-json\/wp\/v2\/product\/3941","targetHints":{"allow":["GET"]}}],"collection":[{"href":"https:\/\/monannuaire-conciergerie.fr\/en\/wp-json\/wp\/v2\/product"}],"about":[{"href":"https:\/\/monannuaire-conciergerie.fr\/en\/wp-json\/wp\/v2\/types\/product"}],"replies":[{"embeddable":true,"href":"https:\/\/monannuaire-conciergerie.fr\/en\/wp-json\/wp\/v2\/comments?post=3941"}],"version-history":[{"count":1,"href":"https:\/\/monannuaire-conciergerie.fr\/en\/wp-json\/wp\/v2\/product\/3941\/revisions"}],"predecessor-version":[{"id":3965,"href":"https:\/\/monannuaire-conciergerie.fr\/en\/wp-json\/wp\/v2\/product\/3941\/revisions\/3965"}],"wp:attachment":[{"href":"https:\/\/monannuaire-conciergerie.fr\/en\/wp-json\/wp\/v2\/media?parent=3941"}],"wp:term":[{"taxonomy":"product_brand","embeddable":true,"href":"https:\/\/monannuaire-conciergerie.fr\/en\/wp-json\/wp\/v2\/product_brand?post=3941"},{"taxonomy":"product_cat","embeddable":true,"href":"https:\/\/monannuaire-conciergerie.fr\/en\/wp-json\/wp\/v2\/product_cat?post=3941"},{"taxonomy":"product_tag","embeddable":true,"href":"https:\/\/monannuaire-conciergerie.fr\/en\/wp-json\/wp\/v2\/product_tag?post=3941"}],"curies":[{"name":"wp","href":"https:\/\/api.w.org\/{rel}","templated":true}]}}