{"id":3947,"date":"2025-03-08T22:51:27","date_gmt":"2025-03-08T21:51:27","guid":{"rendered":"https:\/\/monannuaire-conciergerie.fr\/product\/la-clef-doree-landaise\/"},"modified":"2025-04-10T17:32:20","modified_gmt":"2025-04-10T15:32:20","slug":"la-clef-doree-landaise","status":"publish","type":"product","link":"https:\/\/monannuaire-conciergerie.fr\/en\/product\/la-clef-doree-landaise\/","title":{"rendered":"The golden key of the Landes"},"content":{"rendered":"<p>Our real estate concierge service, located in the southern Landes region, supports owners wishing to rent out their property for short-term rentals by offering them comprehensive, tailor-made management services.<\/p>\n<p>We also support travelers with a personalized welcome and quality service for a worry-free experience.<\/p>","protected":false},"excerpt":{"rendered":"<p>Notre conciergerie immobili\u00e8re, implant\u00e9 dans le sud des Landes, accompagne les propri\u00e9taires souhaitant louer leur bien en courte dur\u00e9e en leur offrant une intendance compl\u00e8te et sur-mesure. Nous accompagnons \u00e9galement les voyageurs avec un accueil personnalis\u00e9 et d&#8217;un service de qualit\u00e9 pour une exp\u00e9rience sans soucis.<\/p>","protected":false},"featured_media":0,"comment_status":"open","ping_status":"closed","template":"","meta":{"inline_featured_image":false,"slim_seo":{"title":"La clef dor\u00e9e landaise - Mon annuaire conciergerie","description":"Notre conciergerie immobili\u00e8re, implant\u00e9 dans le sud des Landes, accompagne les propri\u00e9taires souhaitant louer leur bien en courte dur\u00e9e en leur offrant une int"}},"product_brand":[],"product_cat":[21],"product_tag":[],"class_list":{"0":"post-3947","1":"product","2":"type-product","3":"status-publish","5":"product_cat-listeo-booking","7":"first","8":"instock","9":"downloadable","10":"virtual","11":"sold-individually","12":"purchasable","13":"product-type-listing_booking"},"jetpack_sharing_enabled":true,"_links":{"self":[{"href":"https:\/\/monannuaire-conciergerie.fr\/en\/wp-json\/wp\/v2\/product\/3947","targetHints":{"allow":["GET"]}}],"collection":[{"href":"https:\/\/monannuaire-conciergerie.fr\/en\/wp-json\/wp\/v2\/product"}],"about":[{"href":"https:\/\/monannuaire-conciergerie.fr\/en\/wp-json\/wp\/v2\/types\/product"}],"replies":[{"embeddable":true,"href":"https:\/\/monannuaire-conciergerie.fr\/en\/wp-json\/wp\/v2\/comments?post=3947"}],"version-history":[{"count":1,"href":"https:\/\/monannuaire-conciergerie.fr\/en\/wp-json\/wp\/v2\/product\/3947\/revisions"}],"predecessor-version":[{"id":3964,"href":"https:\/\/monannuaire-conciergerie.fr\/en\/wp-json\/wp\/v2\/product\/3947\/revisions\/3964"}],"wp:attachment":[{"href":"https:\/\/monannuaire-conciergerie.fr\/en\/wp-json\/wp\/v2\/media?parent=3947"}],"wp:term":[{"taxonomy":"product_brand","embeddable":true,"href":"https:\/\/monannuaire-conciergerie.fr\/en\/wp-json\/wp\/v2\/product_brand?post=3947"},{"taxonomy":"product_cat","embeddable":true,"href":"https:\/\/monannuaire-conciergerie.fr\/en\/wp-json\/wp\/v2\/product_cat?post=3947"},{"taxonomy":"product_tag","embeddable":true,"href":"https:\/\/monannuaire-conciergerie.fr\/en\/wp-json\/wp\/v2\/product_tag?post=3947"}],"curies":[{"name":"wp","href":"https:\/\/api.w.org\/{rel}","templated":true}]}}