{"id":3991,"date":"2025-03-14T06:21:54","date_gmt":"2025-03-14T05:21:54","guid":{"rendered":"https:\/\/monannuaire-conciergerie.fr\/product\/nm2-conciergerie-2\/"},"modified":"2025-11-18T09:18:58","modified_gmt":"2025-11-18T08:18:58","slug":"nm2-conciergerie-2","status":"publish","type":"product","link":"https:\/\/monannuaire-conciergerie.fr\/en\/product\/nm2-conciergerie-2\/","title":{"rendered":"NM2 Concierge Service"},"content":{"rendered":"<p>Welcome to NM\u00b2 Conciergerie<br \/>\nYour trusted partner for managing your short and medium-term rentals.<\/p>\n<p>We understand that your property is valuable, which is why we are committed to enhancing its value and caring for it with meticulous attention.<\/p>\n<p>Our dedicated team takes care of everything, from creating attractive listings to managing arrivals and departures, including housekeeping and laundry. With NM\u00b2 Conciergerie, maximize your rental income with complete peace of mind.<\/p>","protected":false},"excerpt":{"rendered":"<p>Bienvenue chez NM\u00b2 Conciergerie Votre partenaire de confiance pour l&#8217;intendance de vos locations de courte et moyenne dur\u00e9e. Nous comprenons que votre propri\u00e9t\u00e9 est pr\u00e9cieuse, c&#8217;est pourquoi nous nous engageons \u00e0 la valoriser et \u00e0 en prendre soin avec une attention m\u00e9ticuleuse. Notre \u00e9quipe d\u00e9di\u00e9e s&#8217;occupe de tout, de la cr\u00e9ation d&#8217;annonces attractives \u00e0 la gestion des arriv\u00e9es et d\u00e9parts, en passant par l&#8217;entretien m\u00e9nager et la blanchisserie. Avec\u00a0NM\u00b2\u00a0Conciergerie, maximisez vos revenus locatifs en toute s\u00e9r\u00e9nit\u00e9.<\/p>","protected":false},"featured_media":0,"comment_status":"open","ping_status":"closed","template":"","meta":{"inline_featured_image":false,"slim_seo":{"title":"NM2 Conciergerie - Mon annuaire conciergerie","description":"Bienvenue chez NM\u00b2 Conciergerie Votre partenaire de confiance pour l'intendance de vos locations de courte et moyenne dur\u00e9e. Nous comprenons que votre propri\u00e9t\u00e9"}},"product_brand":[],"product_cat":[372],"product_tag":[],"class_list":{"0":"post-3991","1":"product","2":"type-product","3":"status-publish","5":"product_cat-listeo-booking-2","7":"first","8":"instock","9":"downloadable","10":"virtual","11":"sold-individually","12":"purchasable","13":"product-type-listing_booking"},"jetpack_sharing_enabled":true,"_links":{"self":[{"href":"https:\/\/monannuaire-conciergerie.fr\/en\/wp-json\/wp\/v2\/product\/3991","targetHints":{"allow":["GET"]}}],"collection":[{"href":"https:\/\/monannuaire-conciergerie.fr\/en\/wp-json\/wp\/v2\/product"}],"about":[{"href":"https:\/\/monannuaire-conciergerie.fr\/en\/wp-json\/wp\/v2\/types\/product"}],"replies":[{"embeddable":true,"href":"https:\/\/monannuaire-conciergerie.fr\/en\/wp-json\/wp\/v2\/comments?post=3991"}],"version-history":[{"count":1,"href":"https:\/\/monannuaire-conciergerie.fr\/en\/wp-json\/wp\/v2\/product\/3991\/revisions"}],"predecessor-version":[{"id":3994,"href":"https:\/\/monannuaire-conciergerie.fr\/en\/wp-json\/wp\/v2\/product\/3991\/revisions\/3994"}],"wp:attachment":[{"href":"https:\/\/monannuaire-conciergerie.fr\/en\/wp-json\/wp\/v2\/media?parent=3991"}],"wp:term":[{"taxonomy":"product_brand","embeddable":true,"href":"https:\/\/monannuaire-conciergerie.fr\/en\/wp-json\/wp\/v2\/product_brand?post=3991"},{"taxonomy":"product_cat","embeddable":true,"href":"https:\/\/monannuaire-conciergerie.fr\/en\/wp-json\/wp\/v2\/product_cat?post=3991"},{"taxonomy":"product_tag","embeddable":true,"href":"https:\/\/monannuaire-conciergerie.fr\/en\/wp-json\/wp\/v2\/product_tag?post=3991"}],"curies":[{"name":"wp","href":"https:\/\/api.w.org\/{rel}","templated":true}]}}