{"id":3998,"date":"2025-03-14T08:24:16","date_gmt":"2025-03-14T07:24:16","guid":{"rendered":"https:\/\/monannuaire-conciergerie.fr\/product\/stay-care-conciergerie\/"},"modified":"2025-05-20T18:45:40","modified_gmt":"2025-05-20T16:45:40","slug":"stay-care-conciergerie","status":"publish","type":"product","link":"https:\/\/monannuaire-conciergerie.fr\/en\/product\/stay-care-conciergerie\/","title":{"rendered":"Stay &amp; Care Concierge"},"content":{"rendered":"<p>Stay & Care : Un service sur-mesure pour votre location<\/p>\n<p>Complete support for renting with complete peace of mind!<\/p>\n<p>Stay & Care est une conciergerie sp\u00e9cialis\u00e9e en location courte dur\u00e9e en Seine-et-Marne. Nous prenons en charge chaque \u00e9tape pour assurer une exp\u00e9rience fluide et rentable aux propri\u00e9taires, ainsi qu\u2019un s\u00e9jour agr\u00e9able aux voyageurs.<br \/>\nIncrease your revenue with our expertise in dynamic pricing<br \/>\nDeliver a premium experience to travelers with professional service<br \/>\nBenefit from a transparent and non-binding service<\/p>","protected":false},"excerpt":{"rendered":"<p>Stay &#038; Care : Un service sur-mesure pour votre location Un accompagnement complet pour louer en toute s\u00e9r\u00e9nit\u00e9 ! Stay &#038; Care est une conciergerie sp\u00e9cialis\u00e9e en location courte dur\u00e9e en Seine-et-Marne. Nous prenons en charge chaque \u00e9tape pour assurer une exp\u00e9rience fluide et rentable aux propri\u00e9taires, ainsi qu\u2019un s\u00e9jour agr\u00e9able aux voyageurs. Augmentez vos revenus gr\u00e2ce \u00e0 notre expertise en tarification dynamique Offrez une exp\u00e9rience haut de gamme aux voyageurs avec un service professionnel B\u00e9n\u00e9ficiez d\u2019un service transparent et sans engagement<\/p>","protected":false},"featured_media":0,"comment_status":"open","ping_status":"closed","template":"","meta":{"inline_featured_image":false,"slim_seo":{"title":"Stay &amp; Care Conciergerie - Mon annuaire conciergerie","description":"Stay &amp; Care : Un service sur-mesure pour votre location Un accompagnement complet pour louer en toute s\u00e9r\u00e9nit\u00e9 ! Stay &amp; Care est une conciergerie sp\u00e9cia"}},"product_brand":[],"product_cat":[21],"product_tag":[],"class_list":{"0":"post-3998","1":"product","2":"type-product","3":"status-publish","5":"product_cat-listeo-booking","7":"first","8":"instock","9":"downloadable","10":"virtual","11":"sold-individually","12":"purchasable","13":"product-type-listing_booking"},"jetpack_sharing_enabled":true,"_links":{"self":[{"href":"https:\/\/monannuaire-conciergerie.fr\/en\/wp-json\/wp\/v2\/product\/3998","targetHints":{"allow":["GET"]}}],"collection":[{"href":"https:\/\/monannuaire-conciergerie.fr\/en\/wp-json\/wp\/v2\/product"}],"about":[{"href":"https:\/\/monannuaire-conciergerie.fr\/en\/wp-json\/wp\/v2\/types\/product"}],"replies":[{"embeddable":true,"href":"https:\/\/monannuaire-conciergerie.fr\/en\/wp-json\/wp\/v2\/comments?post=3998"}],"version-history":[{"count":1,"href":"https:\/\/monannuaire-conciergerie.fr\/en\/wp-json\/wp\/v2\/product\/3998\/revisions"}],"predecessor-version":[{"id":4122,"href":"https:\/\/monannuaire-conciergerie.fr\/en\/wp-json\/wp\/v2\/product\/3998\/revisions\/4122"}],"wp:attachment":[{"href":"https:\/\/monannuaire-conciergerie.fr\/en\/wp-json\/wp\/v2\/media?parent=3998"}],"wp:term":[{"taxonomy":"product_brand","embeddable":true,"href":"https:\/\/monannuaire-conciergerie.fr\/en\/wp-json\/wp\/v2\/product_brand?post=3998"},{"taxonomy":"product_cat","embeddable":true,"href":"https:\/\/monannuaire-conciergerie.fr\/en\/wp-json\/wp\/v2\/product_cat?post=3998"},{"taxonomy":"product_tag","embeddable":true,"href":"https:\/\/monannuaire-conciergerie.fr\/en\/wp-json\/wp\/v2\/product_tag?post=3998"}],"curies":[{"name":"wp","href":"https:\/\/api.w.org\/{rel}","templated":true}]}}