{"id":4021,"date":"2025-03-19T04:31:03","date_gmt":"2025-03-19T03:31:03","guid":{"rendered":"https:\/\/monannuaire-conciergerie.fr\/product\/libertecles-conciergerie\/"},"modified":"2025-04-23T21:13:06","modified_gmt":"2025-04-23T19:13:06","slug":"libertecles-conciergerie","status":"publish","type":"product","link":"https:\/\/monannuaire-conciergerie.fr\/en\/product\/libertecles-conciergerie\/","title":{"rendered":"FreedomKeys Concierge"},"content":{"rendered":"<p>Welcome<br \/>\nLibertecl\u00e9s specializes in Etretat housing.<\/p>\n<p>A resident for several years, I would be happy to show you this little piece of Normandy paradise...<\/p>\n<p>Libert\u00e9cl\u00e9s is intended for owners wishing to put their property up for short-term rental.<\/p>\n<p>Versatile in the field of real estate, I offer you a complete service, combining optimized management and advice to achieve your financial objectives.<\/p>","protected":false},"excerpt":{"rendered":"<p>Bienvenue Libert\u00e9cl\u00e9s\u00a0est sp\u00e9cialis\u00e9 dans les logements Etretatais. R\u00e9sidente depuis plusieurs ann\u00e9es, je serais heureuse de vous faire d\u00e9couvrir ce petit bout de paradis Normand\u2026 Libert\u00e9cl\u00e9s\u00a0est destin\u00e9 aux propri\u00e9taires souhaitant mettre leur bien en location courte dur\u00e9e. Polyvalente dans le domaine de l\u2019immobilier je vous propose un service complet, alliant gestion optimis\u00e9e et conseils pour atteindre vos objectifs financiers.<\/p>","protected":false},"featured_media":0,"comment_status":"open","ping_status":"closed","template":"","meta":{"inline_featured_image":false,"slim_seo":{"title":"Libert\u00e9Cl\u00e9s Conciergerie - Mon annuaire conciergerie","description":"Bienvenue Libert\u00e9cl\u00e9s\u00a0est sp\u00e9cialis\u00e9 dans les logements Etretatais. R\u00e9sidente depuis plusieurs ann\u00e9es, je serais heureuse de vous faire d\u00e9couvrir ce petit bout"}},"product_brand":[],"product_cat":[21],"product_tag":[],"class_list":{"0":"post-4021","1":"product","2":"type-product","3":"status-publish","5":"product_cat-listeo-booking","7":"first","8":"instock","9":"downloadable","10":"virtual","11":"sold-individually","12":"purchasable","13":"product-type-listing_booking"},"jetpack_sharing_enabled":true,"_links":{"self":[{"href":"https:\/\/monannuaire-conciergerie.fr\/en\/wp-json\/wp\/v2\/product\/4021","targetHints":{"allow":["GET"]}}],"collection":[{"href":"https:\/\/monannuaire-conciergerie.fr\/en\/wp-json\/wp\/v2\/product"}],"about":[{"href":"https:\/\/monannuaire-conciergerie.fr\/en\/wp-json\/wp\/v2\/types\/product"}],"replies":[{"embeddable":true,"href":"https:\/\/monannuaire-conciergerie.fr\/en\/wp-json\/wp\/v2\/comments?post=4021"}],"version-history":[{"count":1,"href":"https:\/\/monannuaire-conciergerie.fr\/en\/wp-json\/wp\/v2\/product\/4021\/revisions"}],"predecessor-version":[{"id":4121,"href":"https:\/\/monannuaire-conciergerie.fr\/en\/wp-json\/wp\/v2\/product\/4021\/revisions\/4121"}],"wp:attachment":[{"href":"https:\/\/monannuaire-conciergerie.fr\/en\/wp-json\/wp\/v2\/media?parent=4021"}],"wp:term":[{"taxonomy":"product_brand","embeddable":true,"href":"https:\/\/monannuaire-conciergerie.fr\/en\/wp-json\/wp\/v2\/product_brand?post=4021"},{"taxonomy":"product_cat","embeddable":true,"href":"https:\/\/monannuaire-conciergerie.fr\/en\/wp-json\/wp\/v2\/product_cat?post=4021"},{"taxonomy":"product_tag","embeddable":true,"href":"https:\/\/monannuaire-conciergerie.fr\/en\/wp-json\/wp\/v2\/product_tag?post=4021"}],"curies":[{"name":"wp","href":"https:\/\/api.w.org\/{rel}","templated":true}]}}