{"id":4034,"date":"2025-03-20T13:32:07","date_gmt":"2025-03-20T12:32:07","guid":{"rendered":"https:\/\/monannuaire-conciergerie.fr\/product\/gantilles-conciergerie\/"},"modified":"2025-05-20T14:50:05","modified_gmt":"2025-05-20T12:50:05","slug":"gantilles-conciergerie","status":"publish","type":"product","link":"https:\/\/monannuaire-conciergerie.fr\/en\/product\/gantilles-conciergerie\/","title":{"rendered":"G&#039;ANTILLES CONCIERGE"},"content":{"rendered":"<p>At G&#039;ANTILLES CONCIERGERIE, we offer you complete and personalized support for your seasonal and temporary rental properties in Guadeloupe.<\/p>\n<p>Entrust us with the management of essential services while benefiting from a tailor-made approach to fully enhance the value of your property under the Caribbean sun.<\/p>","protected":false},"excerpt":{"rendered":"<p>Chez G&#8217;ANTILLES CONCIERGERIE , nous vous offrons un accompagnement complet et personnalis\u00e9 pour vos biens en location saisonni\u00e8re et temporaire en Guadeloupe. Confiez-nous la prise en charge des services essentiels tout en profitant d\u2019une approche sur mesure pour valoriser pleinement votre propri\u00e9t\u00e9 sous le soleil des Cara\u00efbes.<\/p>","protected":false},"featured_media":0,"comment_status":"open","ping_status":"closed","template":"","meta":{"inline_featured_image":false,"slim_seo":{"title":"G'ANTILLES CONCIERGERIE - Mon annuaire conciergerie","description":"Chez G'ANTILLES CONCIERGERIE , nous vous offrons un accompagnement complet et personnalis\u00e9 pour vos biens en location saisonni\u00e8re et temporaire en Guadeloupe. C"}},"product_brand":[],"product_cat":[21],"product_tag":[],"class_list":{"0":"post-4034","1":"product","2":"type-product","3":"status-publish","5":"product_cat-listeo-booking","7":"first","8":"instock","9":"downloadable","10":"virtual","11":"sold-individually","12":"purchasable","13":"product-type-listing_booking"},"jetpack_sharing_enabled":true,"_links":{"self":[{"href":"https:\/\/monannuaire-conciergerie.fr\/en\/wp-json\/wp\/v2\/product\/4034","targetHints":{"allow":["GET"]}}],"collection":[{"href":"https:\/\/monannuaire-conciergerie.fr\/en\/wp-json\/wp\/v2\/product"}],"about":[{"href":"https:\/\/monannuaire-conciergerie.fr\/en\/wp-json\/wp\/v2\/types\/product"}],"replies":[{"embeddable":true,"href":"https:\/\/monannuaire-conciergerie.fr\/en\/wp-json\/wp\/v2\/comments?post=4034"}],"version-history":[{"count":1,"href":"https:\/\/monannuaire-conciergerie.fr\/en\/wp-json\/wp\/v2\/product\/4034\/revisions"}],"predecessor-version":[{"id":4120,"href":"https:\/\/monannuaire-conciergerie.fr\/en\/wp-json\/wp\/v2\/product\/4034\/revisions\/4120"}],"wp:attachment":[{"href":"https:\/\/monannuaire-conciergerie.fr\/en\/wp-json\/wp\/v2\/media?parent=4034"}],"wp:term":[{"taxonomy":"product_brand","embeddable":true,"href":"https:\/\/monannuaire-conciergerie.fr\/en\/wp-json\/wp\/v2\/product_brand?post=4034"},{"taxonomy":"product_cat","embeddable":true,"href":"https:\/\/monannuaire-conciergerie.fr\/en\/wp-json\/wp\/v2\/product_cat?post=4034"},{"taxonomy":"product_tag","embeddable":true,"href":"https:\/\/monannuaire-conciergerie.fr\/en\/wp-json\/wp\/v2\/product_tag?post=4034"}],"curies":[{"name":"wp","href":"https:\/\/api.w.org\/{rel}","templated":true}]}}