{"id":4099,"date":"2025-03-21T12:06:50","date_gmt":"2025-03-21T11:06:50","guid":{"rendered":"https:\/\/monannuaire-conciergerie.fr\/product\/rose-marion-conciergerie\/"},"modified":"2025-04-23T21:15:03","modified_gmt":"2025-04-23T19:15:03","slug":"rose-marion-conciergerie","status":"publish","type":"product","link":"https:\/\/monannuaire-conciergerie.fr\/en\/product\/rose-marion-conciergerie\/","title":{"rendered":"Rose Marion Concierge"},"content":{"rendered":"<p>\u2728 Rose Marion Conciergerie: Excellence at the Service of Your Property \u2728<\/p>\n<p>Confiez votre location saisonni\u00e8re \u00e0 une conciergerie qui va bien au-del\u00e0 de l\u2019intendance locative. Chez Rose Marion Conciergerie, chaque d\u00e9tail compte : de la mise en valeur irr\u00e9sistible de votre annonce avec des photos professionnelles \u00e0 l\u2019accueil chaleureux de vos voyageurs, en passant par une coordination fluide des r\u00e9servations et un entretien impeccable de votre bien.<\/p>\n<p>Your peace of mind is our priority, and your guests&#039; unforgettable experience is our mission. We make every stay a success, with passion and professionalism. \ud83c\udf3f\u2728<\/p>\n<p>Rose Marion Conciergerie, because your property deserves excellence.<\/p>","protected":false},"excerpt":{"rendered":"<p>\u2728 Rose Marion Conciergerie : L\u2019Excellence au Service de Votre Bien \u2728 Confiez votre location saisonni\u00e8re \u00e0 une conciergerie qui va bien au-del\u00e0 de l\u2019intendance locative. Chez Rose Marion Conciergerie, chaque d\u00e9tail compte : de la mise en valeur irr\u00e9sistible de votre annonce avec des photos professionnelles \u00e0 l\u2019accueil chaleureux de vos voyageurs, en passant par une coordination fluide des r\u00e9servations et un entretien impeccable de votre bien. Votre tranquillit\u00e9 d\u2019esprit est notre priorit\u00e9, et l\u2019exp\u00e9rience inoubliable de vos h\u00f4tes, notre mission. Faites de chaque s\u00e9jour un succ\u00e8s, avec passion et professionnalisme. \ud83c\udf3f\u2728 Rose Marion Conciergerie, parce que votre bien m\u00e9rite l\u2019excellence.<\/p>","protected":false},"featured_media":0,"comment_status":"open","ping_status":"closed","template":"","meta":{"inline_featured_image":false,"slim_seo":{"title":"Rose Marion Conciergerie - Mon annuaire conciergerie","description":"\u2728 Rose Marion Conciergerie : L\u2019Excellence au Service de Votre Bien \u2728 Confiez votre location saisonni\u00e8re \u00e0 une conciergerie qui va bien au-del\u00e0 de l'intendance l"}},"product_brand":[],"product_cat":[21],"product_tag":[],"class_list":{"0":"post-4099","1":"product","2":"type-product","3":"status-publish","5":"product_cat-listeo-booking","7":"first","8":"instock","9":"downloadable","10":"virtual","11":"sold-individually","12":"purchasable","13":"product-type-listing_booking"},"jetpack_sharing_enabled":true,"_links":{"self":[{"href":"https:\/\/monannuaire-conciergerie.fr\/en\/wp-json\/wp\/v2\/product\/4099","targetHints":{"allow":["GET"]}}],"collection":[{"href":"https:\/\/monannuaire-conciergerie.fr\/en\/wp-json\/wp\/v2\/product"}],"about":[{"href":"https:\/\/monannuaire-conciergerie.fr\/en\/wp-json\/wp\/v2\/types\/product"}],"replies":[{"embeddable":true,"href":"https:\/\/monannuaire-conciergerie.fr\/en\/wp-json\/wp\/v2\/comments?post=4099"}],"version-history":[{"count":1,"href":"https:\/\/monannuaire-conciergerie.fr\/en\/wp-json\/wp\/v2\/product\/4099\/revisions"}],"predecessor-version":[{"id":4102,"href":"https:\/\/monannuaire-conciergerie.fr\/en\/wp-json\/wp\/v2\/product\/4099\/revisions\/4102"}],"wp:attachment":[{"href":"https:\/\/monannuaire-conciergerie.fr\/en\/wp-json\/wp\/v2\/media?parent=4099"}],"wp:term":[{"taxonomy":"product_brand","embeddable":true,"href":"https:\/\/monannuaire-conciergerie.fr\/en\/wp-json\/wp\/v2\/product_brand?post=4099"},{"taxonomy":"product_cat","embeddable":true,"href":"https:\/\/monannuaire-conciergerie.fr\/en\/wp-json\/wp\/v2\/product_cat?post=4099"},{"taxonomy":"product_tag","embeddable":true,"href":"https:\/\/monannuaire-conciergerie.fr\/en\/wp-json\/wp\/v2\/product_tag?post=4099"}],"curies":[{"name":"wp","href":"https:\/\/api.w.org\/{rel}","templated":true}]}}