{"id":4108,"date":"2025-03-21T14:22:36","date_gmt":"2025-03-21T13:22:36","guid":{"rendered":"https:\/\/monannuaire-conciergerie.fr\/product\/chez-rosa-conciergerie\/"},"modified":"2025-04-22T11:00:52","modified_gmt":"2025-04-22T09:00:52","slug":"chez-rosa-conciergerie","status":"publish","type":"product","link":"https:\/\/monannuaire-conciergerie.fr\/en\/product\/chez-rosa-conciergerie\/","title":{"rendered":"At Rosa Conciergerie"},"content":{"rendered":"<p>Welcome<br \/>\nYour high-end concierge service, specializing in short, medium, and long-term rentals, has been designed for investors, businesses, and professionals, offering personalized services tailored to all types of needs.<\/p>\n<p>Grow your rental income and enjoy a stress-free vacation at any time of year. We take care of you and your property, paying careful attention to every detail, while optimizing your time.<\/p>\n<p>Make us your trusted partner with complete confidence.<\/p>","protected":false},"excerpt":{"rendered":"<p>Bienvenue Votre conciergerie\u00a0haut de gamme,\u00a0sp\u00e9cialis\u00e9e en location\u00a0courte,\u00a0moyenne\u00a0et\u00a0longue\u00a0dur\u00e9e, \u00e0 \u00e9t\u00e9 pens\u00e9 pour\u00a0les investisseurs,\u00a0les\u00a0entreprises,\u00a0les\u00a0professionnels, en vous offrant des services personnalis\u00e9s, adapt\u00e9s \u00e0 tous types de besoins. Fructifiez vos revenus locatifs\u00a0et partez sereinement en vacances \u00e0 tout moment de l&#8217;ann\u00e9e. En optimisant votre temps, nous prenons soin de vous et de votre bien, avec une attention particuli\u00e8re \u00e0 chaque d\u00e9tail. Faites de nous,\u00a0votre partenaire de confiance\u00a0en toute assurance.<\/p>","protected":false},"featured_media":0,"comment_status":"open","ping_status":"closed","template":"","meta":{"inline_featured_image":false,"slim_seo":{"title":"Chez Rosa Conciergerie - Mon annuaire conciergerie","description":"Bienvenue Votre conciergerie\u00a0haut de gamme,\u00a0sp\u00e9cialis\u00e9e en location\u00a0courte,\u00a0moyenne\u00a0et\u00a0longue\u00a0dur\u00e9e, \u00e0 \u00e9t\u00e9 pens\u00e9 pour\u00a0les investisseurs,\u00a0les\u00a0entreprises,\u00a0les\u00a0pr"}},"product_brand":[],"product_cat":[21],"product_tag":[],"class_list":{"0":"post-4108","1":"product","2":"type-product","3":"status-publish","5":"product_cat-listeo-booking","7":"first","8":"instock","9":"downloadable","10":"virtual","11":"sold-individually","12":"purchasable","13":"product-type-listing_booking"},"jetpack_sharing_enabled":true,"_links":{"self":[{"href":"https:\/\/monannuaire-conciergerie.fr\/en\/wp-json\/wp\/v2\/product\/4108","targetHints":{"allow":["GET"]}}],"collection":[{"href":"https:\/\/monannuaire-conciergerie.fr\/en\/wp-json\/wp\/v2\/product"}],"about":[{"href":"https:\/\/monannuaire-conciergerie.fr\/en\/wp-json\/wp\/v2\/types\/product"}],"replies":[{"embeddable":true,"href":"https:\/\/monannuaire-conciergerie.fr\/en\/wp-json\/wp\/v2\/comments?post=4108"}],"version-history":[{"count":1,"href":"https:\/\/monannuaire-conciergerie.fr\/en\/wp-json\/wp\/v2\/product\/4108\/revisions"}],"predecessor-version":[{"id":4116,"href":"https:\/\/monannuaire-conciergerie.fr\/en\/wp-json\/wp\/v2\/product\/4108\/revisions\/4116"}],"wp:attachment":[{"href":"https:\/\/monannuaire-conciergerie.fr\/en\/wp-json\/wp\/v2\/media?parent=4108"}],"wp:term":[{"taxonomy":"product_brand","embeddable":true,"href":"https:\/\/monannuaire-conciergerie.fr\/en\/wp-json\/wp\/v2\/product_brand?post=4108"},{"taxonomy":"product_cat","embeddable":true,"href":"https:\/\/monannuaire-conciergerie.fr\/en\/wp-json\/wp\/v2\/product_cat?post=4108"},{"taxonomy":"product_tag","embeddable":true,"href":"https:\/\/monannuaire-conciergerie.fr\/en\/wp-json\/wp\/v2\/product_tag?post=4108"}],"curies":[{"name":"wp","href":"https:\/\/api.w.org\/{rel}","templated":true}]}}