{"id":4125,"date":"2025-03-25T09:36:57","date_gmt":"2025-03-25T08:36:57","guid":{"rendered":"https:\/\/monannuaire-conciergerie.fr\/product\/le-coeur-des-cimes\/"},"modified":"2025-12-26T02:30:32","modified_gmt":"2025-12-26T01:30:32","slug":"le-coeur-des-cimes","status":"publish","type":"product","link":"https:\/\/monannuaire-conciergerie.fr\/en\/product\/le-coeur-des-cimes\/","title":{"rendered":"The Heart of the Peaks"},"content":{"rendered":"<p>I am Caroline, founder of Coeur des Cimes, a human-scale concierge service in which I have used my 15 years spent organizing events and managing unforeseen events to offer you a personalized service, based on kindness, attentiveness and availability.<\/p>\n<p>&nbsp;<\/p>\n<p>My goal? To make your life easier, free up your time, and ensure you can fully enjoy what really matters to you.<\/p>\n<p>&nbsp;<\/p>\n<p>Why us?<\/p>\n<p>\u2013 An experience at your service: we will always respond to your needs with precision and empathy<\/p>\n<p>\u2013 A tailor-made service: each request is unique, we take into account your desires, your constraints and your preferences.<\/p>\n<p>\u2013 A caring and compassionate approach: We strive to create a relationship of trust and understanding with you. Your satisfaction and peace of mind are our priority.<\/p>\n<p>\u2013 Attention to detail: Nothing is left to chance. Every little detail counts to provide you with a seamless and enjoyable experience.<\/p>\n<p>Let us take care of everything, with professionalism and a human touch, so you can focus on what matters most: your projects, your family, your hobbies.<\/p>","protected":false},"excerpt":{"rendered":"<p>Je suis Caroline, fondatrice du Coeur des Cimes, conciergerie \u00e0 \u00e9chelle humaine dans laquelle j\u2019ai mis \u00e0 profit mes 15 ann\u00e9es pass\u00e9es \u00e0 organiser des \u00e9v\u00e9nements et \u00e0 g\u00e9rer des impr\u00e9vus pour vous offrir un service personnalis\u00e9, fait de bienveillance, d\u2019\u00e9coute et de disponibilit\u00e9. &nbsp; Mon but ? Vous faciliter la vie, vous lib\u00e9rer du temps et faire en sorte que vous puissiez profiter pleinement de ce qui compte vraiment pour vous. &nbsp; Pourquoi nous ? &#8211; Une exp\u00e9rience \u00e0 votre service : nous r\u00e9pondrons toujours \u00e0 vos besoins avec pr\u00e9cision et empathie &#8211; Un service sur-mesure : chaque demande est unique, nous prenons en compte vos envies, vos contraintes et vos pr\u00e9f\u00e9rences. &#8211; Une approche humaine et bienveillante : nous aspirons \u00e0 cr\u00e9er une relation de confiance et de complicit\u00e9 avec vous. Votre satisfaction et votre s\u00e9r\u00e9nit\u00e9 sont notre priorit\u00e9. &#8211; Le souci du d\u00e9tail : Rien n&#8217;est laiss\u00e9 au hasard. Chaque petit d\u00e9tail compte pour vous offrir une exp\u00e9rience fluide et agr\u00e9able. Laissez-nous nous occuper de tout, avec professionnalisme et une touche d\u2019humanit\u00e9, pour que vous puissiez vous concentrer sur l\u2019essentiel : vos projets, votre famille, vos loisirs.<\/p>","protected":false},"featured_media":0,"comment_status":"open","ping_status":"closed","template":"","meta":{"inline_featured_image":false,"slim_seo":{"title":"Le Coeur des Cimes - Mon annuaire conciergerie","description":"Je suis Caroline, fondatrice du Coeur des Cimes, conciergerie \u00e0 \u00e9chelle humaine dans laquelle j\u2019ai mis \u00e0 profit mes 15 ann\u00e9es pass\u00e9es \u00e0 organiser des \u00e9v\u00e9nements"}},"product_brand":[],"product_cat":[372],"product_tag":[],"class_list":{"0":"post-4125","1":"product","2":"type-product","3":"status-publish","5":"product_cat-listeo-booking-2","7":"first","8":"instock","9":"downloadable","10":"virtual","11":"sold-individually","12":"purchasable","13":"product-type-listing_booking"},"jetpack_sharing_enabled":true,"_links":{"self":[{"href":"https:\/\/monannuaire-conciergerie.fr\/en\/wp-json\/wp\/v2\/product\/4125","targetHints":{"allow":["GET"]}}],"collection":[{"href":"https:\/\/monannuaire-conciergerie.fr\/en\/wp-json\/wp\/v2\/product"}],"about":[{"href":"https:\/\/monannuaire-conciergerie.fr\/en\/wp-json\/wp\/v2\/types\/product"}],"replies":[{"embeddable":true,"href":"https:\/\/monannuaire-conciergerie.fr\/en\/wp-json\/wp\/v2\/comments?post=4125"}],"version-history":[{"count":1,"href":"https:\/\/monannuaire-conciergerie.fr\/en\/wp-json\/wp\/v2\/product\/4125\/revisions"}],"predecessor-version":[{"id":4190,"href":"https:\/\/monannuaire-conciergerie.fr\/en\/wp-json\/wp\/v2\/product\/4125\/revisions\/4190"}],"wp:attachment":[{"href":"https:\/\/monannuaire-conciergerie.fr\/en\/wp-json\/wp\/v2\/media?parent=4125"}],"wp:term":[{"taxonomy":"product_brand","embeddable":true,"href":"https:\/\/monannuaire-conciergerie.fr\/en\/wp-json\/wp\/v2\/product_brand?post=4125"},{"taxonomy":"product_cat","embeddable":true,"href":"https:\/\/monannuaire-conciergerie.fr\/en\/wp-json\/wp\/v2\/product_cat?post=4125"},{"taxonomy":"product_tag","embeddable":true,"href":"https:\/\/monannuaire-conciergerie.fr\/en\/wp-json\/wp\/v2\/product_tag?post=4125"}],"curies":[{"name":"wp","href":"https:\/\/api.w.org\/{rel}","templated":true}]}}