{"id":4162,"date":"2025-03-28T11:41:41","date_gmt":"2025-03-28T10:41:41","guid":{"rendered":"https:\/\/monannuaire-conciergerie.fr\/product\/linstant-cle\/"},"modified":"2025-05-14T12:40:14","modified_gmt":"2025-05-14T10:40:14","slug":"linstant-cle","status":"publish","type":"product","link":"https:\/\/monannuaire-conciergerie.fr\/en\/product\/linstant-cle\/","title":{"rendered":"The Key Moment"},"content":{"rendered":"<p>Elodie, 34 ans, j\u2019ai cr\u00e9e L\u2019instant Cl\u00e9, une toute nouvelle conciergerie situ\u00e9e dans la campagne aixoise.<\/p>\n<p>My goal is to help owners enhance the value of their property, maximize their income, and manage their homes with complete peace of mind. For travelers, I aim to offer them a pleasant and peaceful break with kindness, availability, and responsiveness, allowing them to fully enjoy the region.<\/p>\n<p>Pour toute demande de renseignement, n\u2019h\u00e9sitez pas \u00e0 me contacter<\/p>","protected":false},"excerpt":{"rendered":"<p>Elodie, 34 ans, j\u2019ai cr\u00e9e L\u2019instant Cl\u00e9, une toute nouvelle conciergerie situ\u00e9e dans la campagne aixoise. Mon objectif est d\u2019aider les propri\u00e9taires \u00e0 valoriser leur bien, optimiser leurs revenus et g\u00e9rer leur logement en toute s\u00e9r\u00e9nit\u00e9. Pour les voyageurs, je souhaite leur offrir une parenth\u00e8se agr\u00e9able et sereine avec bienveillance, disponibilit\u00e9 et r\u00e9activit\u00e9 pour leur permettre de profiter pleinement de la r\u00e9gion. Pour toute demande de renseignement, n\u2019h\u00e9sitez pas \u00e0 me contacter<\/p>","protected":false},"featured_media":0,"comment_status":"open","ping_status":"closed","template":"","meta":{"inline_featured_image":false,"slim_seo":{"title":"L'instant Cl\u00e9 - Mon annuaire conciergerie","description":"Elodie, 34 ans, j'ai cr\u00e9e L'instant Cl\u00e9, une toute nouvelle conciergerie situ\u00e9e dans la campagne aixoise. Mon objectif est d\u2019aider les propri\u00e9taires \u00e0 valoriser"}},"product_brand":[],"product_cat":[21],"product_tag":[],"class_list":{"0":"post-4162","1":"product","2":"type-product","3":"status-publish","5":"product_cat-listeo-booking","7":"first","8":"instock","9":"downloadable","10":"virtual","11":"sold-individually","12":"purchasable","13":"product-type-listing_booking"},"jetpack_sharing_enabled":true,"_links":{"self":[{"href":"https:\/\/monannuaire-conciergerie.fr\/en\/wp-json\/wp\/v2\/product\/4162","targetHints":{"allow":["GET"]}}],"collection":[{"href":"https:\/\/monannuaire-conciergerie.fr\/en\/wp-json\/wp\/v2\/product"}],"about":[{"href":"https:\/\/monannuaire-conciergerie.fr\/en\/wp-json\/wp\/v2\/types\/product"}],"replies":[{"embeddable":true,"href":"https:\/\/monannuaire-conciergerie.fr\/en\/wp-json\/wp\/v2\/comments?post=4162"}],"version-history":[{"count":2,"href":"https:\/\/monannuaire-conciergerie.fr\/en\/wp-json\/wp\/v2\/product\/4162\/revisions"}],"predecessor-version":[{"id":4169,"href":"https:\/\/monannuaire-conciergerie.fr\/en\/wp-json\/wp\/v2\/product\/4162\/revisions\/4169"}],"wp:attachment":[{"href":"https:\/\/monannuaire-conciergerie.fr\/en\/wp-json\/wp\/v2\/media?parent=4162"}],"wp:term":[{"taxonomy":"product_brand","embeddable":true,"href":"https:\/\/monannuaire-conciergerie.fr\/en\/wp-json\/wp\/v2\/product_brand?post=4162"},{"taxonomy":"product_cat","embeddable":true,"href":"https:\/\/monannuaire-conciergerie.fr\/en\/wp-json\/wp\/v2\/product_cat?post=4162"},{"taxonomy":"product_tag","embeddable":true,"href":"https:\/\/monannuaire-conciergerie.fr\/en\/wp-json\/wp\/v2\/product_tag?post=4162"}],"curies":[{"name":"wp","href":"https:\/\/api.w.org\/{rel}","templated":true}]}}