{"id":4203,"date":"2025-04-03T15:00:22","date_gmt":"2025-04-03T13:00:22","guid":{"rendered":"https:\/\/monannuaire-conciergerie.fr\/product\/conciergerie-cezam\/"},"modified":"2025-06-04T14:09:59","modified_gmt":"2025-06-04T12:09:59","slug":"conciergerie-cezam","status":"publish","type":"product","link":"https:\/\/monannuaire-conciergerie.fr\/en\/product\/conciergerie-cezam\/","title":{"rendered":"Cezam Concierge Service"},"content":{"rendered":"<p>At Conciergerie Cezam, we support owners of short-term rental properties (STR) in Angoul\u00eame and the surrounding 20 km area, to provide them with <strong>save precious time<\/strong> All <strong>by improving the profitability of their investment<\/strong>.<\/p>\n<p><span style=\"text-decoration: underline\">Our mission<\/span> : allow you to fully enjoy your free time and <strong>free yourself from the constraints of your rental property<\/strong>, thanks to a turnkey, human and efficient solution.<\/p>\n<p>Thanks to powerful automated tools (dynamic pricing, platform synchronization, optimized visibility), we maximize the potential of your ad in a highly competitive market.<\/p>\n<p>Between each stay, our dedicated cleaning team meticulously prepares the accommodation to guarantee guests an impeccable welcome and hotel-like comfort.<\/p>\n<p>Whether you&#039;re a homeowner or a traveler, you&#039;re at home here.<br \/>\nOpen the doors to Conciergerie Cezam and discover a new way to rent, with complete peace of mind.<\/p>","protected":false},"excerpt":{"rendered":"<p>Chez Conciergerie Cezam, nous accompagnons les propri\u00e9taires de biens en location courte dur\u00e9e (LCD) sur\u00a0 Angoul\u00eame et 20 km autour, pour leur faire gagner un temps pr\u00e9cieux tout en am\u00e9liorant la rentabilit\u00e9 de leur investissement. Notre mission : vous permettre de profiter pleinement de votre temps libre et de vous lib\u00e9rer des contraintes de votre bien locatif, gr\u00e2ce \u00e0 une solution cl\u00e9 en main, humaine et efficace. Gr\u00e2ce \u00e0 des\u00a0outils automatis\u00e9s\u00a0performants (tarification dynamique, synchronisation des plateformes, visibilit\u00e9 optimis\u00e9e), nous maximisons le potentiel de votre annonce dans un\u00a0march\u00e9 tr\u00e8s concurrentiel. Entre chaque s\u00e9jour, notre\u00a0\u00e9quipe de m\u00e9nage d\u00e9di\u00e9e\u00a0pr\u00e9pare le logement avec rigueur, pour garantir aux voyageurs un\u00a0accueil impeccable et un confort digne de l\u2019h\u00f4tellerie. Propri\u00e9taire ou voyageur, vous \u00eates ici chez vous. Ouvrez les portes de\u00a0Conciergerie Cezam\u00a0et d\u00e9couvrez une nouvelle fa\u00e7on de louer, en toute tranquillit\u00e9.<\/p>","protected":false},"featured_media":0,"comment_status":"open","ping_status":"closed","template":"","meta":{"inline_featured_image":false,"slim_seo":{"title":"Conciergerie Cezam - Mon annuaire conciergerie","description":"Chez Conciergerie Cezam, nous accompagnons les propri\u00e9taires de biens en location courte dur\u00e9e (LCD) sur\u00a0 Angoul\u00eame et 20 km autour, pour leur faire gagner un t"}},"product_brand":[],"product_cat":[21],"product_tag":[],"class_list":{"0":"post-4203","1":"product","2":"type-product","3":"status-publish","5":"product_cat-listeo-booking","7":"first","8":"instock","9":"downloadable","10":"virtual","11":"sold-individually","12":"purchasable","13":"product-type-listing_booking"},"jetpack_sharing_enabled":true,"_links":{"self":[{"href":"https:\/\/monannuaire-conciergerie.fr\/en\/wp-json\/wp\/v2\/product\/4203","targetHints":{"allow":["GET"]}}],"collection":[{"href":"https:\/\/monannuaire-conciergerie.fr\/en\/wp-json\/wp\/v2\/product"}],"about":[{"href":"https:\/\/monannuaire-conciergerie.fr\/en\/wp-json\/wp\/v2\/types\/product"}],"replies":[{"embeddable":true,"href":"https:\/\/monannuaire-conciergerie.fr\/en\/wp-json\/wp\/v2\/comments?post=4203"}],"version-history":[{"count":1,"href":"https:\/\/monannuaire-conciergerie.fr\/en\/wp-json\/wp\/v2\/product\/4203\/revisions"}],"predecessor-version":[{"id":4207,"href":"https:\/\/monannuaire-conciergerie.fr\/en\/wp-json\/wp\/v2\/product\/4203\/revisions\/4207"}],"wp:attachment":[{"href":"https:\/\/monannuaire-conciergerie.fr\/en\/wp-json\/wp\/v2\/media?parent=4203"}],"wp:term":[{"taxonomy":"product_brand","embeddable":true,"href":"https:\/\/monannuaire-conciergerie.fr\/en\/wp-json\/wp\/v2\/product_brand?post=4203"},{"taxonomy":"product_cat","embeddable":true,"href":"https:\/\/monannuaire-conciergerie.fr\/en\/wp-json\/wp\/v2\/product_cat?post=4203"},{"taxonomy":"product_tag","embeddable":true,"href":"https:\/\/monannuaire-conciergerie.fr\/en\/wp-json\/wp\/v2\/product_tag?post=4203"}],"curies":[{"name":"wp","href":"https:\/\/api.w.org\/{rel}","templated":true}]}}