{"id":4227,"date":"2025-04-06T10:11:36","date_gmt":"2025-04-06T08:11:36","guid":{"rendered":"https:\/\/monannuaire-conciergerie.fr\/product\/major-groom-conciergerie\/"},"modified":"2025-05-06T10:18:10","modified_gmt":"2025-05-06T08:18:10","slug":"major-groom-conciergerie","status":"publish","type":"product","link":"https:\/\/monannuaire-conciergerie.fr\/en\/product\/major-groom-conciergerie\/","title":{"rendered":"Major Groom Concierge"},"content":{"rendered":"<p>Premium Concierge Service in Belfort &amp; Montb\u00e9liard: Simplify and Optimize the Rental of Your Second Home<\/p>\n<p>Gain peace of mind and profitability with Major Groom Concierge. We manage your property from A to Z: welcoming guests, maintenance, revenue maximization, and 24\/7 support. Ideal for local or Swiss border owners, enjoy a tailor-made service for your seasonal rental.<br \/>\nTailor-made support for owners wishing to maximize their profitability<br \/>\nAn unforgettable experience for travelers looking for a quality stay<br \/>\nFree yourself from constraints and entrust your property to us with complete peace of mind.<\/p>","protected":false},"excerpt":{"rendered":"<p>Conciergerie Premium \u00e0 Belfort &amp; Montb\u00e9liard : Simplifiez et Optimisez la Location de Votre R\u00e9sidence Secondaire Gagnez en tranquillit\u00e9 et rentabilit\u00e9 avec Major Groom Conciergerie. Nous g\u00e9rons votre bien de A \u00e0 Z : accueil des voyageurs, entretien, maximisation des revenus et assistance 7j\/7. Id\u00e9ale pour les propri\u00e9taires locaux ou frontaliers suisses, profitez d&#8217;un service sur-mesure pour votre location saisonni\u00e8re. Un accompagnement sur-mesure\u00a0pour les propri\u00e9taires souhaitant maximiser leur rentabilit\u00e9 Une exp\u00e9rience inoubliable\u00a0pour les voyageurs \u00e0 la recherche d\u2019un s\u00e9jour de qualit\u00e9 Lib\u00e9rez-vous des contraintes et confiez-nous votre bien en toute s\u00e9r\u00e9nit\u00e9.<\/p>","protected":false},"featured_media":0,"comment_status":"open","ping_status":"closed","template":"","meta":{"inline_featured_image":false,"slim_seo":{"title":"Major Groom Conciergerie - Mon annuaire conciergerie","description":"Conciergerie Premium \u00e0 Belfort &amp; Montb\u00e9liard : Simplifiez et Optimisez la Location de Votre R\u00e9sidence Secondaire Gagnez en tranquillit\u00e9 et rentabilit\u00e9 avec"}},"product_brand":[],"product_cat":[21],"product_tag":[],"class_list":{"0":"post-4227","1":"product","2":"type-product","3":"status-publish","5":"product_cat-listeo-booking","7":"first","8":"instock","9":"downloadable","10":"virtual","11":"sold-individually","12":"purchasable","13":"product-type-listing_booking"},"jetpack_sharing_enabled":true,"_links":{"self":[{"href":"https:\/\/monannuaire-conciergerie.fr\/en\/wp-json\/wp\/v2\/product\/4227","targetHints":{"allow":["GET"]}}],"collection":[{"href":"https:\/\/monannuaire-conciergerie.fr\/en\/wp-json\/wp\/v2\/product"}],"about":[{"href":"https:\/\/monannuaire-conciergerie.fr\/en\/wp-json\/wp\/v2\/types\/product"}],"replies":[{"embeddable":true,"href":"https:\/\/monannuaire-conciergerie.fr\/en\/wp-json\/wp\/v2\/comments?post=4227"}],"version-history":[{"count":1,"href":"https:\/\/monannuaire-conciergerie.fr\/en\/wp-json\/wp\/v2\/product\/4227\/revisions"}],"predecessor-version":[{"id":4236,"href":"https:\/\/monannuaire-conciergerie.fr\/en\/wp-json\/wp\/v2\/product\/4227\/revisions\/4236"}],"wp:attachment":[{"href":"https:\/\/monannuaire-conciergerie.fr\/en\/wp-json\/wp\/v2\/media?parent=4227"}],"wp:term":[{"taxonomy":"product_brand","embeddable":true,"href":"https:\/\/monannuaire-conciergerie.fr\/en\/wp-json\/wp\/v2\/product_brand?post=4227"},{"taxonomy":"product_cat","embeddable":true,"href":"https:\/\/monannuaire-conciergerie.fr\/en\/wp-json\/wp\/v2\/product_cat?post=4227"},{"taxonomy":"product_tag","embeddable":true,"href":"https:\/\/monannuaire-conciergerie.fr\/en\/wp-json\/wp\/v2\/product_tag?post=4227"}],"curies":[{"name":"wp","href":"https:\/\/api.w.org\/{rel}","templated":true}]}}