{"id":4237,"date":"2025-04-08T09:23:46","date_gmt":"2025-04-08T07:23:46","guid":{"rendered":"https:\/\/monannuaire-conciergerie.fr\/product\/sud-quality-homes\/"},"modified":"2025-08-22T22:31:22","modified_gmt":"2025-08-22T20:31:22","slug":"sud-quality-homes","status":"publish","type":"product","link":"https:\/\/monannuaire-conciergerie.fr\/en\/product\/sud-quality-homes\/","title":{"rendered":"SQH"},"content":{"rendered":"<p>Situ\u00e9e au c\u0153ur du Sud de la France, Sud Quality Homes prend soin de vos appartements et propri\u00e9t\u00e9s sur le littoral\u00a0et les terres Audoises, sur le territoire\u00a0des Pyr\u00e9n\u00e9es-Orientales, entre mer et\u00a0montagnes catalanes, ainsi qu\u2019en Catalogne sur la Costa Brava (Empuriabrava, Roses).<\/p>\n<p>Our high-end concierge service combines discretion, professionalism, and high standards to provide personalized care for your second home.<\/p>\n<p>Enhance the value of your property with complete peace of mind thanks to exceptional services.<br \/>\nLearn more about Sud Quality Homes<\/p>","protected":false},"excerpt":{"rendered":"<p>Situ\u00e9e au c\u0153ur du Sud de la France, Sud Quality Homes prend soin de vos appartements et propri\u00e9t\u00e9s sur le littoral\u00a0et les terres Audoises, sur le territoire\u00a0des Pyr\u00e9n\u00e9es-Orientales, entre mer et\u00a0montagnes catalanes, ainsi qu\u2019en Catalogne sur la Costa Brava (Empuriabrava, Roses). Notre conciergerie haut de gamme allie discr\u00e9tion, professionnalisme et exigence pour une prise en charge sur-mesure de votre r\u00e9sidence secondaire. Valorisez votre bien en toute s\u00e9r\u00e9nit\u00e9 gr\u00e2ce \u00e0 des services d\u2019exception. En savoir plus sur Sud Quality Homes<\/p>","protected":false},"featured_media":0,"comment_status":"open","ping_status":"closed","template":"","meta":{"inline_featured_image":false,"slim_seo":{"title":"SQH - Mon annuaire conciergerie","description":"Situ\u00e9e au c\u0153ur du Sud de la France, Sud Quality Homes prend soin de vos appartements et propri\u00e9t\u00e9s sur le littoral\u00a0et les terres Audoises, sur le territoire\u00a0des"}},"product_brand":[],"product_cat":[372],"product_tag":[],"class_list":{"0":"post-4237","1":"product","2":"type-product","3":"status-publish","5":"product_cat-listeo-booking-2","7":"first","8":"instock","9":"downloadable","10":"virtual","11":"sold-individually","12":"purchasable","13":"product-type-listing_booking"},"jetpack_sharing_enabled":true,"_links":{"self":[{"href":"https:\/\/monannuaire-conciergerie.fr\/en\/wp-json\/wp\/v2\/product\/4237","targetHints":{"allow":["GET"]}}],"collection":[{"href":"https:\/\/monannuaire-conciergerie.fr\/en\/wp-json\/wp\/v2\/product"}],"about":[{"href":"https:\/\/monannuaire-conciergerie.fr\/en\/wp-json\/wp\/v2\/types\/product"}],"replies":[{"embeddable":true,"href":"https:\/\/monannuaire-conciergerie.fr\/en\/wp-json\/wp\/v2\/comments?post=4237"}],"version-history":[{"count":2,"href":"https:\/\/monannuaire-conciergerie.fr\/en\/wp-json\/wp\/v2\/product\/4237\/revisions"}],"predecessor-version":[{"id":5725,"href":"https:\/\/monannuaire-conciergerie.fr\/en\/wp-json\/wp\/v2\/product\/4237\/revisions\/5725"}],"wp:attachment":[{"href":"https:\/\/monannuaire-conciergerie.fr\/en\/wp-json\/wp\/v2\/media?parent=4237"}],"wp:term":[{"taxonomy":"product_brand","embeddable":true,"href":"https:\/\/monannuaire-conciergerie.fr\/en\/wp-json\/wp\/v2\/product_brand?post=4237"},{"taxonomy":"product_cat","embeddable":true,"href":"https:\/\/monannuaire-conciergerie.fr\/en\/wp-json\/wp\/v2\/product_cat?post=4237"},{"taxonomy":"product_tag","embeddable":true,"href":"https:\/\/monannuaire-conciergerie.fr\/en\/wp-json\/wp\/v2\/product_tag?post=4237"}],"curies":[{"name":"wp","href":"https:\/\/api.w.org\/{rel}","templated":true}]}}