{"id":4257,"date":"2025-04-08T11:54:47","date_gmt":"2025-04-08T09:54:47","guid":{"rendered":"https:\/\/monannuaire-conciergerie.fr\/product\/happy-host-conciergerie\/"},"modified":"2025-04-10T17:32:20","modified_gmt":"2025-04-10T15:32:20","slug":"happy-host-conciergerie","status":"publish","type":"product","link":"https:\/\/monannuaire-conciergerie.fr\/en\/product\/happy-host-conciergerie\/","title":{"rendered":"Happy Host Concierge"},"content":{"rendered":"<p>Taking care of your property, as if it were my own<br \/>\nWith experience in entrepreneurship and personal service, I have always been committed to taking care of others and offering them the best possible experience.<br \/>\nIt is with this same philosophy that I created Happy Host Conciergerie, to support owners in renting out their property for short periods, or in preparing their second home before their arrival.<\/p>\n<p>Tailor-made support for your peace of mind<br \/>\nMy goal? To free you from all the constraints of renting, so you can fully enjoy your free time while optimizing the profitability of your accommodation.<\/p>\n<p>From showcasing the property to welcoming guests, including maintenance, coordinating stakeholders and handling unforeseen events, I take care of every detail as if it were my own.<\/p>\n<p>A local concierge service, in the heart of our region<br \/>\nA lover of the region, I&#039;m based in Sarras and operate within a radius of about an hour. My local roots allow me to offer a responsive, reliable service that&#039;s perfectly suited to your needs.<\/p>\n<p>Responsive, rigorous and attentive, I make it a point of honor to offer a tailor-made service, where trust, transparency and professionalism are the key words.<\/p>","protected":false},"excerpt":{"rendered":"<p>Prendre soin de votre bien, comme si c\u2019\u00e9tait le mien Forte d\u2019une exp\u00e9rience dans l\u2019entrepreneuriat et le service \u00e0 la personne, j\u2019ai toujours eu \u00e0 c\u0153ur de\u00a0prendre soin des autres\u00a0et de leur offrir\u00a0la meilleure exp\u00e9rience possible. C\u2019est dans cette m\u00eame philosophie que j\u2019ai cr\u00e9\u00e9\u00a0Happy Host Conciergerie,\u00a0pour accompagner les propri\u00e9taires dans\u00a0la mise en location de leur bien en courte dur\u00e9e, ou dans la\u00a0pr\u00e9paration de leur r\u00e9sidence secondaire\u00a0avant leur arriv\u00e9e. Un accompagnement sur mesure, pour votre tranquillit\u00e9 Mon objectif ?\u00a0Vous lib\u00e9rer de toutes les contraintes li\u00e9es \u00e0 la location, pour que vous puissiez\u00a0profiter pleinement de votre temps libre, tout en\u00a0optimisant la rentabilit\u00e9 de votre h\u00e9bergement. De la\u00a0mise en valeur du bien \u00e0 l\u2019accueil des voyageurs, en passant par\u00a0l\u2019entretien, la coordination des intervenants et\u00a0la prise en charge des impr\u00e9vus, je veille \u00e0 chaque d\u00e9tail\u00a0comme si c\u2019\u00e9tait le mien. Une conciergerie de proximit\u00e9, au c\u0153ur de notre r\u00e9gion Amoureuse de la r\u00e9gion,\u00a0je suis install\u00e9e \u00e0\u00a0Sarras\u00a0et j\u2019interviens dans un rayon d\u2019environ une heure autour. Mon ancrage local me permet de proposer un service r\u00e9actif, fiable, et parfaitement adapt\u00e9 \u00e0 vos besoins. R\u00e9active, rigoureuse et \u00e0 l\u2019\u00e9coute, je mets un point d\u2019honneur \u00e0 offrir un\u00a0service sur mesure, o\u00f9\u00a0confiance, transparence et professionnalisme\u00a0sont les ma\u00eetres-mots.<\/p>","protected":false},"featured_media":0,"comment_status":"open","ping_status":"closed","template":"","meta":{"inline_featured_image":false,"slim_seo":{"title":"Happy Host Conciergerie - Mon annuaire conciergerie","description":"Prendre soin de votre bien, comme si c\u2019\u00e9tait le mien Forte d\u2019une exp\u00e9rience dans l\u2019entrepreneuriat et le service \u00e0 la personne, j\u2019ai toujours eu \u00e0 c\u0153ur de\u00a0prend"}},"product_brand":[],"product_cat":[21],"product_tag":[],"class_list":{"0":"post-4257","1":"product","2":"type-product","3":"status-publish","5":"product_cat-listeo-booking","7":"first","8":"instock","9":"downloadable","10":"virtual","11":"sold-individually","12":"purchasable","13":"product-type-listing_booking"},"jetpack_sharing_enabled":true,"_links":{"self":[{"href":"https:\/\/monannuaire-conciergerie.fr\/en\/wp-json\/wp\/v2\/product\/4257","targetHints":{"allow":["GET"]}}],"collection":[{"href":"https:\/\/monannuaire-conciergerie.fr\/en\/wp-json\/wp\/v2\/product"}],"about":[{"href":"https:\/\/monannuaire-conciergerie.fr\/en\/wp-json\/wp\/v2\/types\/product"}],"replies":[{"embeddable":true,"href":"https:\/\/monannuaire-conciergerie.fr\/en\/wp-json\/wp\/v2\/comments?post=4257"}],"version-history":[{"count":1,"href":"https:\/\/monannuaire-conciergerie.fr\/en\/wp-json\/wp\/v2\/product\/4257\/revisions"}],"predecessor-version":[{"id":4260,"href":"https:\/\/monannuaire-conciergerie.fr\/en\/wp-json\/wp\/v2\/product\/4257\/revisions\/4260"}],"wp:attachment":[{"href":"https:\/\/monannuaire-conciergerie.fr\/en\/wp-json\/wp\/v2\/media?parent=4257"}],"wp:term":[{"taxonomy":"product_brand","embeddable":true,"href":"https:\/\/monannuaire-conciergerie.fr\/en\/wp-json\/wp\/v2\/product_brand?post=4257"},{"taxonomy":"product_cat","embeddable":true,"href":"https:\/\/monannuaire-conciergerie.fr\/en\/wp-json\/wp\/v2\/product_cat?post=4257"},{"taxonomy":"product_tag","embeddable":true,"href":"https:\/\/monannuaire-conciergerie.fr\/en\/wp-json\/wp\/v2\/product_tag?post=4257"}],"curies":[{"name":"wp","href":"https:\/\/api.w.org\/{rel}","templated":true}]}}