{"id":4285,"date":"2025-04-10T11:04:40","date_gmt":"2025-04-10T09:04:40","guid":{"rendered":"https:\/\/monannuaire-conciergerie.fr\/product\/alpazur-conciergerie\/"},"modified":"2025-09-10T11:22:16","modified_gmt":"2025-09-10T09:22:16","slug":"alpazur-conciergerie","status":"publish","type":"product","link":"https:\/\/monannuaire-conciergerie.fr\/en\/product\/alpazur-conciergerie\/","title":{"rendered":"AlpAzur Concierge"},"content":{"rendered":"<h2 style=\"text-align: center\">Welcome to ALPAZUR Conciergerie!<br \/>\nAre you a property owner and want to get started with short-term rentals, but are you held back by a lack of time or the fear of managing everything on your own?<\/h2>\n<h3 style=\"text-align: center\">No worries, we are here to guide you and make your life easier!<\/h3>\n<h3 style=\"text-align: center\">Entrust us with all the tasks related to the maintenance of your property and benefit from a professional, personalized and worry-free service.<\/h3>\n<h3 style=\"text-align: center\">Rent with complete peace of mind: ALPAZUR Conciergerie takes care of everything.<\/h3>\n<h3 style=\"text-align: center\">We support you at every stage of your project, to offer you a pleasant and hassle-free experience.<\/h3>\n<p>\u00a0<\/p>\n<h2>https:\/\/www.alpazurconciergerie.fr\/<\/h2>","protected":false},"excerpt":{"rendered":"<p>Bienvenue chez ALPAZUR Conciergerie ! Vous \u00eates propri\u00e9taire d\u2019un bien et avez envie de vous lancer dans la location courte dur\u00e9e, mais le manque de temps ou l\u2019appr\u00e9hension de tout piloter seul vous freine ? Pas de souci, nous sommes l\u00e0 pour vous guider et vous simplifier la vie ! Confiez-nous toutes les t\u00e2ches li\u00e9es \u00e0 la tenue de votre bien et b\u00e9n\u00e9ficiez d\u2019un service professionnel, personnalis\u00e9 et sans souci. Louez en toute s\u00e9r\u00e9nit\u00e9 :\u00a0ALPAZUR Conciergerie\u00a0s\u2019occupe de tout. Nous vous accompagnons \u00e0 chaque \u00e9tape de votre projet, pour vous offrir une exp\u00e9rience agr\u00e9able et sans tracas. \u00a0 https:\/\/www.alpazurconciergerie.fr\/<\/p>","protected":false},"featured_media":0,"comment_status":"open","ping_status":"closed","template":"","meta":{"inline_featured_image":false,"slim_seo":{"title":"AlpAzur Conciergerie - Mon annuaire conciergerie","description":"Bienvenue chez ALPAZUR Conciergerie ! Vous \u00eates propri\u00e9taire d\u2019un bien et avez envie de vous lancer dans la location courte dur\u00e9e, mais le manque de temps ou l\u2019"}},"product_brand":[],"product_cat":[372],"product_tag":[],"class_list":{"0":"post-4285","1":"product","2":"type-product","3":"status-publish","5":"product_cat-listeo-booking-2","7":"first","8":"instock","9":"downloadable","10":"virtual","11":"sold-individually","12":"purchasable","13":"product-type-listing_booking"},"jetpack_sharing_enabled":true,"_links":{"self":[{"href":"https:\/\/monannuaire-conciergerie.fr\/en\/wp-json\/wp\/v2\/product\/4285","targetHints":{"allow":["GET"]}}],"collection":[{"href":"https:\/\/monannuaire-conciergerie.fr\/en\/wp-json\/wp\/v2\/product"}],"about":[{"href":"https:\/\/monannuaire-conciergerie.fr\/en\/wp-json\/wp\/v2\/types\/product"}],"replies":[{"embeddable":true,"href":"https:\/\/monannuaire-conciergerie.fr\/en\/wp-json\/wp\/v2\/comments?post=4285"}],"version-history":[{"count":1,"href":"https:\/\/monannuaire-conciergerie.fr\/en\/wp-json\/wp\/v2\/product\/4285\/revisions"}],"predecessor-version":[{"id":4311,"href":"https:\/\/monannuaire-conciergerie.fr\/en\/wp-json\/wp\/v2\/product\/4285\/revisions\/4311"}],"wp:attachment":[{"href":"https:\/\/monannuaire-conciergerie.fr\/en\/wp-json\/wp\/v2\/media?parent=4285"}],"wp:term":[{"taxonomy":"product_brand","embeddable":true,"href":"https:\/\/monannuaire-conciergerie.fr\/en\/wp-json\/wp\/v2\/product_brand?post=4285"},{"taxonomy":"product_cat","embeddable":true,"href":"https:\/\/monannuaire-conciergerie.fr\/en\/wp-json\/wp\/v2\/product_cat?post=4285"},{"taxonomy":"product_tag","embeddable":true,"href":"https:\/\/monannuaire-conciergerie.fr\/en\/wp-json\/wp\/v2\/product_tag?post=4285"}],"curies":[{"name":"wp","href":"https:\/\/api.w.org\/{rel}","templated":true}]}}