{"id":4294,"date":"2025-04-10T14:40:23","date_gmt":"2025-04-10T12:40:23","guid":{"rendered":"https:\/\/monannuaire-conciergerie.fr\/product\/melchiconciergerie\/"},"modified":"2025-04-10T17:31:41","modified_gmt":"2025-04-10T15:31:41","slug":"melchiconciergerie","status":"publish","type":"product","link":"https:\/\/monannuaire-conciergerie.fr\/en\/product\/melchiconciergerie\/","title":{"rendered":"MELCHICONCIERGERIE"},"content":{"rendered":"<p>Good morning,<\/p>\n<p>Melchi Concierge is a short-term rental concierge service in the Lyon region.<\/p>\n<p>Nous prenons en charge la gestion de votre bien immobilier afin de vous offrir une tranquillit\u00e9 d\u2019esprit.<\/p>\n<p>Our goal is to create a relationship of trust with you.<\/p>\n<p>We strive to maximize your revenue by ensuring an exceptional stay for your guests through personalized and professional service.<\/p>\n<p>To discover all our services and learn more, visit our website: https:\/\/www.melchiconciergerie.com<\/p>\n<p>\u00a0<\/p>","protected":false},"excerpt":{"rendered":"<p>Bonjour, Melchi conciergerie est une conciergerie de la location de courte dur\u00e9e sur la r\u00e9gion Lyonnaise. Nous prenons en charge la gestion de votre bien immobilier afin de vous offrir une tranquillit\u00e9 d\u2019esprit. Notre objectif est de cr\u00e9er une relation de confiance avec vous. Nous veillons \u00e0 optimiser vos revenus en assurant un s\u00e9jour exceptionnel \u00e0 vos h\u00f4tes gr\u00e2ce \u00e0 un service personnalis\u00e9 et professionnel. Pour d\u00e9couvrir tous nos services et en savoir plus, rendez-vous sur notre site : https:\/\/www.melchiconciergerie.com \u00a0<\/p>","protected":false},"featured_media":0,"comment_status":"open","ping_status":"closed","template":"","meta":{"inline_featured_image":false,"slim_seo":{"title":"MELCHICONCIERGERIE - Mon annuaire conciergerie","description":"Bonjour, Melchi conciergerie est une conciergerie de la location de courte dur\u00e9e sur la r\u00e9gion Lyonnaise. Nous prenons en charge la gestion de votre bien immobi"}},"product_brand":[],"product_cat":[21],"product_tag":[],"class_list":{"0":"post-4294","1":"product","2":"type-product","3":"status-publish","5":"product_cat-listeo-booking","7":"first","8":"instock","9":"downloadable","10":"virtual","11":"sold-individually","12":"purchasable","13":"product-type-listing_booking"},"jetpack_sharing_enabled":true,"_links":{"self":[{"href":"https:\/\/monannuaire-conciergerie.fr\/en\/wp-json\/wp\/v2\/product\/4294","targetHints":{"allow":["GET"]}}],"collection":[{"href":"https:\/\/monannuaire-conciergerie.fr\/en\/wp-json\/wp\/v2\/product"}],"about":[{"href":"https:\/\/monannuaire-conciergerie.fr\/en\/wp-json\/wp\/v2\/types\/product"}],"replies":[{"embeddable":true,"href":"https:\/\/monannuaire-conciergerie.fr\/en\/wp-json\/wp\/v2\/comments?post=4294"}],"version-history":[{"count":1,"href":"https:\/\/monannuaire-conciergerie.fr\/en\/wp-json\/wp\/v2\/product\/4294\/revisions"}],"predecessor-version":[{"id":4300,"href":"https:\/\/monannuaire-conciergerie.fr\/en\/wp-json\/wp\/v2\/product\/4294\/revisions\/4300"}],"wp:attachment":[{"href":"https:\/\/monannuaire-conciergerie.fr\/en\/wp-json\/wp\/v2\/media?parent=4294"}],"wp:term":[{"taxonomy":"product_brand","embeddable":true,"href":"https:\/\/monannuaire-conciergerie.fr\/en\/wp-json\/wp\/v2\/product_brand?post=4294"},{"taxonomy":"product_cat","embeddable":true,"href":"https:\/\/monannuaire-conciergerie.fr\/en\/wp-json\/wp\/v2\/product_cat?post=4294"},{"taxonomy":"product_tag","embeddable":true,"href":"https:\/\/monannuaire-conciergerie.fr\/en\/wp-json\/wp\/v2\/product_tag?post=4294"}],"curies":[{"name":"wp","href":"https:\/\/api.w.org\/{rel}","templated":true}]}}