{"id":4317,"date":"2025-04-12T09:30:49","date_gmt":"2025-04-12T07:30:49","guid":{"rendered":"https:\/\/monannuaire-conciergerie.fr\/product\/conciergerie-by-erine\/"},"modified":"2025-06-12T09:35:03","modified_gmt":"2025-06-12T07:35:03","slug":"conciergerie-by-erine","status":"publish","type":"product","link":"https:\/\/monannuaire-conciergerie.fr\/en\/product\/conciergerie-by-erine\/","title":{"rendered":"Concierge By Erine"},"content":{"rendered":"<p>Welcome to Conciergerie By Erine<br \/>\nAt Conciergerie By Erine, we offer a concierge service specializing in short-term rental management, with the primary goal of developing and enhancing the value of your property.<\/p>\n<p>Our team stands out for its commitment to meeting your needs precisely and professionally, combining quality, responsiveness, performance and fluid communication.<\/p>\n<p>We make it a point of honor to support you in the management of your short-term rentals, maximizing their profitability and guaranteeing constant monitoring.<\/p>\n<p>Trust Conciergerie By Erine to manage and develop your real estate assets with efficiency, transparency, and professionalism.<br \/>\nLearn more<\/p>","protected":false},"excerpt":{"rendered":"<p>Bienvenue chez Conciergerie By Erine Chez Conciergerie By Erine, nous offrons un service de conciergerie sp\u00e9cialis\u00e9 dans l&#8217;intendance de la location courte dur\u00e9e, avec pour objectif principal de d\u00e9velopper et valoriser votre logement. Notre \u00e9quipe se distingue par son engagement \u00e0 r\u00e9pondre \u00e0 vos besoins de mani\u00e8re pr\u00e9cise et professionnelle, en alliant qualit\u00e9, r\u00e9activit\u00e9, performance et communication fluide. Nous mettons un point d\u2019honneur \u00e0 vous accompagner dans la gestion de vos locations de courte dur\u00e9e, en maximisant leur rentabilit\u00e9 et en garantissant un suivi constant. Faites confiance \u00e0 Conciergerie By Erine pour prendre en charge et d\u00e9velopper vos biens immobiliers avec efficacit\u00e9, transparence et professionnalisme. En savoir plus<\/p>","protected":false},"featured_media":0,"comment_status":"open","ping_status":"closed","template":"","meta":{"inline_featured_image":false,"slim_seo":{"title":"Conciergerie By Erine - Mon annuaire conciergerie","description":"Bienvenue chez Conciergerie By Erine Chez Conciergerie By Erine, nous offrons un service de conciergerie sp\u00e9cialis\u00e9 dans l'intendance de la location courte dur\u00e9"}},"product_brand":[],"product_cat":[372],"product_tag":[],"class_list":{"0":"post-4317","1":"product","2":"type-product","3":"status-publish","5":"product_cat-listeo-booking-2","7":"first","8":"instock","9":"downloadable","10":"virtual","11":"sold-individually","12":"purchasable","13":"product-type-listing_booking"},"jetpack_sharing_enabled":true,"_links":{"self":[{"href":"https:\/\/monannuaire-conciergerie.fr\/en\/wp-json\/wp\/v2\/product\/4317","targetHints":{"allow":["GET"]}}],"collection":[{"href":"https:\/\/monannuaire-conciergerie.fr\/en\/wp-json\/wp\/v2\/product"}],"about":[{"href":"https:\/\/monannuaire-conciergerie.fr\/en\/wp-json\/wp\/v2\/types\/product"}],"replies":[{"embeddable":true,"href":"https:\/\/monannuaire-conciergerie.fr\/en\/wp-json\/wp\/v2\/comments?post=4317"}],"version-history":[{"count":1,"href":"https:\/\/monannuaire-conciergerie.fr\/en\/wp-json\/wp\/v2\/product\/4317\/revisions"}],"predecessor-version":[{"id":4361,"href":"https:\/\/monannuaire-conciergerie.fr\/en\/wp-json\/wp\/v2\/product\/4317\/revisions\/4361"}],"wp:attachment":[{"href":"https:\/\/monannuaire-conciergerie.fr\/en\/wp-json\/wp\/v2\/media?parent=4317"}],"wp:term":[{"taxonomy":"product_brand","embeddable":true,"href":"https:\/\/monannuaire-conciergerie.fr\/en\/wp-json\/wp\/v2\/product_brand?post=4317"},{"taxonomy":"product_cat","embeddable":true,"href":"https:\/\/monannuaire-conciergerie.fr\/en\/wp-json\/wp\/v2\/product_cat?post=4317"},{"taxonomy":"product_tag","embeddable":true,"href":"https:\/\/monannuaire-conciergerie.fr\/en\/wp-json\/wp\/v2\/product_tag?post=4317"}],"curies":[{"name":"wp","href":"https:\/\/api.w.org\/{rel}","templated":true}]}}